{"id":10614,"date":"2021-10-07T08:32:19","date_gmt":"2021-10-07T08:32:19","guid":{"rendered":"https:\/\/panoramagroup.hr\/?page_id=10614"},"modified":"2026-03-31T09:09:52","modified_gmt":"2026-03-31T09:09:52","slug":"ing","status":"publish","type":"page","link":"https:\/\/panoramagroup.hr\/de\/ing\/","title":{"rendered":"Maschinenbau"},"content":{"rendered":"<div data-elementor-type=\"wp-page\" data-elementor-id=\"10614\" class=\"elementor elementor-10614\">\n\t\t\t\t\t\t\t\t\t<section class=\"elementor-section elementor-top-section elementor-element elementor-element-64fe655 elementor-section-boxed elementor-section-height-default elementor-section-height-default qodef-elementor-content-no\" data-id=\"64fe655\" data-element_type=\"section\">\n\t\t\t\t\t\t<div class=\"elementor-container elementor-column-gap-default\">\n\t\t\t\t\t<div class=\"elementor-column elementor-col-100 elementor-top-column elementor-element elementor-element-62cd7ae\" data-id=\"62cd7ae\" data-element_type=\"column\">\n\t\t\t<div class=\"elementor-widget-wrap elementor-element-populated\">\n\t\t\t\t\t\t\t\t<div class=\"elementor-element elementor-element-2a50d0e elementor-widget elementor-widget-text-editor\" data-id=\"2a50d0e\" data-element_type=\"widget\" data-widget_type=\"text-editor.default\">\n\t\t\t\t<div class=\"elementor-widget-container\">\n\t\t\t<style>\/*! elementor - v3.16.0 - 17-10-2023 *\/\n.elementor-widget-text-editor.elementor-drop-cap-view-stacked .elementor-drop-cap{background-color:#69727d;color:#fff}.elementor-widget-text-editor.elementor-drop-cap-view-framed .elementor-drop-cap{color:#69727d;border:3px solid;background-color:transparent}.elementor-widget-text-editor:not(.elementor-drop-cap-view-default) .elementor-drop-cap{margin-top:8px}.elementor-widget-text-editor:not(.elementor-drop-cap-view-default) .elementor-drop-cap-letter{width:1em;height:1em}.elementor-widget-text-editor .elementor-drop-cap{float:left;text-align:center;line-height:1;font-size:50px}.elementor-widget-text-editor .elementor-drop-cap-letter{display:inline-block}<\/style>\t\t\t\t<h4>Unser Team aus Ingenieuren und Beratern unterst\u00fctzt Sie in allen Phasen der Investitionsvorbereitung \u2013 von der Gel\u00e4ndeanalyse und Vorschriften bis hin zu Implementierungsprojekten und Kostensch\u00e4tzungen.<\/h4><p>Wir \u00fcbernehmen die operative Koordination aller Projektbeteiligten von der Ideenfindung bis zur Bauausf\u00fchrung.\u00a0<\/p><h5><span style=\"font-family: Marcellus;\">I. Entwurf und Planung<\/span><\/h5><ul style=\"direction: ltr; unicode-bidi: embed; margin-top: 0in; margin-bottom: 0in;\" type=\"disc\"><li style=\"margin-top: 0; margin-bottom: 0; vertical-align: middle;\">Koordination der Projektdokumentation (Konzept-, Haupt- und Detailplanung)<\/li><li style=\"margin-top: 0; margin-bottom: 0; vertical-align: middle;\">Statik und statische Berechnungen (Ausrichtung, \u00dcberwachung)<\/li><li style=\"margin-top: 0; margin-bottom: 0; vertical-align: middle;\">Infrastrukturplanung (Stra\u00dfen, Tunnel, Anlagen, Industrie)<\/li><li style=\"margin-top: 0; margin-bottom: 0; vertical-align: middle;\">Stadt-und Raumplanung (Harmonisierung)<\/li><\/ul><h5>II. Dokumentation und rechtlicher Rahmen<\/h5><ul style=\"direction: ltr; unicode-bidi: embed; margin-top: 0in; margin-bottom: 0in;\" type=\"disc\"><li style=\"margin-top: 0; margin-bottom: 0; vertical-align: middle;\">Kommunikation mit Regierungsbeh\u00f6rden (Gemeinde, Wasserwerk, Wasserwerke usw.)<\/li><li style=\"margin-top: 0; margin-bottom: 0; vertical-align: middle;\">Verbindungsprobleme l\u00f6sen (Wasser, Strom, Optik usw.).<\/li><li style=\"margin-top: 0; margin-bottom: 0; vertical-align: middle;\">Beschaffung der notwendigen Informationen (Standortinformationen, Baubedingungen, besondere Bedingungen)<\/li><\/ul><h5>III. Koordination w\u00e4hrend der Bauphase<\/h5><ul style=\"direction: ltr; unicode-bidi: embed; margin-top: 0in; margin-bottom: 0in;\" type=\"disc\"><li lang=\"en-US\" style=\"margin-top: 0; margin-bottom: 0; vertical-align: middle;\">Koordination von Investoren, Bauleitung, Planern und Auftragnehmern<\/li><li lang=\"en-US\" style=\"margin-top: 0; margin-bottom: 0; vertical-align: middle;\">\u00dcberwachung des Baufortschritts<\/li><li lang=\"en-US\" style=\"margin-top: 0; margin-bottom: 0; vertical-align: middle;\">Koordination der Dokumentation und Behebung von Unstimmigkeiten<\/li><li lang=\"en-US\" style=\"margin-top: 0; margin-bottom: 0; vertical-align: middle;\">Beratung von Investoren bei finanziellen und technischen Entscheidungen w\u00e4hrend der Bauphase<\/li><li lang=\"en-US\" style=\"margin-top: 0; margin-bottom: 0; vertical-align: middle;\">Management von Auftragnehmern und Subunternehmern (operative Koordination)<\/li><\/ul><h5>IV. Wirtschaft und Projektmanagement<\/h5><ul style=\"direction: ltr; unicode-bidi: embed; margin-top: 0in; margin-bottom: 0in;\" type=\"disc\"><li lang=\"en-US\" style=\"margin-top: 0; margin-bottom: 0; vertical-align: middle;\">Kosten- und Budgetsch\u00e4tzung<\/li><li lang=\"en-US\" style=\"margin-top: 0; margin-bottom: 0; vertical-align: middle;\">Risikomanagement (operativ)<\/li><li lang=\"en-US\" style=\"margin-top: 0; margin-bottom: 0; vertical-align: middle;\">Optimierung des Bauprozesses<\/li><li lang=\"en-US\" style=\"margin-top: 0; margin-bottom: 0; vertical-align: middle;\">Beschaffung und Vertragsabwicklung<\/li><\/ul><h4 class=\"skrollable skrollable-between\" data-start=\"591\" data-end=\"622\">Brauchen Sie Hilfe beim Aufbau?<\/h4><p class=\"skrollable skrollable-between\" data-start=\"623\" data-end=\"717\">Wir helfen privaten und gewerblichen Investoren, alle Phasen des Bauens einfacher und sicherer zu durchlaufen.<\/p><p class=\"skrollable skrollable-between\" data-start=\"719\" data-end=\"918\">Sie haben eine Frage oder ein Problem \u2013 kontaktieren Sie uns!<\/p>\t\t\t\t\t\t<\/div>\n\t\t\t\t<\/div>\n\t\t\t\t\t<\/div>\n\t\t<\/div>\n\t\t\t\t\t\t\t<\/div>\n\t\t<\/section>\n\t\t\t\t<section class=\"elementor-section elementor-top-section elementor-element elementor-element-9c24cd7 elementor-section-boxed elementor-section-height-default elementor-section-height-default qodef-elementor-content-no\" data-id=\"9c24cd7\" data-element_type=\"section\">\n\t\t\t\t\t\t<div class=\"elementor-container elementor-column-gap-default\">\n\t\t\t\t\t<div class=\"elementor-column elementor-col-100 elementor-top-column elementor-element elementor-element-3ba5687\" data-id=\"3ba5687\" data-element_type=\"column\">\n\t\t\t<div class=\"elementor-widget-wrap elementor-element-populated\">\n\t\t\t\t\t\t\t\t<div class=\"elementor-element elementor-element-1607299 elementor-widget elementor-widget-text-editor\" data-id=\"1607299\" data-element_type=\"widget\" data-widget_type=\"text-editor.default\">\n\t\t\t\t<div class=\"elementor-widget-container\">\n\t\t\t\t\t\t\t<p><div class=\"forminator-ui forminator-custom-form forminator-custom-form-13793 forminator-design--material  forminator_ajax\" data-forminator-render=\"0\" data-form=\"forminator-module-13793\" data-uid=\"69d2721ce742a\"><br\/><\/div><form\n\t\t\t\tid=\"forminator-module-13793\"\n\t\t\t\tclass=\"forminator-ui forminator-custom-form forminator-custom-form-13793 forminator-design--material  forminator_ajax\"\n\t\t\t\tmethod=\"post\"\n\t\t\t\tdata-forminator-render=\"0\"\n\t\t\t\tdata-form-id=\"13793\"\n\t\t\t\t\n\t\t\t\tdata-design=\"material\"\n\t\t\t\t\n\t\t\t\t\n\t\t\t\t\n\t\t\t\tdata-grid=\"open\"\n\t\t\t\t\n\t\t\t\t\n\t\t\t\tstyle=\"display: none;\"\n\t\t\t\t\n\t\t\t\tdata-uid=\"69d2721ce742a\" action=\"\"\n\t\t\t><div role=\"alert\" aria-live=\"polite\" class=\"forminator-response-message forminator-error\" aria-hidden=\"true\"><\/div><div class=\"forminator-row\"><div id=\"name-2\" class=\"forminator-col forminator-col-6\"><div class=\"forminator-field\"><label for=\"forminator-field-name-2_69d2721ce742a\" class=\"forminator-label\" id=\"forminator-field-name-2_69d2721ce742a-label\">Name <span class=\"forminator-required\">*<\/span><\/label><input type=\"text\" name=\"name-2\" value=\"\" placeholder=\"\" id=\"forminator-field-name-2_69d2721ce742a\" class=\"forminator-input forminator-name--field\" aria-required=\"true\" \/><\/div><\/div><div id=\"name-3\" class=\"forminator-col forminator-col-6\"><div class=\"forminator-field\"><label for=\"forminator-field-name-3_69d2721ce742a\" class=\"forminator-label\" id=\"forminator-field-name-3_69d2721ce742a-label\">Nachname <span class=\"forminator-required\">*<\/span><\/label><input type=\"text\" name=\"name-3\" value=\"\" placeholder=\"\" id=\"forminator-field-name-3_69d2721ce742a\" class=\"forminator-input forminator-name--field\" aria-required=\"true\" \/><\/div><\/div><\/div><div class=\"forminator-row\"><div id=\"email-1\" class=\"forminator-col forminator-col-12\"><div class=\"forminator-field\"><label for=\"forminator-field-email-1_69d2721ce742a\" class=\"forminator-label\" id=\"forminator-field-email-1_69d2721ce742a-label\">Email <span class=\"forminator-required\">*<\/span><\/label><input type=\"email\" name=\"email-1\" value=\"\" placeholder=\"\" id=\"forminator-field-email-1_69d2721ce742a\" class=\"forminator-input forminator-email--field\" data-required=\"1\" aria-required=\"true\" \/><\/div><\/div><\/div><div class=\"forminator-row\"><div id=\"phone-1\" class=\"forminator-col forminator-col-12\"><div class=\"forminator-field\"><label for=\"forminator-field-phone-1_69d2721ce742a\" class=\"forminator-label\" id=\"forminator-field-phone-1_69d2721ce742a-label\">Telefonnummer<\/label><input type=\"text\" name=\"phone-1\" value=\"\" placeholder=\"\" id=\"forminator-field-phone-1_69d2721ce742a\" class=\"forminator-input forminator-field--phone\" data-required=\"\" aria-required=\"false\" autocomplete=\"off\" \/><\/div><\/div><\/div><div class=\"forminator-row\"><div id=\"textarea-1\" class=\"forminator-col forminator-col-12\"><div class=\"forminator-field\"><label for=\"forminator-field-textarea-1_69d2721ce742a\" id=\"forminator-field-textarea-1_69d2721ce742a-label\" class=\"forminator-label\">Nachricht<\/label><textarea name=\"textarea-1\" placeholder=\"Nachricht\" id=\"forminator-field-textarea-1_69d2721ce742a\" class=\"forminator-textarea\" rows=\"6\" style=\"min-height:140px;\" ><\/textarea><\/div><\/div><\/div><input type=\"hidden\" name=\"referer_url\" value=\"\" \/><div class=\"forminator-row forminator-row-last\"><div class=\"forminator-col\"><div class=\"forminator-field\"><button class=\"forminator-button forminator-button-submit\"><span>Po&scaron;alji upit<\/span><span aria-hidden=\"true\"><\/span><\/button><\/div><\/div><\/div><input type=\"hidden\" id=\"forminator_nonce\" name=\"forminator_nonce\" value=\"88e3d511d2\" \/><input type=\"hidden\" name=\"_wp_http_referer\" value=\"\/de\/wp-json\/wp\/v2\/pages\/10614\" \/><input type=\"hidden\" name=\"form_id\" value=\"13793\"><input type=\"hidden\" name=\"page_id\" value=\"10614\"><input type=\"hidden\" name=\"form_type\" value=\"registration\"><input type=\"hidden\" name=\"current_url\" value=\"https:\/\/panoramagroup.hr\/de\/ing\/\"><input type=\"hidden\" name=\"render_id\" value=\"0\"><input type=\"hidden\" name=\"action\" value=\"forminator_submit_form_custom-forms\"><label for=\"input_6\" class=\"forminator-hidden\" aria-hidden=\"true\">Bitte f\u00fclle dieses Feld nicht aus. <input id=\"input_6\" type=\"text\" name=\"input_6\" value=\"\" autocomplete=\"off\"><\/label><input type=\"hidden\" name=\"trp-form-language\" value=\"de\"\/><\/form><\/p>\t\t\t\t\t\t<\/div>\n\t\t\t\t<\/div>\n\t\t\t\t\t<\/div>\n\t\t<\/div>\n\t\t\t\t\t\t\t<\/div>\n\t\t<\/section>\n\t\t\t\t<section class=\"elementor-section elementor-top-section elementor-element elementor-element-bb16efc elementor-section-boxed elementor-section-height-default elementor-section-height-default qodef-elementor-content-no\" data-id=\"bb16efc\" data-element_type=\"section\">\n\t\t\t\t\t\t<div class=\"elementor-container elementor-column-gap-default\">\n\t\t\t\t\t<div class=\"elementor-column elementor-col-100 elementor-top-column elementor-element elementor-element-de49f9e\" data-id=\"de49f9e\" data-element_type=\"column\">\n\t\t\t<div class=\"elementor-widget-wrap elementor-element-populated\">\n\t\t\t\t\t\t\t\t<div class=\"elementor-element elementor-element-6f76958 elementor-widget-divider--view-line elementor-widget elementor-widget-divider\" data-id=\"6f76958\" data-element_type=\"widget\" data-widget_type=\"divider.default\">\n\t\t\t\t<div class=\"elementor-widget-container\">\n\t\t\t<style>\/*! elementor - v3.16.0 - 17-10-2023 *\/\n.elementor-widget-divider{--divider-border-style:none;--divider-border-width:1px;--divider-color:#0c0d0e;--divider-icon-size:20px;--divider-element-spacing:10px;--divider-pattern-height:24px;--divider-pattern-size:20px;--divider-pattern-url:none;--divider-pattern-repeat:repeat-x}.elementor-widget-divider .elementor-divider{display:flex}.elementor-widget-divider .elementor-divider__text{font-size:15px;line-height:1;max-width:95%}.elementor-widget-divider .elementor-divider__element{margin:0 var(--divider-element-spacing);flex-shrink:0}.elementor-widget-divider .elementor-icon{font-size:var(--divider-icon-size)}.elementor-widget-divider .elementor-divider-separator{display:flex;margin:0;direction:ltr}.elementor-widget-divider--view-line_icon .elementor-divider-separator,.elementor-widget-divider--view-line_text .elementor-divider-separator{align-items:center}.elementor-widget-divider--view-line_icon .elementor-divider-separator:after,.elementor-widget-divider--view-line_icon .elementor-divider-separator:before,.elementor-widget-divider--view-line_text .elementor-divider-separator:after,.elementor-widget-divider--view-line_text .elementor-divider-separator:before{display:block;content:\"\";border-bottom:0;flex-grow:1;border-top:var(--divider-border-width) var(--divider-border-style) var(--divider-color)}.elementor-widget-divider--element-align-left .elementor-divider .elementor-divider-separator>.elementor-divider__svg:first-of-type{flex-grow:0;flex-shrink:100}.elementor-widget-divider--element-align-left .elementor-divider-separator:before{content:none}.elementor-widget-divider--element-align-left .elementor-divider__element{margin-left:0}.elementor-widget-divider--element-align-right .elementor-divider .elementor-divider-separator>.elementor-divider__svg:last-of-type{flex-grow:0;flex-shrink:100}.elementor-widget-divider--element-align-right .elementor-divider-separator:after{content:none}.elementor-widget-divider--element-align-right .elementor-divider__element{margin-right:0}.elementor-widget-divider:not(.elementor-widget-divider--view-line_text):not(.elementor-widget-divider--view-line_icon) .elementor-divider-separator{border-top:var(--divider-border-width) var(--divider-border-style) var(--divider-color)}.elementor-widget-divider--separator-type-pattern{--divider-border-style:none}.elementor-widget-divider--separator-type-pattern.elementor-widget-divider--view-line .elementor-divider-separator,.elementor-widget-divider--separator-type-pattern:not(.elementor-widget-divider--view-line) .elementor-divider-separator:after,.elementor-widget-divider--separator-type-pattern:not(.elementor-widget-divider--view-line) .elementor-divider-separator:before,.elementor-widget-divider--separator-type-pattern:not([class*=elementor-widget-divider--view]) .elementor-divider-separator{width:100%;min-height:var(--divider-pattern-height);-webkit-mask-size:var(--divider-pattern-size) 100%;mask-size:var(--divider-pattern-size) 100%;-webkit-mask-repeat:var(--divider-pattern-repeat);mask-repeat:var(--divider-pattern-repeat);background-color:var(--divider-color);-webkit-mask-image:var(--divider-pattern-url);mask-image:var(--divider-pattern-url)}.elementor-widget-divider--no-spacing{--divider-pattern-size:auto}.elementor-widget-divider--bg-round{--divider-pattern-repeat:round}.rtl .elementor-widget-divider .elementor-divider__text{direction:rtl}.e-con-inner>.elementor-widget-divider,.e-con>.elementor-widget-divider{width:var(--container-widget-width,100%);--flex-grow:var(--container-widget-flex-grow)}<\/style>\t\t<div class=\"elementor-divider\">\n\t\t\t<span class=\"elementor-divider-separator\">\n\t\t\t\t\t\t<\/span>\n\t\t<\/div>\n\t\t\t\t<\/div>\n\t\t\t\t<\/div>\n\t\t\t\t\t<\/div>\n\t\t<\/div>\n\t\t\t\t\t\t\t<\/div>\n\t\t<\/section>\n\t\t\t\t<section class=\"elementor-section elementor-top-section elementor-element elementor-element-a535550 elementor-section-boxed elementor-section-height-default elementor-section-height-default qodef-elementor-content-no\" data-id=\"a535550\" data-element_type=\"section\">\n\t\t\t\t\t\t<div class=\"elementor-container elementor-column-gap-default\">\n\t\t\t\t\t<div class=\"elementor-column elementor-col-50 elementor-top-column elementor-element elementor-element-676f160\" data-id=\"676f160\" data-element_type=\"column\">\n\t\t\t<div class=\"elementor-widget-wrap elementor-element-populated\">\n\t\t\t\t\t\t\t\t<div class=\"elementor-element elementor-element-608786b elementor-widget elementor-widget-halstein_core_banner\" data-id=\"608786b\" data-element_type=\"widget\" data-widget_type=\"halstein_core_banner.default\">\n\t\t\t\t<div class=\"elementor-widget-container\">\n\t\t\t<div class=\"qodef-shortcode qodef-m  qodef-banner qodef-layout--link-button-left  qodef-image-responsive-position--center\">\n\t<div class=\"qodef-m-image\">\n\t<img loading=\"lazy\" decoding=\"async\" width=\"2500\" height=\"1667\" src=\"https:\/\/panoramagroup.hr\/wp-content\/uploads\/2024\/02\/IMG_8774.jpg\" class=\"attachment-full size-full\" alt=\"\" srcset=\"https:\/\/panoramagroup.hr\/wp-content\/uploads\/2024\/02\/IMG_8774.jpg 2500w, https:\/\/panoramagroup.hr\/wp-content\/uploads\/2024\/02\/IMG_8774-300x200.jpg 300w, https:\/\/panoramagroup.hr\/wp-content\/uploads\/2024\/02\/IMG_8774-1024x683.jpg 1024w, https:\/\/panoramagroup.hr\/wp-content\/uploads\/2024\/02\/IMG_8774-768x512.jpg 768w, https:\/\/panoramagroup.hr\/wp-content\/uploads\/2024\/02\/IMG_8774-1536x1024.jpg 1536w, https:\/\/panoramagroup.hr\/wp-content\/uploads\/2024\/02\/IMG_8774-2048x1366.jpg 2048w, https:\/\/panoramagroup.hr\/wp-content\/uploads\/2024\/02\/IMG_8774-18x12.jpg 18w\" sizes=\"auto, (max-width: 2500px) 100vw, 2500px\" \/><\/div>\n\t<div class=\"qodef-m-content\">\n\t\t<div class=\"qodef-m-content-inner\" >\n\t\t\t\t\t\t\t<h3 class=\"qodef-m-title\" style=\"color: #FFFFFF\">\n\t\tfertige Projekte\t<\/h3>\n\t\t\t\t\t\t\t<div class=\"qodef-m-button\">\n\t\t<a class=\"qodef-shortcode qodef-m  qodef-button qodef-layout--textual  qodef-html--link\" href=\"https:\/\/panoramagroup.hr\/de\/zavrseni-projekti\/\" target=\"_self\"  style=\"color: #FFFFFF\">\t<span class=\"qodef-m-text\">Pogledaj<\/span>\t<span class=\"qodef-m-icon\"><svg class=\"qodef-svg--button-arrow\" xmlns=\"http:\/\/www.w3.org\/2000\/svg\"     xmlns:xlink=\"http:\/\/www.w3.org\/1999\/xlink\" x=\"0px\" y=\"0px\" width=\"17\"     viewbox=\"0 0 17 20\" style=\"enable-background:new 0 0 17 20;\" xml:space=\"preserve\"><polyline class=\"qodef-m-arrow\" points=\"7.1,3.9 13,9.8 7.1,15.9 \"\/><rect class=\"qodef-m-line\"  width=\"1\" height=\"20\"\/><\/svg><\/span><\/a>\t<\/div>\n\t\t<\/div>\n\t<\/div>\n<\/div>\n\t\t<\/div>\n\t\t\t\t<\/div>\n\t\t\t\t\t<\/div>\n\t\t<\/div>\n\t\t\t\t<div class=\"elementor-column elementor-col-50 elementor-top-column elementor-element elementor-element-a705f89\" data-id=\"a705f89\" data-element_type=\"column\">\n\t\t\t<div class=\"elementor-widget-wrap elementor-element-populated\">\n\t\t\t\t\t\t\t\t<div class=\"elementor-element elementor-element-2358c1c elementor-widget elementor-widget-halstein_core_banner\" data-id=\"2358c1c\" data-element_type=\"widget\" data-widget_type=\"halstein_core_banner.default\">\n\t\t\t\t<div class=\"elementor-widget-container\">\n\t\t\t<div class=\"qodef-shortcode qodef-m  qodef-banner qodef-layout--link-button-left  qodef-image-responsive-position--center\">\n\t<div class=\"qodef-m-image\">\n\t<img loading=\"lazy\" decoding=\"async\" width=\"1545\" height=\"1034\" src=\"https:\/\/panoramagroup.hr\/wp-content\/uploads\/2026\/03\/11-e1774947780243.jpg\" class=\"attachment-full size-full\" alt=\"\" srcset=\"https:\/\/panoramagroup.hr\/wp-content\/uploads\/2026\/03\/11-e1774947780243.jpg 1545w, https:\/\/panoramagroup.hr\/wp-content\/uploads\/2026\/03\/11-e1774947780243-300x201.jpg 300w, https:\/\/panoramagroup.hr\/wp-content\/uploads\/2026\/03\/11-e1774947780243-1024x685.jpg 1024w, https:\/\/panoramagroup.hr\/wp-content\/uploads\/2026\/03\/11-e1774947780243-768x514.jpg 768w, https:\/\/panoramagroup.hr\/wp-content\/uploads\/2026\/03\/11-e1774947780243-1536x1028.jpg 1536w, https:\/\/panoramagroup.hr\/wp-content\/uploads\/2026\/03\/11-e1774947780243-18x12.jpg 18w\" sizes=\"auto, (max-width: 1545px) 100vw, 1545px\" \/><\/div>\n\t<div class=\"qodef-m-content\">\n\t\t<div class=\"qodef-m-content-inner\" >\n\t\t\t\t\t\t\t<h3 class=\"qodef-m-title\" style=\"color: #FFFFFF\">\n\t\tProjekte im Bau\t<\/h3>\n\t\t\t\t\t\t\t<div class=\"qodef-m-button\">\n\t\t<a class=\"qodef-shortcode qodef-m  qodef-button qodef-layout--textual  qodef-html--link\" href=\"https:\/\/panoramagroup.hr\/de\/projekti-u-gradnji\/\" target=\"_self\"  style=\"color: #FFFFFF\">\t<span class=\"qodef-m-text\">Pogledaj<\/span>\t<span class=\"qodef-m-icon\"><svg class=\"qodef-svg--button-arrow\" xmlns=\"http:\/\/www.w3.org\/2000\/svg\"     xmlns:xlink=\"http:\/\/www.w3.org\/1999\/xlink\" x=\"0px\" y=\"0px\" width=\"17\"     viewbox=\"0 0 17 20\" style=\"enable-background:new 0 0 17 20;\" xml:space=\"preserve\"><polyline class=\"qodef-m-arrow\" points=\"7.1,3.9 13,9.8 7.1,15.9 \"\/><rect class=\"qodef-m-line\"  width=\"1\" height=\"20\"\/><\/svg><\/span><\/a>\t<\/div>\n\t\t<\/div>\n\t<\/div>\n<\/div>\n\t\t<\/div>\n\t\t\t\t<\/div>\n\t\t\t\t\t<\/div>\n\t\t<\/div>\n\t\t\t\t\t\t\t<\/div>\n\t\t<\/section>\n\t\t\t\t<section class=\"elementor-section elementor-top-section elementor-element elementor-element-3942512 elementor-section-boxed elementor-section-height-default elementor-section-height-default qodef-elementor-content-no\" data-id=\"3942512\" data-element_type=\"section\">\n\t\t\t\t\t\t<div class=\"elementor-container elementor-column-gap-default\">\n\t\t\t\t\t<div class=\"elementor-column elementor-col-100 elementor-top-column elementor-element elementor-element-d981737\" data-id=\"d981737\" data-element_type=\"column\">\n\t\t\t<div class=\"elementor-widget-wrap elementor-element-populated\">\n\t\t\t\t\t\t\t\t<div class=\"elementor-element elementor-element-50e4ed7 elementor-widget elementor-widget-spacer\" data-id=\"50e4ed7\" data-element_type=\"widget\" data-widget_type=\"spacer.default\">\n\t\t\t\t<div class=\"elementor-widget-container\">\n\t\t\t<style>\/*! elementor - v3.16.0 - 17-10-2023 *\/\n.elementor-column .elementor-spacer-inner{height:var(--spacer-size)}.e-con{--container-widget-width:100%}.e-con-inner>.elementor-widget-spacer,.e-con>.elementor-widget-spacer{width:var(--container-widget-width,var(--spacer-size));--align-self:var(--container-widget-align-self,initial);--flex-shrink:0}.e-con-inner>.elementor-widget-spacer>.elementor-widget-container,.e-con>.elementor-widget-spacer>.elementor-widget-container{height:100%;width:100%}.e-con-inner>.elementor-widget-spacer>.elementor-widget-container>.elementor-spacer,.e-con>.elementor-widget-spacer>.elementor-widget-container>.elementor-spacer{height:100%}.e-con-inner>.elementor-widget-spacer>.elementor-widget-container>.elementor-spacer>.elementor-spacer-inner,.e-con>.elementor-widget-spacer>.elementor-widget-container>.elementor-spacer>.elementor-spacer-inner{height:var(--container-widget-height,var(--spacer-size))}.e-con-inner>.elementor-widget-spacer.elementor-widget-empty,.e-con>.elementor-widget-spacer.elementor-widget-empty{position:relative;min-height:22px;min-width:22px}.e-con-inner>.elementor-widget-spacer.elementor-widget-empty .elementor-widget-empty-icon,.e-con>.elementor-widget-spacer.elementor-widget-empty .elementor-widget-empty-icon{position:absolute;top:0;bottom:0;left:0;right:0;margin:auto;padding:0;width:22px;height:22px}<\/style>\t\t<div class=\"elementor-spacer\">\n\t\t\t<div class=\"elementor-spacer-inner\"><\/div>\n\t\t<\/div>\n\t\t\t\t<\/div>\n\t\t\t\t<\/div>\n\t\t\t\t\t<\/div>\n\t\t<\/div>\n\t\t\t\t\t\t\t<\/div>\n\t\t<\/section>\n\t\t\t\t\t\t\t<\/div>","protected":false},"excerpt":{"rendered":"<p>Na\u0161 tim in\u017eenjera i savjetnika poma\u017ee vam u svim fazama pripreme investicije \u2013 od analize terena i regulative do izvedbenih projekata i tro\u0161kovnika. Preuzimamo operativnu koordinaciju svih sudionika projekta od ideje do izgradnje.\u00a0 I. Projektiranje i planiranje Koordinacija izrade projektne dokumentacije (idejni, glavni, izvedbeni projekt) Statika i konstrukcijski prora\u010duni (uskladba, pra\u0107enje) Planiranje infrastrukture (ceste, tuneli, [&hellip;]<\/p>","protected":false},"author":1,"featured_media":0,"parent":0,"menu_order":0,"comment_status":"closed","ping_status":"closed","template":"page-full-width.php","meta":{"content-type":"","om_disable_all_campaigns":false,"_monsterinsights_skip_tracking":false,"_monsterinsights_sitenote_active":false,"_monsterinsights_sitenote_note":"","_monsterinsights_sitenote_category":0,"_uf_show_specific_survey":0,"_uf_disable_surveys":false,"footnotes":""},"class_list":["post-10614","page","type-page","status-publish","hentry"],"aioseo_notices":[],"_links":{"self":[{"href":"https:\/\/panoramagroup.hr\/de\/wp-json\/wp\/v2\/pages\/10614","targetHints":{"allow":["GET"]}}],"collection":[{"href":"https:\/\/panoramagroup.hr\/de\/wp-json\/wp\/v2\/pages"}],"about":[{"href":"https:\/\/panoramagroup.hr\/de\/wp-json\/wp\/v2\/types\/page"}],"author":[{"embeddable":true,"href":"https:\/\/panoramagroup.hr\/de\/wp-json\/wp\/v2\/users\/1"}],"replies":[{"embeddable":true,"href":"https:\/\/panoramagroup.hr\/de\/wp-json\/wp\/v2\/comments?post=10614"}],"version-history":[{"count":93,"href":"https:\/\/panoramagroup.hr\/de\/wp-json\/wp\/v2\/pages\/10614\/revisions"}],"predecessor-version":[{"id":14071,"href":"https:\/\/panoramagroup.hr\/de\/wp-json\/wp\/v2\/pages\/10614\/revisions\/14071"}],"wp:attachment":[{"href":"https:\/\/panoramagroup.hr\/de\/wp-json\/wp\/v2\/media?parent=10614"}],"curies":[{"name":"wp","href":"https:\/\/api.w.org\/{rel}","templated":true}]}}