{"id":10752,"date":"2021-10-07T18:42:42","date_gmt":"2021-10-07T18:42:42","guid":{"rendered":"https:\/\/panoramagroup.hr\/?page_id=10752"},"modified":"2023-05-10T19:17:48","modified_gmt":"2023-05-10T19:17:48","slug":"onama","status":"publish","type":"page","link":"https:\/\/panoramagroup.hr\/de\/onama\/","title":{"rendered":"\u00fcber uns"},"content":{"rendered":"<div data-elementor-type=\"wp-page\" data-elementor-id=\"10752\" class=\"elementor elementor-10752\">\n\t\t\t\t\t\t\t\t\t<section class=\"elementor-section elementor-top-section elementor-element elementor-element-5547ed9 elementor-section-full_width qodef-elementor-content-grid elementor-section-height-default elementor-section-height-default\" data-id=\"5547ed9\" data-element_type=\"section\">\n\t\t\t\t\t\t<div class=\"elementor-container elementor-column-gap-default\">\n\t\t\t\t\t<div class=\"elementor-column elementor-col-100 elementor-top-column elementor-element elementor-element-a719219\" data-id=\"a719219\" data-element_type=\"column\">\n\t\t\t<div class=\"elementor-widget-wrap elementor-element-populated\">\n\t\t\t\t\t\t\t\t<div class=\"elementor-element elementor-element-8b18a6f elementor-widget__width-initial elementor-widget elementor-widget-halstein_core_section_title\" data-id=\"8b18a6f\" data-element_type=\"widget\" data-widget_type=\"halstein_core_section_title.default\">\n\t\t\t\t<div class=\"elementor-widget-container\">\n\t\t\t<div class=\"qodef-shortcode qodef-m  qodef-section-title qodef-alignment--left\">\n\t\t\t<h2 class=\"qodef-m-title\" >\n\t\t\t\t\t\u00fcber uns\t\t\t<\/h2>\n\t\t\t<\/div>\n\t\t<\/div>\n\t\t\t\t<\/div>\n\t\t\t\t<div class=\"elementor-element elementor-element-8e8e084 elementor-widget elementor-widget-image\" data-id=\"8e8e084\" data-element_type=\"widget\" data-widget_type=\"image.default\">\n\t\t\t\t<div class=\"elementor-widget-container\">\n\t\t\t<style>\/*! elementor - v3.16.0 - 17-10-2023 *\/\n.elementor-widget-image{text-align:center}.elementor-widget-image a{display:inline-block}.elementor-widget-image a img[src$=\".svg\"]{width:48px}.elementor-widget-image img{vertical-align:middle;display:inline-block}<\/style>\t\t\t\t\t\t\t\t\t\t\t\t<img loading=\"lazy\" decoding=\"async\" width=\"300\" height=\"113\" src=\"https:\/\/panoramagroup.hr\/wp-content\/uploads\/2023\/05\/panorama-sketch-300x113.png\" class=\"attachment-medium size-medium wp-image-11112\" alt=\"\" srcset=\"https:\/\/panoramagroup.hr\/wp-content\/uploads\/2023\/05\/panorama-sketch-300x113.png 300w, https:\/\/panoramagroup.hr\/wp-content\/uploads\/2023\/05\/panorama-sketch-1024x386.png 1024w, https:\/\/panoramagroup.hr\/wp-content\/uploads\/2023\/05\/panorama-sketch-768x290.png 768w, https:\/\/panoramagroup.hr\/wp-content\/uploads\/2023\/05\/panorama-sketch.png 1028w\" sizes=\"auto, (max-width: 300px) 100vw, 300px\" \/>\t\t\t\t\t\t\t\t\t\t\t\t\t\t\t<\/div>\n\t\t\t\t<\/div>\n\t\t\t\t\t<\/div>\n\t\t<\/div>\n\t\t\t\t\t\t\t<\/div>\n\t\t<\/section>\n\t\t\t\t<section class=\"elementor-section elementor-top-section elementor-element elementor-element-993e7f5 elementor-section-boxed elementor-section-height-default elementor-section-height-default qodef-elementor-content-no\" data-id=\"993e7f5\" data-element_type=\"section\">\n\t\t\t\t\t\t<div class=\"elementor-container elementor-column-gap-default\">\n\t\t\t\t\t<div class=\"elementor-column elementor-col-100 elementor-top-column elementor-element elementor-element-bfe8b20\" data-id=\"bfe8b20\" data-element_type=\"column\">\n\t\t\t<div class=\"elementor-widget-wrap elementor-element-populated\">\n\t\t\t\t\t\t\t\t<div class=\"elementor-element elementor-element-6c20dc8 elementor-widget elementor-widget-text-editor\" data-id=\"6c20dc8\" data-element_type=\"widget\" data-widget_type=\"text-editor.default\">\n\t\t\t\t<div class=\"elementor-widget-container\">\n\t\t\t<style>\/*! elementor - v3.16.0 - 17-10-2023 *\/\n.elementor-widget-text-editor.elementor-drop-cap-view-stacked .elementor-drop-cap{background-color:#69727d;color:#fff}.elementor-widget-text-editor.elementor-drop-cap-view-framed .elementor-drop-cap{color:#69727d;border:3px solid;background-color:transparent}.elementor-widget-text-editor:not(.elementor-drop-cap-view-default) .elementor-drop-cap{margin-top:8px}.elementor-widget-text-editor:not(.elementor-drop-cap-view-default) .elementor-drop-cap-letter{width:1em;height:1em}.elementor-widget-text-editor .elementor-drop-cap{float:left;text-align:center;line-height:1;font-size:50px}.elementor-widget-text-editor .elementor-drop-cap-letter{display:inline-block}<\/style>\t\t\t\t<p>Bereits 2009 wurde das erste von mehreren Unternehmen unserer Gruppe mit dem Ziel er\u00f6ffnet, Immobilien auf der Insel Krk zu errichten. Bisher haben wir \u00fcber 20 Geb\u00e4ude gebaut, von freistehenden Villen bis hin zu Mehrfamilienh\u00e4usern. Das Gesch\u00e4ft wuchs, so dass innerhalb der Gruppe neue Unternehmen gegr\u00fcndet wurden, die sich auf Beratung und Engineering spezialisierten. Im Jahr 2023 wurde eine weitere er\u00f6ffnet \u2013 eine Agentur zur Vermittlung bei Immobilientransaktionen.<\/p><p>Wir hei\u00dfen Sie herzlich in unserem B\u00fcro in Omi\u0161lj willkommen und helfen Ihnen, die ideale Immobilie zu finden oder die Immobilie Ihrer Tr\u00e4ume zu bauen. Bei uns k\u00f6nnen Sie alles machen, ganz nach unserem Motto \u201e...von der Idee bis zum Einzug...\u201c und jetzt schlie\u00dfen wir den Kreis, indem wir die M\u00f6glichkeit des Verkaufs und der Vermittlung bei Immobilientransaktionen anbieten.<\/p><p>Unser professionelles und enthusiastisches Team wird Ihnen sicherlich dabei helfen, die ideale Immobilie zu finden. H\u00f6chste Servicequalit\u00e4t in allen Phasen ist garantiert, egal ob Sie mit einer Idee f\u00fcr ein neues Projekt zu uns kommen oder auf der Suche nach einer bereits fertigen Immobilie sind \u2013 wir nehmen uns Zeit, um herauszufinden, was Ihren W\u00fcnschen und Bed\u00fcrfnissen sowie den finanziellen M\u00f6glichkeiten entspricht . Unser Portfolio bietet bereits eine breite Palette hervorragend gestalteter, nach h\u00f6chsten Standards eingerichteter, moderner Immobilien, die unterschiedliche Anforderungen erf\u00fcllen, und alles vom Projekt bis zur schl\u00fcsselfertigen Fertigstellung steht unter der fachkundigen Aufsicht unseres Teams.<\/p><p>Prodajalcem nepremi\u010dnin ponujamo storitev ogla\u0161evanja ter strokovno in strokovno poskrbimo za stranke, pri posredovanju pri kupoprodaji, v zadovoljstvo vseh.<\/p>\t\t\t\t\t\t<\/div>\n\t\t\t\t<\/div>\n\t\t\t\t\t<\/div>\n\t\t<\/div>\n\t\t\t\t\t\t\t<\/div>\n\t\t<\/section>\n\t\t\t\t<section class=\"elementor-section elementor-top-section elementor-element elementor-element-1462f77 elementor-section-boxed elementor-section-height-default elementor-section-height-default qodef-elementor-content-no\" data-id=\"1462f77\" data-element_type=\"section\">\n\t\t\t\t\t\t<div class=\"elementor-container elementor-column-gap-default\">\n\t\t\t\t\t<div class=\"elementor-column elementor-col-100 elementor-top-column elementor-element elementor-element-ebdef75\" data-id=\"ebdef75\" data-element_type=\"column\">\n\t\t\t<div class=\"elementor-widget-wrap elementor-element-populated\">\n\t\t\t\t\t\t\t\t<div class=\"elementor-element elementor-element-b870ad4 elementor-widget__width-initial elementor-widget elementor-widget-halstein_core_section_title\" data-id=\"b870ad4\" data-element_type=\"widget\" data-widget_type=\"halstein_core_section_title.default\">\n\t\t\t\t<div class=\"elementor-widget-container\">\n\t\t\t<div class=\"qodef-shortcode qodef-m  qodef-section-title qodef-alignment--left\">\n\t\t\t<h2 class=\"qodef-m-title\" >\n\t\t\t\t\tKontaktieren Sie uns vertrauensvoll und... ''...einfach genie\u00dfen...'' - denn,<\/span> Sie sind zum Genie\u00dfen hier und wir tun alles f\u00fcr Sie und Ihre Traumimmobilie!\t\t\t<\/h2>\n\t\t<p class=\"qodef-m-subtitle\" style=\"margin-top: 55px\">\n\t\tMilan Abrahamsberg, CEO\t<\/p>\n\t\t<\/div>\n\t\t<\/div>\n\t\t\t\t<\/div>\n\t\t\t\t<div class=\"elementor-element elementor-element-95761d4 elementor-widget__width-auto elementor-widget elementor-widget-halstein_core_single_image\" data-id=\"95761d4\" data-element_type=\"widget\" data-widget_type=\"halstein_core_single_image.default\">\n\t\t\t\t<div class=\"elementor-widget-container\">\n\t\t\t<div class=\"qodef-shortcode qodef-m  qodef-single-image qodef-layout--default\">\n\t<div class=\"qodef-m-image\">\n\t\t\t\t<img loading=\"lazy\" decoding=\"async\" width=\"208\" height=\"127\" src=\"https:\/\/panoramagroup.hr\/wp-content\/uploads\/2021\/10\/h2-img-07.png\" class=\"attachment-full size-full\" alt=\"t\" \/>\t\t\t<\/div>\n<\/div>\n\t\t<\/div>\n\t\t\t\t<\/div>\n\t\t\t\t\t<\/div>\n\t\t<\/div>\n\t\t\t\t\t\t\t<\/div>\n\t\t<\/section>\n\t\t\t\t<section class=\"elementor-section elementor-top-section elementor-element elementor-element-4e44476 elementor-section-boxed elementor-section-height-default elementor-section-height-default qodef-elementor-content-no\" data-id=\"4e44476\" data-element_type=\"section\">\n\t\t\t\t\t\t<div class=\"elementor-container elementor-column-gap-default\">\n\t\t\t\t\t<div class=\"elementor-column elementor-col-100 elementor-top-column elementor-element elementor-element-ab1c97f\" data-id=\"ab1c97f\" data-element_type=\"column\">\n\t\t\t<div class=\"elementor-widget-wrap\">\n\t\t\t\t\t\t\t\t\t<\/div>\n\t\t<\/div>\n\t\t\t\t\t\t\t<\/div>\n\t\t<\/section>\n\t\t\t\t<section class=\"elementor-section elementor-top-section elementor-element elementor-element-b01003a elementor-section-boxed elementor-section-height-default elementor-section-height-default qodef-elementor-content-no\" data-id=\"b01003a\" data-element_type=\"section\">\n\t\t\t\t\t\t<div class=\"elementor-container elementor-column-gap-default\">\n\t\t\t\t\t<div class=\"elementor-column elementor-col-100 elementor-top-column elementor-element elementor-element-f0c5cc6\" data-id=\"f0c5cc6\" data-element_type=\"column\">\n\t\t\t<div class=\"elementor-widget-wrap elementor-element-populated\">\n\t\t\t\t\t\t\t\t<div class=\"elementor-element elementor-element-91eb2b5 elementor-widget elementor-widget-spacer\" data-id=\"91eb2b5\" data-element_type=\"widget\" data-widget_type=\"spacer.default\">\n\t\t\t\t<div class=\"elementor-widget-container\">\n\t\t\t<style>\/*! elementor - v3.16.0 - 17-10-2023 *\/\n.elementor-column .elementor-spacer-inner{height:var(--spacer-size)}.e-con{--container-widget-width:100%}.e-con-inner>.elementor-widget-spacer,.e-con>.elementor-widget-spacer{width:var(--container-widget-width,var(--spacer-size));--align-self:var(--container-widget-align-self,initial);--flex-shrink:0}.e-con-inner>.elementor-widget-spacer>.elementor-widget-container,.e-con>.elementor-widget-spacer>.elementor-widget-container{height:100%;width:100%}.e-con-inner>.elementor-widget-spacer>.elementor-widget-container>.elementor-spacer,.e-con>.elementor-widget-spacer>.elementor-widget-container>.elementor-spacer{height:100%}.e-con-inner>.elementor-widget-spacer>.elementor-widget-container>.elementor-spacer>.elementor-spacer-inner,.e-con>.elementor-widget-spacer>.elementor-widget-container>.elementor-spacer>.elementor-spacer-inner{height:var(--container-widget-height,var(--spacer-size))}.e-con-inner>.elementor-widget-spacer.elementor-widget-empty,.e-con>.elementor-widget-spacer.elementor-widget-empty{position:relative;min-height:22px;min-width:22px}.e-con-inner>.elementor-widget-spacer.elementor-widget-empty .elementor-widget-empty-icon,.e-con>.elementor-widget-spacer.elementor-widget-empty .elementor-widget-empty-icon{position:absolute;top:0;bottom:0;left:0;right:0;margin:auto;padding:0;width:22px;height:22px}<\/style>\t\t<div class=\"elementor-spacer\">\n\t\t\t<div class=\"elementor-spacer-inner\"><\/div>\n\t\t<\/div>\n\t\t\t\t<\/div>\n\t\t\t\t<\/div>\n\t\t\t\t\t<\/div>\n\t\t<\/div>\n\t\t\t\t\t\t\t<\/div>\n\t\t<\/section>\n\t\t\t\t\t\t\t<\/div>","protected":false},"excerpt":{"rendered":"<p>O nama Jo\u0161 davne 2009. godine, otvorena je prva od nekoliko tvrtki iz na\u0161e grupe, sa ciljem gradnje nekretnina na otoku Krku. Do sada smo izgradili preko 20 objekata, od samostoje\u0107ih vila, do vi\u0161estambenih zgrada. Posao je rastao, pa su se unutar grupe formirale i nove tvrtke, specijalizirane za konzalting i in\u017eenjering. 2023. godine otvorena [&hellip;]<\/p>","protected":false},"author":1,"featured_media":0,"parent":0,"menu_order":0,"comment_status":"closed","ping_status":"closed","template":"","meta":{"content-type":"","om_disable_all_campaigns":false,"_monsterinsights_skip_tracking":false,"_monsterinsights_sitenote_active":false,"_monsterinsights_sitenote_note":"","_monsterinsights_sitenote_category":0,"_uf_show_specific_survey":0,"_uf_disable_surveys":false,"footnotes":""},"class_list":["post-10752","page","type-page","status-publish","hentry"],"aioseo_notices":[],"_links":{"self":[{"href":"https:\/\/panoramagroup.hr\/de\/wp-json\/wp\/v2\/pages\/10752","targetHints":{"allow":["GET"]}}],"collection":[{"href":"https:\/\/panoramagroup.hr\/de\/wp-json\/wp\/v2\/pages"}],"about":[{"href":"https:\/\/panoramagroup.hr\/de\/wp-json\/wp\/v2\/types\/page"}],"author":[{"embeddable":true,"href":"https:\/\/panoramagroup.hr\/de\/wp-json\/wp\/v2\/users\/1"}],"replies":[{"embeddable":true,"href":"https:\/\/panoramagroup.hr\/de\/wp-json\/wp\/v2\/comments?post=10752"}],"version-history":[{"count":4,"href":"https:\/\/panoramagroup.hr\/de\/wp-json\/wp\/v2\/pages\/10752\/revisions"}],"predecessor-version":[{"id":11116,"href":"https:\/\/panoramagroup.hr\/de\/wp-json\/wp\/v2\/pages\/10752\/revisions\/11116"}],"wp:attachment":[{"href":"https:\/\/panoramagroup.hr\/de\/wp-json\/wp\/v2\/media?parent=10752"}],"curies":[{"name":"wp","href":"https:\/\/api.w.org\/{rel}","templated":true}]}}