{"id":10817,"date":"2021-10-07T08:32:19","date_gmt":"2021-10-07T08:32:19","guid":{"rendered":"https:\/\/panoramagroup.hr\/?page_id=10817"},"modified":"2026-03-31T09:12:57","modified_gmt":"2026-03-31T09:12:57","slug":"construction","status":"publish","type":"page","link":"https:\/\/panoramagroup.hr\/de\/construction\/","title":{"rendered":"Konstruktion"},"content":{"rendered":"<div data-elementor-type=\"wp-page\" data-elementor-id=\"10817\" class=\"elementor elementor-10817\">\n\t\t\t\t\t\t\t\t\t<section class=\"elementor-section elementor-top-section elementor-element elementor-element-e8933d2 elementor-section-boxed elementor-section-height-default elementor-section-height-default qodef-elementor-content-no\" data-id=\"e8933d2\" data-element_type=\"section\">\n\t\t\t\t\t\t<div class=\"elementor-container elementor-column-gap-default\">\n\t\t\t\t\t<div class=\"elementor-column elementor-col-100 elementor-top-column elementor-element elementor-element-095fa81\" data-id=\"095fa81\" data-element_type=\"column\">\n\t\t\t<div class=\"elementor-widget-wrap elementor-element-populated\">\n\t\t\t\t\t\t\t\t<div class=\"elementor-element elementor-element-fa30848 elementor-widget elementor-widget-spacer\" data-id=\"fa30848\" data-element_type=\"widget\" data-widget_type=\"spacer.default\">\n\t\t\t\t<div class=\"elementor-widget-container\">\n\t\t\t<style>\/*! elementor - v3.16.0 - 17-10-2023 *\/\n.elementor-column .elementor-spacer-inner{height:var(--spacer-size)}.e-con{--container-widget-width:100%}.e-con-inner>.elementor-widget-spacer,.e-con>.elementor-widget-spacer{width:var(--container-widget-width,var(--spacer-size));--align-self:var(--container-widget-align-self,initial);--flex-shrink:0}.e-con-inner>.elementor-widget-spacer>.elementor-widget-container,.e-con>.elementor-widget-spacer>.elementor-widget-container{height:100%;width:100%}.e-con-inner>.elementor-widget-spacer>.elementor-widget-container>.elementor-spacer,.e-con>.elementor-widget-spacer>.elementor-widget-container>.elementor-spacer{height:100%}.e-con-inner>.elementor-widget-spacer>.elementor-widget-container>.elementor-spacer>.elementor-spacer-inner,.e-con>.elementor-widget-spacer>.elementor-widget-container>.elementor-spacer>.elementor-spacer-inner{height:var(--container-widget-height,var(--spacer-size))}.e-con-inner>.elementor-widget-spacer.elementor-widget-empty,.e-con>.elementor-widget-spacer.elementor-widget-empty{position:relative;min-height:22px;min-width:22px}.e-con-inner>.elementor-widget-spacer.elementor-widget-empty .elementor-widget-empty-icon,.e-con>.elementor-widget-spacer.elementor-widget-empty .elementor-widget-empty-icon{position:absolute;top:0;bottom:0;left:0;right:0;margin:auto;padding:0;width:22px;height:22px}<\/style>\t\t<div class=\"elementor-spacer\">\n\t\t\t<div class=\"elementor-spacer-inner\"><\/div>\n\t\t<\/div>\n\t\t\t\t<\/div>\n\t\t\t\t<\/div>\n\t\t\t\t\t<\/div>\n\t\t<\/div>\n\t\t\t\t\t\t\t<\/div>\n\t\t<\/section>\n\t\t\t\t<section class=\"elementor-section elementor-top-section elementor-element elementor-element-a6645bf elementor-section-boxed elementor-section-height-default elementor-section-height-default qodef-elementor-content-no\" data-id=\"a6645bf\" data-element_type=\"section\">\n\t\t\t\t\t\t<div class=\"elementor-container elementor-column-gap-default\">\n\t\t\t\t\t<div class=\"elementor-column elementor-col-100 elementor-top-column elementor-element elementor-element-bfdb62e\" data-id=\"bfdb62e\" data-element_type=\"column\">\n\t\t\t<div class=\"elementor-widget-wrap elementor-element-populated\">\n\t\t\t\t\t\t\t\t<div class=\"elementor-element elementor-element-c8cb6c9 elementor-widget elementor-widget-text-editor\" data-id=\"c8cb6c9\" data-element_type=\"widget\" data-widget_type=\"text-editor.default\">\n\t\t\t\t<div class=\"elementor-widget-container\">\n\t\t\t<style>\/*! elementor - v3.16.0 - 17-10-2023 *\/\n.elementor-widget-text-editor.elementor-drop-cap-view-stacked .elementor-drop-cap{background-color:#69727d;color:#fff}.elementor-widget-text-editor.elementor-drop-cap-view-framed .elementor-drop-cap{color:#69727d;border:3px solid;background-color:transparent}.elementor-widget-text-editor:not(.elementor-drop-cap-view-default) .elementor-drop-cap{margin-top:8px}.elementor-widget-text-editor:not(.elementor-drop-cap-view-default) .elementor-drop-cap-letter{width:1em;height:1em}.elementor-widget-text-editor .elementor-drop-cap{float:left;text-align:center;line-height:1;font-size:50px}.elementor-widget-text-editor .elementor-drop-cap-letter{display:inline-block}<\/style>\t\t\t\t<h4>Basierend auf \u00fcber 20 erfolgreich errichteten Geb\u00e4uden unterst\u00fctzen wir in allen Phasen der physischen Realisierung des Projekts \u2013 vom Fundament bis zur schl\u00fcsselfertigen \u00dcbergabe.<\/h4><p><span lang=\"en-US\">Als <\/span><span lang=\"en-US\">Generalunternehmer <\/span><span lang=\"en-US\" style=\"font-weight: bold;\">f\u00fchren<\/span><span lang=\"en-SI\" style=\"font-weight: bold;\">\u0111<\/span><span lang=\"en-US\" style=\"font-weight: bold;\">wir die Bauarbeiten gem\u00e4\u00df Vertrag und Projekt durch,<\/span><span lang=\"en-US\">zus\u00e4tzlich zu den im Baugesetz vorgeschriebenen Verpflichtungen:<\/span><\/p><ul><li>F\u00fchren eines Bautagebuchs und Dokumentation<\/li><li>F\u00fchrung der Baub\u00fccher und Abrechnung der abgeschlossenen Arbeiten<\/li><li>Zusammenstellung eines Teams aus Auftragnehmern und Subunternehmern (falls wir diese ausw\u00e4hlen)<\/li><li>Ernennung des leitenden Ingenieurs der Baustelle<\/li><li>Ausf\u00fchrung der Arbeiten gem\u00e4\u00df Projektdokumentation und Baugenehmigung<\/li><li>Qualit\u00e4tskontrolle der Leistung<\/li><li>Zusammenarbeit mit dem leitenden Ingenieur und dem Konstrukteur<\/li><li>Verantwortlich f\u00fcr die Umsetzung von Sicherheitsma\u00dfnahmen auf der Baustelle<\/li><li>Berichtet den Investoren regelm\u00e4\u00dfig \u00fcber den Fortschritt<\/li><li>Organisation der Anlagen\u00fcbergabe<\/li><li>Priprava dokumentacije za tehni\u010dni prevzem + sodelovanje pri tehni\u010dnem pregledu<\/li><li>Teilnahme am Verfahren zur Erlangung einer Nutzungsgenehmigung (im Teil, der den Auftragnehmer betrifft)<\/li><li>Verantwortlich f\u00fcr Sch\u00e4den, die durch Nichteinhaltung von Vorschriften oder mangelhafte Leistung verursacht werden.<\/li><\/ul><p style=\"margin-left: .375in; margin-top: 18pt; margin-bottom: 18pt; font-size: 11.0pt;\"><span lang=\"en-US\" style=\"font-family: 'Segoe UI Emoji';\">*<\/span> <span lang=\"en-US\" style=\"font-style: italic; font-family: Calibri;\">Der Generalunternehmer koordiniert NICHT Designer, Architekten, Bauleitung, Anschl\u00fcsse, Dokumentation, Genehmigungen \u2013 das ist Aufgabe der Ingenieure oder des Investors.<\/span><\/p><p style=\"margin-left: .375in; margin-top: 18pt; margin-bottom: 18pt; font-family: Marcellus; font-size: 15.0pt; color: #292c31;\"><span style=\"background: white;\">I. Bauphasen \u2013 \u00dcbersicht<\/span><\/p><ul style=\"direction: ltr; unicode-bidi: embed; margin-top: 0in; margin-bottom: 0in;\" type=\"disc\"><li>Schalenkonstruktion<\/li><li>Installationen und Rohmontage<\/li><li>Abschlie\u00dfende Arbeiten<\/li><li>Einwanderung<\/li><\/ul><p style=\"margin-left: .375in; margin-top: 18pt; margin-bottom: 18pt; font-family: Marcellus; font-size: 15.0pt; color: #292c31;\"><span style=\"background: white;\">II. Arten von Werken<\/span><\/p><ul style=\"direction: ltr; unicode-bidi: embed; margin-top: 0in; margin-bottom: 0in;\" type=\"disc\"><li>Mauerwerk, Beton, Eisen, Aushubarbeiten<\/li><li>Krov. fasada, hidro i termo izolacija<\/li><li>Elektroinstalacije, vodoinstalacije, grijanje, klime<\/li><li>Maler- und Lackierarbeiten<\/li><li>Interijer &#8211; keramika, kamen, parket, stolarija<\/li><\/ul><p style=\"margin-left: .375in; margin-top: 18pt; margin-bottom: 18pt; font-family: Marcellus; font-size: 15.0pt; color: #292c31;\"><span style=\"background: white;\">III. Aufsicht<\/span><\/p><ul style=\"direction: ltr; unicode-bidi: embed; margin-top: 0in; margin-bottom: 0in;\" type=\"disc\"><li>Finanzaufsicht<\/li><li>Auftragnehmerkoordination<\/li><li>Kosten- und Dynamikkontrolle<\/li><\/ul><h4 data-start=\"591\" data-end=\"622\">Brauchen Sie Hilfe beim Aufbau?<\/h4><p data-start=\"623\" data-end=\"717\">Wir helfen privaten und gewerblichen Investoren, alle Phasen des Bauens einfacher und sicherer zu durchlaufen.<\/p><p data-start=\"719\" data-end=\"918\">Sie haben eine Frage oder ein Problem \u2013 kontaktieren Sie uns!<\/p>\t\t\t\t\t\t<\/div>\n\t\t\t\t<\/div>\n\t\t\t\t\t<\/div>\n\t\t<\/div>\n\t\t\t\t\t\t\t<\/div>\n\t\t<\/section>\n\t\t\t\t<section class=\"elementor-section elementor-top-section elementor-element elementor-element-1f96a78 elementor-section-boxed elementor-section-height-default elementor-section-height-default qodef-elementor-content-no\" data-id=\"1f96a78\" data-element_type=\"section\">\n\t\t\t\t\t\t<div class=\"elementor-container elementor-column-gap-default\">\n\t\t\t\t\t<div class=\"elementor-column elementor-col-100 elementor-top-column elementor-element elementor-element-a25e4e8\" data-id=\"a25e4e8\" data-element_type=\"column\">\n\t\t\t<div class=\"elementor-widget-wrap elementor-element-populated\">\n\t\t\t\t\t\t\t\t<div class=\"elementor-element elementor-element-ca82e46 elementor-widget elementor-widget-text-editor\" data-id=\"ca82e46\" data-element_type=\"widget\" data-widget_type=\"text-editor.default\">\n\t\t\t\t<div class=\"elementor-widget-container\">\n\t\t\t\t\t\t\t<p><div class=\"forminator-ui forminator-custom-form forminator-custom-form-13793 forminator-design--material  forminator_ajax\" data-forminator-render=\"0\" data-form=\"forminator-module-13793\" data-uid=\"69d274419af28\"><br\/><\/div><form\n\t\t\t\tid=\"forminator-module-13793\"\n\t\t\t\tclass=\"forminator-ui forminator-custom-form forminator-custom-form-13793 forminator-design--material  forminator_ajax\"\n\t\t\t\tmethod=\"post\"\n\t\t\t\tdata-forminator-render=\"0\"\n\t\t\t\tdata-form-id=\"13793\"\n\t\t\t\t\n\t\t\t\tdata-design=\"material\"\n\t\t\t\t\n\t\t\t\t\n\t\t\t\t\n\t\t\t\tdata-grid=\"open\"\n\t\t\t\t\n\t\t\t\t\n\t\t\t\tstyle=\"display: none;\"\n\t\t\t\t\n\t\t\t\tdata-uid=\"69d274419af28\" action=\"\"\n\t\t\t><div role=\"alert\" aria-live=\"polite\" class=\"forminator-response-message forminator-error\" aria-hidden=\"true\"><\/div><div class=\"forminator-row\"><div id=\"name-2\" class=\"forminator-col forminator-col-6\"><div class=\"forminator-field\"><label for=\"forminator-field-name-2_69d274419af28\" class=\"forminator-label\" id=\"forminator-field-name-2_69d274419af28-label\">Name <span class=\"forminator-required\">*<\/span><\/label><input type=\"text\" name=\"name-2\" value=\"\" placeholder=\"\" id=\"forminator-field-name-2_69d274419af28\" class=\"forminator-input forminator-name--field\" aria-required=\"true\" \/><\/div><\/div><div id=\"name-3\" class=\"forminator-col forminator-col-6\"><div class=\"forminator-field\"><label for=\"forminator-field-name-3_69d274419af28\" class=\"forminator-label\" id=\"forminator-field-name-3_69d274419af28-label\">Nachname <span class=\"forminator-required\">*<\/span><\/label><input type=\"text\" name=\"name-3\" value=\"\" placeholder=\"\" id=\"forminator-field-name-3_69d274419af28\" class=\"forminator-input forminator-name--field\" aria-required=\"true\" \/><\/div><\/div><\/div><div class=\"forminator-row\"><div id=\"email-1\" class=\"forminator-col forminator-col-12\"><div class=\"forminator-field\"><label for=\"forminator-field-email-1_69d274419af28\" class=\"forminator-label\" id=\"forminator-field-email-1_69d274419af28-label\">Email <span class=\"forminator-required\">*<\/span><\/label><input type=\"email\" name=\"email-1\" value=\"\" placeholder=\"\" id=\"forminator-field-email-1_69d274419af28\" class=\"forminator-input forminator-email--field\" data-required=\"1\" aria-required=\"true\" \/><\/div><\/div><\/div><div class=\"forminator-row\"><div id=\"phone-1\" class=\"forminator-col forminator-col-12\"><div class=\"forminator-field\"><label for=\"forminator-field-phone-1_69d274419af28\" class=\"forminator-label\" id=\"forminator-field-phone-1_69d274419af28-label\">Telefonnummer<\/label><input type=\"text\" name=\"phone-1\" value=\"\" placeholder=\"\" id=\"forminator-field-phone-1_69d274419af28\" class=\"forminator-input forminator-field--phone\" data-required=\"\" aria-required=\"false\" autocomplete=\"off\" \/><\/div><\/div><\/div><div class=\"forminator-row\"><div id=\"textarea-1\" class=\"forminator-col forminator-col-12\"><div class=\"forminator-field\"><label for=\"forminator-field-textarea-1_69d274419af28\" id=\"forminator-field-textarea-1_69d274419af28-label\" class=\"forminator-label\">Nachricht<\/label><textarea name=\"textarea-1\" placeholder=\"Nachricht\" id=\"forminator-field-textarea-1_69d274419af28\" class=\"forminator-textarea\" rows=\"6\" style=\"min-height:140px;\" ><\/textarea><\/div><\/div><\/div><input type=\"hidden\" name=\"referer_url\" value=\"\" \/><div class=\"forminator-row forminator-row-last\"><div class=\"forminator-col\"><div class=\"forminator-field\"><button class=\"forminator-button forminator-button-submit\"><span>Po&scaron;alji upit<\/span><span aria-hidden=\"true\"><\/span><\/button><\/div><\/div><\/div><input type=\"hidden\" id=\"forminator_nonce\" name=\"forminator_nonce\" value=\"88e3d511d2\" \/><input type=\"hidden\" name=\"_wp_http_referer\" value=\"\/de\/wp-json\/wp\/v2\/pages\/10817\" \/><input type=\"hidden\" name=\"form_id\" value=\"13793\"><input type=\"hidden\" name=\"page_id\" value=\"10817\"><input type=\"hidden\" name=\"form_type\" value=\"registration\"><input type=\"hidden\" name=\"current_url\" value=\"https:\/\/panoramagroup.hr\/de\/construction\/\"><input type=\"hidden\" name=\"render_id\" value=\"0\"><input type=\"hidden\" name=\"action\" value=\"forminator_submit_form_custom-forms\"><label for=\"input_6\" class=\"forminator-hidden\" aria-hidden=\"true\">Bitte f\u00fclle dieses Feld nicht aus. <input id=\"input_6\" type=\"text\" name=\"input_6\" value=\"\" autocomplete=\"off\"><\/label><input type=\"hidden\" name=\"trp-form-language\" value=\"de\"\/><\/form><\/p>\t\t\t\t\t\t<\/div>\n\t\t\t\t<\/div>\n\t\t\t\t\t<\/div>\n\t\t<\/div>\n\t\t\t\t\t\t\t<\/div>\n\t\t<\/section>\n\t\t\t\t<section class=\"elementor-section elementor-top-section elementor-element elementor-element-e9f9160 elementor-section-boxed elementor-section-height-default elementor-section-height-default qodef-elementor-content-no\" data-id=\"e9f9160\" data-element_type=\"section\">\n\t\t\t\t\t\t<div class=\"elementor-container elementor-column-gap-default\">\n\t\t\t\t\t<div class=\"elementor-column elementor-col-100 elementor-top-column elementor-element elementor-element-e65a0e0\" data-id=\"e65a0e0\" data-element_type=\"column\">\n\t\t\t<div class=\"elementor-widget-wrap elementor-element-populated\">\n\t\t\t\t\t\t\t\t<div class=\"elementor-element elementor-element-db4e7bd elementor-widget-divider--view-line elementor-widget elementor-widget-divider\" data-id=\"db4e7bd\" data-element_type=\"widget\" data-widget_type=\"divider.default\">\n\t\t\t\t<div class=\"elementor-widget-container\">\n\t\t\t<style>\/*! elementor - v3.16.0 - 17-10-2023 *\/\n.elementor-widget-divider{--divider-border-style:none;--divider-border-width:1px;--divider-color:#0c0d0e;--divider-icon-size:20px;--divider-element-spacing:10px;--divider-pattern-height:24px;--divider-pattern-size:20px;--divider-pattern-url:none;--divider-pattern-repeat:repeat-x}.elementor-widget-divider .elementor-divider{display:flex}.elementor-widget-divider .elementor-divider__text{font-size:15px;line-height:1;max-width:95%}.elementor-widget-divider .elementor-divider__element{margin:0 var(--divider-element-spacing);flex-shrink:0}.elementor-widget-divider .elementor-icon{font-size:var(--divider-icon-size)}.elementor-widget-divider .elementor-divider-separator{display:flex;margin:0;direction:ltr}.elementor-widget-divider--view-line_icon .elementor-divider-separator,.elementor-widget-divider--view-line_text .elementor-divider-separator{align-items:center}.elementor-widget-divider--view-line_icon .elementor-divider-separator:after,.elementor-widget-divider--view-line_icon .elementor-divider-separator:before,.elementor-widget-divider--view-line_text .elementor-divider-separator:after,.elementor-widget-divider--view-line_text .elementor-divider-separator:before{display:block;content:\"\";border-bottom:0;flex-grow:1;border-top:var(--divider-border-width) var(--divider-border-style) var(--divider-color)}.elementor-widget-divider--element-align-left .elementor-divider .elementor-divider-separator>.elementor-divider__svg:first-of-type{flex-grow:0;flex-shrink:100}.elementor-widget-divider--element-align-left .elementor-divider-separator:before{content:none}.elementor-widget-divider--element-align-left .elementor-divider__element{margin-left:0}.elementor-widget-divider--element-align-right .elementor-divider .elementor-divider-separator>.elementor-divider__svg:last-of-type{flex-grow:0;flex-shrink:100}.elementor-widget-divider--element-align-right .elementor-divider-separator:after{content:none}.elementor-widget-divider--element-align-right .elementor-divider__element{margin-right:0}.elementor-widget-divider:not(.elementor-widget-divider--view-line_text):not(.elementor-widget-divider--view-line_icon) .elementor-divider-separator{border-top:var(--divider-border-width) var(--divider-border-style) var(--divider-color)}.elementor-widget-divider--separator-type-pattern{--divider-border-style:none}.elementor-widget-divider--separator-type-pattern.elementor-widget-divider--view-line .elementor-divider-separator,.elementor-widget-divider--separator-type-pattern:not(.elementor-widget-divider--view-line) .elementor-divider-separator:after,.elementor-widget-divider--separator-type-pattern:not(.elementor-widget-divider--view-line) .elementor-divider-separator:before,.elementor-widget-divider--separator-type-pattern:not([class*=elementor-widget-divider--view]) .elementor-divider-separator{width:100%;min-height:var(--divider-pattern-height);-webkit-mask-size:var(--divider-pattern-size) 100%;mask-size:var(--divider-pattern-size) 100%;-webkit-mask-repeat:var(--divider-pattern-repeat);mask-repeat:var(--divider-pattern-repeat);background-color:var(--divider-color);-webkit-mask-image:var(--divider-pattern-url);mask-image:var(--divider-pattern-url)}.elementor-widget-divider--no-spacing{--divider-pattern-size:auto}.elementor-widget-divider--bg-round{--divider-pattern-repeat:round}.rtl .elementor-widget-divider .elementor-divider__text{direction:rtl}.e-con-inner>.elementor-widget-divider,.e-con>.elementor-widget-divider{width:var(--container-widget-width,100%);--flex-grow:var(--container-widget-flex-grow)}<\/style>\t\t<div class=\"elementor-divider\">\n\t\t\t<span class=\"elementor-divider-separator\">\n\t\t\t\t\t\t<\/span>\n\t\t<\/div>\n\t\t\t\t<\/div>\n\t\t\t\t<\/div>\n\t\t\t\t\t<\/div>\n\t\t<\/div>\n\t\t\t\t\t\t\t<\/div>\n\t\t<\/section>\n\t\t\t\t<section class=\"elementor-section elementor-top-section elementor-element elementor-element-f60d13b elementor-section-boxed elementor-section-height-default elementor-section-height-default qodef-elementor-content-no\" data-id=\"f60d13b\" data-element_type=\"section\">\n\t\t\t\t\t\t<div class=\"elementor-container elementor-column-gap-default\">\n\t\t\t\t\t<div class=\"elementor-column elementor-col-50 elementor-top-column elementor-element elementor-element-4a92e2c\" data-id=\"4a92e2c\" data-element_type=\"column\">\n\t\t\t<div class=\"elementor-widget-wrap elementor-element-populated\">\n\t\t\t\t\t\t\t\t<div class=\"elementor-element elementor-element-60a9120 elementor-widget elementor-widget-halstein_core_banner\" data-id=\"60a9120\" data-element_type=\"widget\" data-widget_type=\"halstein_core_banner.default\">\n\t\t\t\t<div class=\"elementor-widget-container\">\n\t\t\t<div class=\"qodef-shortcode qodef-m  qodef-banner qodef-layout--link-button-left  qodef-image-responsive-position--center\">\n\t<div class=\"qodef-m-image\">\n\t<img loading=\"lazy\" decoding=\"async\" width=\"2500\" height=\"1667\" src=\"https:\/\/panoramagroup.hr\/wp-content\/uploads\/2024\/02\/IMG_8774.jpg\" class=\"attachment-full size-full\" alt=\"\" srcset=\"https:\/\/panoramagroup.hr\/wp-content\/uploads\/2024\/02\/IMG_8774.jpg 2500w, https:\/\/panoramagroup.hr\/wp-content\/uploads\/2024\/02\/IMG_8774-300x200.jpg 300w, https:\/\/panoramagroup.hr\/wp-content\/uploads\/2024\/02\/IMG_8774-1024x683.jpg 1024w, https:\/\/panoramagroup.hr\/wp-content\/uploads\/2024\/02\/IMG_8774-768x512.jpg 768w, https:\/\/panoramagroup.hr\/wp-content\/uploads\/2024\/02\/IMG_8774-1536x1024.jpg 1536w, https:\/\/panoramagroup.hr\/wp-content\/uploads\/2024\/02\/IMG_8774-2048x1366.jpg 2048w, https:\/\/panoramagroup.hr\/wp-content\/uploads\/2024\/02\/IMG_8774-18x12.jpg 18w\" sizes=\"auto, (max-width: 2500px) 100vw, 2500px\" \/><\/div>\n\t<div class=\"qodef-m-content\">\n\t\t<div class=\"qodef-m-content-inner\" >\n\t\t\t\t\t\t\t<h3 class=\"qodef-m-title\" style=\"color: #FFFFFF\">\n\t\tfertige Projekte\t<\/h3>\n\t\t\t\t\t\t\t<div class=\"qodef-m-button\">\n\t\t<a class=\"qodef-shortcode qodef-m  qodef-button qodef-layout--textual  qodef-html--link\" href=\"https:\/\/panoramagroup.hr\/de\/zavrseni-projekti\/\" target=\"_self\"  style=\"color: #FFFFFF\">\t<span class=\"qodef-m-text\">Pogledaj<\/span>\t<span class=\"qodef-m-icon\"><svg class=\"qodef-svg--button-arrow\" xmlns=\"http:\/\/www.w3.org\/2000\/svg\"     xmlns:xlink=\"http:\/\/www.w3.org\/1999\/xlink\" x=\"0px\" y=\"0px\" width=\"17\"     viewbox=\"0 0 17 20\" style=\"enable-background:new 0 0 17 20;\" xml:space=\"preserve\"><polyline class=\"qodef-m-arrow\" points=\"7.1,3.9 13,9.8 7.1,15.9 \"\/><rect class=\"qodef-m-line\"  width=\"1\" height=\"20\"\/><\/svg><\/span><\/a>\t<\/div>\n\t\t<\/div>\n\t<\/div>\n<\/div>\n\t\t<\/div>\n\t\t\t\t<\/div>\n\t\t\t\t\t<\/div>\n\t\t<\/div>\n\t\t\t\t<div class=\"elementor-column elementor-col-50 elementor-top-column elementor-element elementor-element-556ae88\" data-id=\"556ae88\" data-element_type=\"column\">\n\t\t\t<div class=\"elementor-widget-wrap elementor-element-populated\">\n\t\t\t\t\t\t\t\t<div class=\"elementor-element elementor-element-6ec5650 elementor-widget elementor-widget-halstein_core_banner\" data-id=\"6ec5650\" data-element_type=\"widget\" data-widget_type=\"halstein_core_banner.default\">\n\t\t\t\t<div class=\"elementor-widget-container\">\n\t\t\t<div class=\"qodef-shortcode qodef-m  qodef-banner qodef-layout--link-button-left  qodef-image-responsive-position--center\">\n\t<div class=\"qodef-m-image\">\n\t<img loading=\"lazy\" decoding=\"async\" width=\"1545\" height=\"1034\" src=\"https:\/\/panoramagroup.hr\/wp-content\/uploads\/2026\/03\/11-e1774947780243.jpg\" class=\"attachment-full size-full\" alt=\"\" srcset=\"https:\/\/panoramagroup.hr\/wp-content\/uploads\/2026\/03\/11-e1774947780243.jpg 1545w, https:\/\/panoramagroup.hr\/wp-content\/uploads\/2026\/03\/11-e1774947780243-300x201.jpg 300w, https:\/\/panoramagroup.hr\/wp-content\/uploads\/2026\/03\/11-e1774947780243-1024x685.jpg 1024w, https:\/\/panoramagroup.hr\/wp-content\/uploads\/2026\/03\/11-e1774947780243-768x514.jpg 768w, https:\/\/panoramagroup.hr\/wp-content\/uploads\/2026\/03\/11-e1774947780243-1536x1028.jpg 1536w, https:\/\/panoramagroup.hr\/wp-content\/uploads\/2026\/03\/11-e1774947780243-18x12.jpg 18w\" sizes=\"auto, (max-width: 1545px) 100vw, 1545px\" \/><\/div>\n\t<div class=\"qodef-m-content\">\n\t\t<div class=\"qodef-m-content-inner\" >\n\t\t\t\t\t\t\t<h3 class=\"qodef-m-title\" style=\"color: #FFFFFF\">\n\t\tProjekte im Bau\t<\/h3>\n\t\t\t\t\t\t\t<div class=\"qodef-m-button\">\n\t\t<a class=\"qodef-shortcode qodef-m  qodef-button qodef-layout--textual  qodef-html--link\" href=\"https:\/\/panoramagroup.hr\/de\/projekti-u-gradnji\/\" target=\"_self\"  style=\"color: #FFFFFF\">\t<span class=\"qodef-m-text\">Pogledaj<\/span>\t<span class=\"qodef-m-icon\"><svg class=\"qodef-svg--button-arrow\" xmlns=\"http:\/\/www.w3.org\/2000\/svg\"     xmlns:xlink=\"http:\/\/www.w3.org\/1999\/xlink\" x=\"0px\" y=\"0px\" width=\"17\"     viewbox=\"0 0 17 20\" style=\"enable-background:new 0 0 17 20;\" xml:space=\"preserve\"><polyline class=\"qodef-m-arrow\" points=\"7.1,3.9 13,9.8 7.1,15.9 \"\/><rect class=\"qodef-m-line\"  width=\"1\" height=\"20\"\/><\/svg><\/span><\/a>\t<\/div>\n\t\t<\/div>\n\t<\/div>\n<\/div>\n\t\t<\/div>\n\t\t\t\t<\/div>\n\t\t\t\t\t<\/div>\n\t\t<\/div>\n\t\t\t\t\t\t\t<\/div>\n\t\t<\/section>\n\t\t\t\t<section class=\"elementor-section elementor-top-section elementor-element elementor-element-b12be72 elementor-section-boxed elementor-section-height-default elementor-section-height-default qodef-elementor-content-no\" data-id=\"b12be72\" data-element_type=\"section\">\n\t\t\t\t\t\t<div class=\"elementor-container elementor-column-gap-default\">\n\t\t\t\t\t<div class=\"elementor-column elementor-col-100 elementor-top-column elementor-element elementor-element-13f051a\" data-id=\"13f051a\" data-element_type=\"column\">\n\t\t\t<div class=\"elementor-widget-wrap elementor-element-populated\">\n\t\t\t\t\t\t\t\t<div class=\"elementor-element elementor-element-61c5a5e elementor-widget elementor-widget-spacer\" data-id=\"61c5a5e\" data-element_type=\"widget\" data-widget_type=\"spacer.default\">\n\t\t\t\t<div class=\"elementor-widget-container\">\n\t\t\t\t\t<div class=\"elementor-spacer\">\n\t\t\t<div class=\"elementor-spacer-inner\"><\/div>\n\t\t<\/div>\n\t\t\t\t<\/div>\n\t\t\t\t<\/div>\n\t\t\t\t\t<\/div>\n\t\t<\/div>\n\t\t\t\t\t\t\t<\/div>\n\t\t<\/section>\n\t\t\t\t\t\t\t<\/div>","protected":false},"excerpt":{"rendered":"<p>Na temelju 20+ uspje\u0161no izgra\u0111enih objekata, pru\u017eamo podr\u0161ku u svim fazama fizi\u010dke realizacije projekta \u2013 od temelja do klju\u010da. Kao glavni izvo\u0111a\u010d izvodimo gra\u0111evinske radove prema ugovoru i projektu, uz obaveze propisane Zakonom o gradnji: Vo\u0111enje gra\u0111evinskog dnevnika i dokumentacije Vo\u0111enje gra\u0111evinske knjige i obra\u010duna izvedenih radova Organizacija tima izvo\u0111a\u010da i podizvo\u0111a\u010da (ako ih mi [&hellip;]<\/p>","protected":false},"author":1,"featured_media":0,"parent":0,"menu_order":0,"comment_status":"closed","ping_status":"closed","template":"page-full-width.php","meta":{"content-type":"","om_disable_all_campaigns":false,"_monsterinsights_skip_tracking":false,"_monsterinsights_sitenote_active":false,"_monsterinsights_sitenote_note":"","_monsterinsights_sitenote_category":0,"_uf_show_specific_survey":0,"_uf_disable_surveys":false,"footnotes":""},"class_list":["post-10817","page","type-page","status-publish","hentry"],"aioseo_notices":[],"_links":{"self":[{"href":"https:\/\/panoramagroup.hr\/de\/wp-json\/wp\/v2\/pages\/10817","targetHints":{"allow":["GET"]}}],"collection":[{"href":"https:\/\/panoramagroup.hr\/de\/wp-json\/wp\/v2\/pages"}],"about":[{"href":"https:\/\/panoramagroup.hr\/de\/wp-json\/wp\/v2\/types\/page"}],"author":[{"embeddable":true,"href":"https:\/\/panoramagroup.hr\/de\/wp-json\/wp\/v2\/users\/1"}],"replies":[{"embeddable":true,"href":"https:\/\/panoramagroup.hr\/de\/wp-json\/wp\/v2\/comments?post=10817"}],"version-history":[{"count":88,"href":"https:\/\/panoramagroup.hr\/de\/wp-json\/wp\/v2\/pages\/10817\/revisions"}],"predecessor-version":[{"id":14074,"href":"https:\/\/panoramagroup.hr\/de\/wp-json\/wp\/v2\/pages\/10817\/revisions\/14074"}],"wp:attachment":[{"href":"https:\/\/panoramagroup.hr\/de\/wp-json\/wp\/v2\/media?parent=10817"}],"curies":[{"name":"wp","href":"https:\/\/api.w.org\/{rel}","templated":true}]}}