{"id":10967,"date":"2021-10-07T18:42:42","date_gmt":"2021-10-07T18:42:42","guid":{"rendered":"https:\/\/panoramagroup.hr\/?page_id=10967"},"modified":"2024-02-14T10:04:39","modified_gmt":"2024-02-14T10:04:39","slug":"glavni-projekt","status":"publish","type":"page","link":"https:\/\/panoramagroup.hr\/de\/glavni-projekt\/","title":{"rendered":"Hauptprojekt"},"content":{"rendered":"<div data-elementor-type=\"wp-page\" data-elementor-id=\"10967\" class=\"elementor elementor-10967\">\n\t\t\t\t\t\t\t\t\t<section class=\"elementor-section elementor-top-section elementor-element elementor-element-5ec854c elementor-section-full_width qodef-elementor-content-grid elementor-section-height-default elementor-section-height-default\" data-id=\"5ec854c\" data-element_type=\"section\">\n\t\t\t\t\t\t<div class=\"elementor-container elementor-column-gap-default\">\n\t\t\t\t\t<div class=\"elementor-column elementor-col-100 elementor-top-column elementor-element elementor-element-2685255\" data-id=\"2685255\" data-element_type=\"column\">\n\t\t\t<div class=\"elementor-widget-wrap elementor-element-populated\">\n\t\t\t\t\t\t\t\t<div class=\"elementor-element elementor-element-7f8c800 elementor-widget__width-initial elementor-widget elementor-widget-halstein_core_section_title\" data-id=\"7f8c800\" data-element_type=\"widget\" data-widget_type=\"halstein_core_section_title.default\">\n\t\t\t\t<div class=\"elementor-widget-container\">\n\t\t\t<div class=\"qodef-shortcode qodef-m  qodef-section-title qodef-alignment--left\">\n\t\t<h6 class=\"qodef-m-tagline\" >\n\t\tengineering\t<\/h6>\n\t\t<h2 class=\"qodef-m-title\" >\n\t\t\t\t\tHauptprojekt\t\t\t<\/h2>\n\t\t\t<\/div>\n\t\t<\/div>\n\t\t\t\t<\/div>\n\t\t\t\t\t<\/div>\n\t\t<\/div>\n\t\t\t\t\t\t\t<\/div>\n\t\t<\/section>\n\t\t\t\t<section class=\"elementor-section elementor-top-section elementor-element elementor-element-578848e elementor-section-boxed elementor-section-height-default elementor-section-height-default qodef-elementor-content-no\" data-id=\"578848e\" data-element_type=\"section\">\n\t\t\t\t\t\t<div class=\"elementor-container elementor-column-gap-default\">\n\t\t\t\t\t<div class=\"elementor-column elementor-col-100 elementor-top-column elementor-element elementor-element-3386e25\" data-id=\"3386e25\" data-element_type=\"column\">\n\t\t\t<div class=\"elementor-widget-wrap elementor-element-populated\">\n\t\t\t\t\t\t\t\t<div class=\"elementor-element elementor-element-e49813f elementor-widget elementor-widget-text-editor\" data-id=\"e49813f\" data-element_type=\"widget\" data-widget_type=\"text-editor.default\">\n\t\t\t\t<div class=\"elementor-widget-container\">\n\t\t\t<style>\/*! elementor - v3.16.0 - 17-10-2023 *\/\n.elementor-widget-text-editor.elementor-drop-cap-view-stacked .elementor-drop-cap{background-color:#69727d;color:#fff}.elementor-widget-text-editor.elementor-drop-cap-view-framed .elementor-drop-cap{color:#69727d;border:3px solid;background-color:transparent}.elementor-widget-text-editor:not(.elementor-drop-cap-view-default) .elementor-drop-cap{margin-top:8px}.elementor-widget-text-editor:not(.elementor-drop-cap-view-default) .elementor-drop-cap-letter{width:1em;height:1em}.elementor-widget-text-editor .elementor-drop-cap{float:left;text-align:center;line-height:1;font-size:50px}.elementor-widget-text-editor .elementor-drop-cap-letter{display:inline-block}<\/style>\t\t\t\t<p><span style=\"text-align: justify; background-color: #ffffff;\">Das Projekt ist eine sehr wichtige Aufgabe, die eine Beschreibung des Hauses oder Ihre detaillierte Vorstellung von der zuk\u00fcnftigen Immobilie enthalten muss. F\u00fcr die Prognose der Baukosten ist nat\u00fcrlich auch das zur Verf\u00fcgung stehende Budget wichtig.<\/span><\/p><p><br style=\"text-align: justify;\" \/><span style=\"text-align: justify; background-color: #ffffff;\">Zusammen mit dem ersten Schritt, der Anfrage zur Festlegung von Sonderkonditionen, wird eine konzeptionelle L\u00f6sung eingereicht. Das Hauptprojekt umfasst: Architekturprojekt, Bauprojekt, elektrotechnisches Projekt, mechanisches Projekt und geod\u00e4tisches Projekt.\u00a0<\/span><\/p><p><span style=\"text-align: justify; background-color: #ffffff;\">F\u00fcr das Hauptprojekt wird je nach Bauart, also den Werken, die Erstellung einer Ausarbeitung vorangestellt, f\u00fcr die der Bedarf nachgewiesen wird, und dabei handelt es sich dann um einen schriftlichen Beitrag, in dem ein Thema ausf\u00fchrlich erl\u00e4utert wird. Vor dem Verfahren zur Erteilung der Baugenehmigung werden besondere Bedingungen festgelegt. K\u00f6rperschaften des \u00f6ffentlichen Rechts (HEP, MUP, Hrvatske vode und andere relevante K\u00f6rperschaften im Prozess...) sind verpflichtet, auf Antrag des Investors besondere Bedingungen f\u00fcr den Bau des im Hauptprojekt dargestellten Geb\u00e4udes festzulegen und eine Bescheinigung auszustellen des Hauptprojekts, sofern die Voraussetzungen erf\u00fcllt sind<\/span><span style=\"background-color: #ffffff; text-align: justify; color: var( --e-global-color-text ); font-family: var( --e-global-typography-text-font-family ), comfortaa; font-weight: var( --e-global-typography-text-font-weight ); letter-spacing: 0px; text-transform: initial;\">.<\/span><\/p>\t\t\t\t\t\t<\/div>\n\t\t\t\t<\/div>\n\t\t\t\t\t<\/div>\n\t\t<\/div>\n\t\t\t\t\t\t\t<\/div>\n\t\t<\/section>\n\t\t\t\t<section class=\"elementor-section elementor-top-section elementor-element elementor-element-44d30ff elementor-section-boxed elementor-section-height-default elementor-section-height-default qodef-elementor-content-no\" data-id=\"44d30ff\" data-element_type=\"section\">\n\t\t\t\t\t\t<div class=\"elementor-container elementor-column-gap-default\">\n\t\t\t\t\t<div class=\"elementor-column elementor-col-100 elementor-top-column elementor-element elementor-element-cbb9787\" data-id=\"cbb9787\" data-element_type=\"column\">\n\t\t\t<div class=\"elementor-widget-wrap elementor-element-populated\">\n\t\t\t\t\t\t\t\t<div class=\"elementor-element elementor-element-4a271fe elementor-widget elementor-widget-spacer\" data-id=\"4a271fe\" data-element_type=\"widget\" data-widget_type=\"spacer.default\">\n\t\t\t\t<div class=\"elementor-widget-container\">\n\t\t\t<style>\/*! elementor - v3.16.0 - 17-10-2023 *\/\n.elementor-column .elementor-spacer-inner{height:var(--spacer-size)}.e-con{--container-widget-width:100%}.e-con-inner>.elementor-widget-spacer,.e-con>.elementor-widget-spacer{width:var(--container-widget-width,var(--spacer-size));--align-self:var(--container-widget-align-self,initial);--flex-shrink:0}.e-con-inner>.elementor-widget-spacer>.elementor-widget-container,.e-con>.elementor-widget-spacer>.elementor-widget-container{height:100%;width:100%}.e-con-inner>.elementor-widget-spacer>.elementor-widget-container>.elementor-spacer,.e-con>.elementor-widget-spacer>.elementor-widget-container>.elementor-spacer{height:100%}.e-con-inner>.elementor-widget-spacer>.elementor-widget-container>.elementor-spacer>.elementor-spacer-inner,.e-con>.elementor-widget-spacer>.elementor-widget-container>.elementor-spacer>.elementor-spacer-inner{height:var(--container-widget-height,var(--spacer-size))}.e-con-inner>.elementor-widget-spacer.elementor-widget-empty,.e-con>.elementor-widget-spacer.elementor-widget-empty{position:relative;min-height:22px;min-width:22px}.e-con-inner>.elementor-widget-spacer.elementor-widget-empty .elementor-widget-empty-icon,.e-con>.elementor-widget-spacer.elementor-widget-empty .elementor-widget-empty-icon{position:absolute;top:0;bottom:0;left:0;right:0;margin:auto;padding:0;width:22px;height:22px}<\/style>\t\t<div class=\"elementor-spacer\">\n\t\t\t<div class=\"elementor-spacer-inner\"><\/div>\n\t\t<\/div>\n\t\t\t\t<\/div>\n\t\t\t\t<\/div>\n\t\t\t\t\t<\/div>\n\t\t<\/div>\n\t\t\t\t\t\t\t<\/div>\n\t\t<\/section>\n\t\t\t\t\t\t\t<\/div>","protected":false},"excerpt":{"rendered":"<p>engineering Glavni projekt Projekt je vrlo va\u017ean zadatak, a koji mora sadr\u017eavati opis ku\u0107e, odnosno Va\u0161u detaljnu viziju budu\u0107e nekretnine. Bitan je i bud\u017eet kojim se raspola\u017ee, naravno, za predvi\u0111anje tro\u0161kova gradnje. Uz prvi korak, a to je zahtjev za utvr\u0111ivanje posebnih uvjeta predaje se idejno rje\u0161enje. Glavni projekt sadr\u017ei: arhitektonski projekt, gra\u0111evinski projekt, elektrotehni\u010dki [&hellip;]<\/p>","protected":false},"author":2,"featured_media":0,"parent":0,"menu_order":0,"comment_status":"closed","ping_status":"closed","template":"","meta":{"content-type":"","om_disable_all_campaigns":false,"_monsterinsights_skip_tracking":false,"_monsterinsights_sitenote_active":false,"_monsterinsights_sitenote_note":"","_monsterinsights_sitenote_category":0,"_uf_show_specific_survey":0,"_uf_disable_surveys":false,"footnotes":""},"class_list":["post-10967","page","type-page","status-publish","hentry"],"aioseo_notices":[],"_links":{"self":[{"href":"https:\/\/panoramagroup.hr\/de\/wp-json\/wp\/v2\/pages\/10967","targetHints":{"allow":["GET"]}}],"collection":[{"href":"https:\/\/panoramagroup.hr\/de\/wp-json\/wp\/v2\/pages"}],"about":[{"href":"https:\/\/panoramagroup.hr\/de\/wp-json\/wp\/v2\/types\/page"}],"author":[{"embeddable":true,"href":"https:\/\/panoramagroup.hr\/de\/wp-json\/wp\/v2\/users\/2"}],"replies":[{"embeddable":true,"href":"https:\/\/panoramagroup.hr\/de\/wp-json\/wp\/v2\/comments?post=10967"}],"version-history":[{"count":28,"href":"https:\/\/panoramagroup.hr\/de\/wp-json\/wp\/v2\/pages\/10967\/revisions"}],"predecessor-version":[{"id":12441,"href":"https:\/\/panoramagroup.hr\/de\/wp-json\/wp\/v2\/pages\/10967\/revisions\/12441"}],"wp:attachment":[{"href":"https:\/\/panoramagroup.hr\/de\/wp-json\/wp\/v2\/media?parent=10967"}],"curies":[{"name":"wp","href":"https:\/\/api.w.org\/{rel}","templated":true}]}}