{"id":10981,"date":"2021-10-07T18:42:42","date_gmt":"2021-10-07T18:42:42","guid":{"rendered":"https:\/\/panoramagroup.hr\/?page_id=10981"},"modified":"2024-02-14T10:02:49","modified_gmt":"2024-02-14T10:02:49","slug":"gradjevinska-dozvola","status":"publish","type":"page","link":"https:\/\/panoramagroup.hr\/de\/gradjevinska-dozvola\/","title":{"rendered":"Baugenehmigung"},"content":{"rendered":"<div data-elementor-type=\"wp-page\" data-elementor-id=\"10981\" class=\"elementor elementor-10981\">\n\t\t\t\t\t\t\t\t\t<section class=\"elementor-section elementor-top-section elementor-element elementor-element-094f7e1 elementor-section-full_width qodef-elementor-content-grid elementor-section-height-default elementor-section-height-default\" data-id=\"094f7e1\" data-element_type=\"section\">\n\t\t\t\t\t\t<div class=\"elementor-container elementor-column-gap-default\">\n\t\t\t\t\t<div class=\"elementor-column elementor-col-100 elementor-top-column elementor-element elementor-element-6cebfbb\" data-id=\"6cebfbb\" data-element_type=\"column\">\n\t\t\t<div class=\"elementor-widget-wrap elementor-element-populated\">\n\t\t\t\t\t\t\t\t<div class=\"elementor-element elementor-element-304b54a elementor-widget__width-initial elementor-widget elementor-widget-halstein_core_section_title\" data-id=\"304b54a\" data-element_type=\"widget\" data-widget_type=\"halstein_core_section_title.default\">\n\t\t\t\t<div class=\"elementor-widget-container\">\n\t\t\t<div class=\"qodef-shortcode qodef-m  qodef-section-title qodef-alignment--left\">\n\t\t<h6 class=\"qodef-m-tagline\" >\n\t\tengineering\t<\/h6>\n\t\t<h2 class=\"qodef-m-title\" >\n\t\t\t\t\tBaugenehmigung \t\t\t<\/h2>\n\t\t\t<\/div>\n\t\t<\/div>\n\t\t\t\t<\/div>\n\t\t\t\t\t<\/div>\n\t\t<\/div>\n\t\t\t\t\t\t\t<\/div>\n\t\t<\/section>\n\t\t\t\t<section class=\"elementor-section elementor-top-section elementor-element elementor-element-f5accd4 elementor-section-boxed elementor-section-height-default elementor-section-height-default qodef-elementor-content-no\" data-id=\"f5accd4\" data-element_type=\"section\">\n\t\t\t\t\t\t<div class=\"elementor-container elementor-column-gap-default\">\n\t\t\t\t\t<div class=\"elementor-column elementor-col-50 elementor-top-column elementor-element elementor-element-6bbb5db\" data-id=\"6bbb5db\" data-element_type=\"column\">\n\t\t\t<div class=\"elementor-widget-wrap elementor-element-populated\">\n\t\t\t\t\t\t\t\t<div class=\"elementor-element elementor-element-3cf8dbc elementor-widget elementor-widget-image\" data-id=\"3cf8dbc\" data-element_type=\"widget\" data-widget_type=\"image.default\">\n\t\t\t\t<div class=\"elementor-widget-container\">\n\t\t\t<style>\/*! elementor - v3.16.0 - 17-10-2023 *\/\n.elementor-widget-image{text-align:center}.elementor-widget-image a{display:inline-block}.elementor-widget-image a img[src$=\".svg\"]{width:48px}.elementor-widget-image img{vertical-align:middle;display:inline-block}<\/style>\t\t\t\t\t\t\t\t\t\t\t\t<img loading=\"lazy\" decoding=\"async\" width=\"768\" height=\"768\" src=\"https:\/\/panoramagroup.hr\/wp-content\/uploads\/2023\/04\/building-permit-GettyImages-96340421.jpg\" class=\"attachment-large size-large wp-image-10982\" alt=\"\" srcset=\"https:\/\/panoramagroup.hr\/wp-content\/uploads\/2023\/04\/building-permit-GettyImages-96340421.jpg 768w, https:\/\/panoramagroup.hr\/wp-content\/uploads\/2023\/04\/building-permit-GettyImages-96340421-300x300.jpg 300w, https:\/\/panoramagroup.hr\/wp-content\/uploads\/2023\/04\/building-permit-GettyImages-96340421-150x150.jpg 150w, https:\/\/panoramagroup.hr\/wp-content\/uploads\/2023\/04\/building-permit-GettyImages-96340421-650x650.jpg 650w\" sizes=\"auto, (max-width: 768px) 100vw, 768px\" \/>\t\t\t\t\t\t\t\t\t\t\t\t\t\t\t<\/div>\n\t\t\t\t<\/div>\n\t\t\t\t\t<\/div>\n\t\t<\/div>\n\t\t\t\t<div class=\"elementor-column elementor-col-50 elementor-top-column elementor-element elementor-element-1085bb7\" data-id=\"1085bb7\" data-element_type=\"column\">\n\t\t\t<div class=\"elementor-widget-wrap elementor-element-populated\">\n\t\t\t\t\t\t\t\t<div class=\"elementor-element elementor-element-d2d0e09 elementor-widget elementor-widget-text-editor\" data-id=\"d2d0e09\" data-element_type=\"widget\" data-widget_type=\"text-editor.default\">\n\t\t\t\t<div class=\"elementor-widget-container\">\n\t\t\t<style>\/*! elementor - v3.16.0 - 17-10-2023 *\/\n.elementor-widget-text-editor.elementor-drop-cap-view-stacked .elementor-drop-cap{background-color:#69727d;color:#fff}.elementor-widget-text-editor.elementor-drop-cap-view-framed .elementor-drop-cap{color:#69727d;border:3px solid;background-color:transparent}.elementor-widget-text-editor:not(.elementor-drop-cap-view-default) .elementor-drop-cap{margin-top:8px}.elementor-widget-text-editor:not(.elementor-drop-cap-view-default) .elementor-drop-cap-letter{width:1em;height:1em}.elementor-widget-text-editor .elementor-drop-cap{float:left;text-align:center;line-height:1;font-size:50px}.elementor-widget-text-editor .elementor-drop-cap-letter{display:inline-block}<\/style>\t\t\t\t<p><span style=\"background-color: #ffffff;\">Da bi investitor sploh lahko za\u010del z gradnjo, potrebuje pravnomo\u010dno gradbeno dovoljenje. Gradbena dovoljenja izdajajo velika mesta (nad 35.000 prebivalcev) in mesta s sede\u017ei \u017eupanij za svoje obmo\u010dje oziroma okrajni uradi za vse ostale ob\u010dine in mesta v ob\u010dini.\u00a0<br \/><\/span><br \/><span style=\"background-color: #ffffff;\">Der Antrag auf Erteilung einer Baugenehmigung wird vom Investor gestellt und muss an die zust\u00e4ndige Verwaltungsbeh\u00f6rde einer Gro\u00dfstadt, der Stadt Zagreb oder des Kreises, gerichtet werden, die je nach Standort f\u00fcr Verwaltungsangelegenheiten im Bauwesen zust\u00e4ndig ist der Bau oder Umbau des Geb\u00e4udes geplant ist.\u00a0<\/span><\/p><p><span style=\"background-color: #ffffff;\">Die Baugenehmigung hat keine rechtlichen Auswirkungen auf das Eigentum und andere dingliche Rechte an der Immobilie, f\u00fcr die sie erteilt wurde, und stellt keine Rechtsgrundlage f\u00fcr den Erwerb des Eigentums an der Immobilie dar. F\u00fcr ihre Erteilung reicht der Nachweis einer rechtlichen Genehmigung aus Interesse. Die Erteilung der Baugenehmigung erfolgt nach einem Verfahren, in dem die Erteilungsvoraussetzungen gepr\u00fcft werden.<\/span><\/p>\t\t\t\t\t\t<\/div>\n\t\t\t\t<\/div>\n\t\t\t\t\t<\/div>\n\t\t<\/div>\n\t\t\t\t\t\t\t<\/div>\n\t\t<\/section>\n\t\t\t\t<section class=\"elementor-section elementor-top-section elementor-element elementor-element-17b4000 elementor-section-boxed elementor-section-height-default elementor-section-height-default qodef-elementor-content-no\" data-id=\"17b4000\" data-element_type=\"section\">\n\t\t\t\t\t\t<div class=\"elementor-container elementor-column-gap-default\">\n\t\t\t\t\t<div class=\"elementor-column elementor-col-100 elementor-top-column elementor-element elementor-element-a2702df\" data-id=\"a2702df\" data-element_type=\"column\">\n\t\t\t<div class=\"elementor-widget-wrap elementor-element-populated\">\n\t\t\t\t\t\t\t\t<div class=\"elementor-element elementor-element-ea6c944 elementor-widget elementor-widget-spacer\" data-id=\"ea6c944\" data-element_type=\"widget\" data-widget_type=\"spacer.default\">\n\t\t\t\t<div class=\"elementor-widget-container\">\n\t\t\t<style>\/*! elementor - v3.16.0 - 17-10-2023 *\/\n.elementor-column .elementor-spacer-inner{height:var(--spacer-size)}.e-con{--container-widget-width:100%}.e-con-inner>.elementor-widget-spacer,.e-con>.elementor-widget-spacer{width:var(--container-widget-width,var(--spacer-size));--align-self:var(--container-widget-align-self,initial);--flex-shrink:0}.e-con-inner>.elementor-widget-spacer>.elementor-widget-container,.e-con>.elementor-widget-spacer>.elementor-widget-container{height:100%;width:100%}.e-con-inner>.elementor-widget-spacer>.elementor-widget-container>.elementor-spacer,.e-con>.elementor-widget-spacer>.elementor-widget-container>.elementor-spacer{height:100%}.e-con-inner>.elementor-widget-spacer>.elementor-widget-container>.elementor-spacer>.elementor-spacer-inner,.e-con>.elementor-widget-spacer>.elementor-widget-container>.elementor-spacer>.elementor-spacer-inner{height:var(--container-widget-height,var(--spacer-size))}.e-con-inner>.elementor-widget-spacer.elementor-widget-empty,.e-con>.elementor-widget-spacer.elementor-widget-empty{position:relative;min-height:22px;min-width:22px}.e-con-inner>.elementor-widget-spacer.elementor-widget-empty .elementor-widget-empty-icon,.e-con>.elementor-widget-spacer.elementor-widget-empty .elementor-widget-empty-icon{position:absolute;top:0;bottom:0;left:0;right:0;margin:auto;padding:0;width:22px;height:22px}<\/style>\t\t<div class=\"elementor-spacer\">\n\t\t\t<div class=\"elementor-spacer-inner\"><\/div>\n\t\t<\/div>\n\t\t\t\t<\/div>\n\t\t\t\t<\/div>\n\t\t\t\t\t<\/div>\n\t\t<\/div>\n\t\t\t\t\t\t\t<\/div>\n\t\t<\/section>\n\t\t\t\t\t\t\t<\/div>","protected":false},"excerpt":{"rendered":"<p>engineering Gra\u0111evinska dozvola Da bi investitor uop\u0107e mogao pristupiti gradnji, potrebna mu je pravomo\u0107na gra\u0111evinska dozvola. Gra\u0111evinske dozvole izdaju veliki gradovi (iznad 35.000 stanovnika) i gradovi sjedi\u0161ta \u017eupanija za svoje podru\u010dje ili \u017eupanijski uredi za sve ostale op\u0107ine i gradove na podru\u010dju \u017eupanije.\u00a0 Zahtjev za izdavanje gra\u0111evinske dozvole podnosi investitor, a potrebno ga je uputiti [&hellip;]<\/p>","protected":false},"author":2,"featured_media":0,"parent":0,"menu_order":0,"comment_status":"closed","ping_status":"closed","template":"","meta":{"content-type":"","om_disable_all_campaigns":false,"_monsterinsights_skip_tracking":false,"_monsterinsights_sitenote_active":false,"_monsterinsights_sitenote_note":"","_monsterinsights_sitenote_category":0,"_uf_show_specific_survey":0,"_uf_disable_surveys":false,"footnotes":""},"class_list":["post-10981","page","type-page","status-publish","hentry"],"aioseo_notices":[],"_links":{"self":[{"href":"https:\/\/panoramagroup.hr\/de\/wp-json\/wp\/v2\/pages\/10981","targetHints":{"allow":["GET"]}}],"collection":[{"href":"https:\/\/panoramagroup.hr\/de\/wp-json\/wp\/v2\/pages"}],"about":[{"href":"https:\/\/panoramagroup.hr\/de\/wp-json\/wp\/v2\/types\/page"}],"author":[{"embeddable":true,"href":"https:\/\/panoramagroup.hr\/de\/wp-json\/wp\/v2\/users\/2"}],"replies":[{"embeddable":true,"href":"https:\/\/panoramagroup.hr\/de\/wp-json\/wp\/v2\/comments?post=10981"}],"version-history":[{"count":19,"href":"https:\/\/panoramagroup.hr\/de\/wp-json\/wp\/v2\/pages\/10981\/revisions"}],"predecessor-version":[{"id":12435,"href":"https:\/\/panoramagroup.hr\/de\/wp-json\/wp\/v2\/pages\/10981\/revisions\/12435"}],"wp:attachment":[{"href":"https:\/\/panoramagroup.hr\/de\/wp-json\/wp\/v2\/media?parent=10981"}],"curies":[{"name":"wp","href":"https:\/\/api.w.org\/{rel}","templated":true}]}}