{"id":11169,"date":"2023-05-16T18:37:27","date_gmt":"2023-05-16T18:37:27","guid":{"rendered":"https:\/\/panoramagroup.hr\/?page_id=11169"},"modified":"2023-05-19T06:59:48","modified_gmt":"2023-05-19T06:59:48","slug":"panorama-network","status":"publish","type":"page","link":"https:\/\/panoramagroup.hr\/de\/panorama-network\/","title":{"rendered":"Panorama NETWORK"},"content":{"rendered":"<div class=\"wp-block-image\">\n<figure class=\"aligncenter size-medium is-resized\"><img loading=\"lazy\" decoding=\"async\" src=\"https:\/\/panoramagroup.hr\/wp-content\/uploads\/2023\/05\/Panorama-Network-brez-prstana-1-300x81.png\" alt=\"\" class=\"wp-image-11125\" width=\"325\" height=\"88\" srcset=\"https:\/\/panoramagroup.hr\/wp-content\/uploads\/2023\/05\/Panorama-Network-brez-prstana-1-300x81.png 300w, https:\/\/panoramagroup.hr\/wp-content\/uploads\/2023\/05\/Panorama-Network-brez-prstana-1-768x207.png 768w, https:\/\/panoramagroup.hr\/wp-content\/uploads\/2023\/05\/Panorama-Network-brez-prstana-1.png 993w\" sizes=\"auto, (max-width: 325px) 100vw, 325px\" \/><\/figure>\n<\/div>\n\n\n<p class=\"has-text-align-center\">Willkommen in unserem Immobiliennetzwerk, wo Erfolg Teamarbeit ist! Erstellen Sie gemeinsam mit uns eine auf Empfehlungen basierende Community, in der vertrauensw\u00fcrdige Kontakte die neuesten und besten Immobilienprojekte miteinander teilen.<\/p>\n\n\n\n<p><\/p>\n\n\n\n<p>Geben Sie unten Ihre Daten ein, um beizutreten.<\/p>\n\n\n\n<p><\/p>\n\n\n\n<div class=\"forminator-guttenberg\"><\/div>","protected":false},"excerpt":{"rendered":"<p>Dobrodo\u0161li u na\u0161u mre\u017eu nekretnina, gdje je uspjeh timski rad! Pridru\u017eite nam se u stvaranju zajednice temeljene na preporukama, gdje \u0107e pouzdani kontakti dijeliti najnovije i najbolje projekte nekretnina me\u0111usobno. Ispunite svoje podatke ispod kako biste se pridru\u017eili.<\/p>","protected":false},"author":1,"featured_media":0,"parent":0,"menu_order":0,"comment_status":"closed","ping_status":"closed","template":"","meta":{"content-type":"","om_disable_all_campaigns":false,"_monsterinsights_skip_tracking":false,"_monsterinsights_sitenote_active":false,"_monsterinsights_sitenote_note":"","_monsterinsights_sitenote_category":0,"_uf_show_specific_survey":0,"_uf_disable_surveys":false,"footnotes":""},"class_list":["post-11169","page","type-page","status-publish","hentry"],"aioseo_notices":[],"_links":{"self":[{"href":"https:\/\/panoramagroup.hr\/de\/wp-json\/wp\/v2\/pages\/11169","targetHints":{"allow":["GET"]}}],"collection":[{"href":"https:\/\/panoramagroup.hr\/de\/wp-json\/wp\/v2\/pages"}],"about":[{"href":"https:\/\/panoramagroup.hr\/de\/wp-json\/wp\/v2\/types\/page"}],"author":[{"embeddable":true,"href":"https:\/\/panoramagroup.hr\/de\/wp-json\/wp\/v2\/users\/1"}],"replies":[{"embeddable":true,"href":"https:\/\/panoramagroup.hr\/de\/wp-json\/wp\/v2\/comments?post=11169"}],"version-history":[{"count":5,"href":"https:\/\/panoramagroup.hr\/de\/wp-json\/wp\/v2\/pages\/11169\/revisions"}],"predecessor-version":[{"id":11247,"href":"https:\/\/panoramagroup.hr\/de\/wp-json\/wp\/v2\/pages\/11169\/revisions\/11247"}],"wp:attachment":[{"href":"https:\/\/panoramagroup.hr\/de\/wp-json\/wp\/v2\/media?parent=11169"}],"curies":[{"name":"wp","href":"https:\/\/api.w.org\/{rel}","templated":true}]}}