{"id":11572,"date":"2021-10-07T08:32:19","date_gmt":"2021-10-07T08:32:19","guid":{"rendered":"https:\/\/panoramagroup.hr\/?page_id=11572"},"modified":"2024-02-14T08:46:51","modified_gmt":"2024-02-14T08:46:51","slug":"construction-3-6","status":"publish","type":"page","link":"https:\/\/panoramagroup.hr\/de\/construction-3-6\/","title":{"rendered":"Construction &#8211; Terenski radovi"},"content":{"rendered":"<div data-elementor-type=\"wp-page\" data-elementor-id=\"11572\" class=\"elementor elementor-11572\">\n\t\t\t\t\t\t\t\t\t<section class=\"elementor-section elementor-top-section elementor-element elementor-element-8f6fcae elementor-section-boxed elementor-section-height-default elementor-section-height-default qodef-elementor-content-no\" data-id=\"8f6fcae\" data-element_type=\"section\">\n\t\t\t\t\t\t<div class=\"elementor-container elementor-column-gap-default\">\n\t\t\t\t\t<div class=\"elementor-column elementor-col-100 elementor-top-column elementor-element elementor-element-0f7cfa7\" data-id=\"0f7cfa7\" data-element_type=\"column\">\n\t\t\t<div class=\"elementor-widget-wrap elementor-element-populated\">\n\t\t\t\t\t\t\t\t<div class=\"elementor-element elementor-element-ab8ad2f elementor-widget elementor-widget-qi_addons_for_elementor_section_title\" data-id=\"ab8ad2f\" data-element_type=\"widget\" data-widget_type=\"qi_addons_for_elementor_section_title.default\">\n\t\t\t\t<div class=\"elementor-widget-container\">\n\t\t\t<div class=\"qodef-shortcode qodef-m qodef-qi-section-title qodef-decoration--italic qodef-link--underline-draw qodef-subtitle-icon--left\">\n\t\t\t\t<h6 class=\"qodef-m-subtitle\">\n\t\tKonstruktion\t\t\t<\/h6>\n\t\t\t<h2 class=\"qodef-m-title\">\n\t\tFeldarbeiten\t<\/h2>\n\t\t\t<\/div>\n\t\t<\/div>\n\t\t\t\t<\/div>\n\t\t\t\t\t<\/div>\n\t\t<\/div>\n\t\t\t\t\t\t\t<\/div>\n\t\t<\/section>\n\t\t\t\t<section class=\"elementor-section elementor-top-section elementor-element elementor-element-64e0374 elementor-section-boxed elementor-section-height-default elementor-section-height-default qodef-elementor-content-no\" data-id=\"64e0374\" data-element_type=\"section\">\n\t\t\t\t\t\t<div class=\"elementor-container elementor-column-gap-default\">\n\t\t\t\t\t<div class=\"elementor-column elementor-col-100 elementor-top-column elementor-element elementor-element-2fd2939\" data-id=\"2fd2939\" data-element_type=\"column\">\n\t\t\t<div class=\"elementor-widget-wrap elementor-element-populated\">\n\t\t\t\t\t\t\t\t<div class=\"elementor-element elementor-element-5b3d650 elementor-widget elementor-widget-text-editor\" data-id=\"5b3d650\" data-element_type=\"widget\" data-widget_type=\"text-editor.default\">\n\t\t\t\t<div class=\"elementor-widget-container\">\n\t\t\t<style>\/*! elementor - v3.16.0 - 17-10-2023 *\/\n.elementor-widget-text-editor.elementor-drop-cap-view-stacked .elementor-drop-cap{background-color:#69727d;color:#fff}.elementor-widget-text-editor.elementor-drop-cap-view-framed .elementor-drop-cap{color:#69727d;border:3px solid;background-color:transparent}.elementor-widget-text-editor:not(.elementor-drop-cap-view-default) .elementor-drop-cap{margin-top:8px}.elementor-widget-text-editor:not(.elementor-drop-cap-view-default) .elementor-drop-cap-letter{width:1em;height:1em}.elementor-widget-text-editor .elementor-drop-cap{float:left;text-align:center;line-height:1;font-size:50px}.elementor-widget-text-editor .elementor-drop-cap-letter{display:inline-block}<\/style>\t\t\t\t<p>Unser Team ist eine vielseitige Kraft, die eine breite Palette spezialisierter Dienstleistungen anbietet, die auf die Anforderungen unserer Kunden in der Luxusimmobilien- und Baubranche zugeschnitten sind.<\/p><p>Von Anfang an zeichnen sich unsere Teams durch hervorragende Vorbereitungsarbeiten aus und f\u00fchren gr\u00fcndliche Vorbereitungen vor Ort durch, um einen reibungslosen Start von Bauprojekten zu gew\u00e4hrleisten. Erdarbeiten werden mit Pr\u00e4zision ausgef\u00fchrt und umfassen Ausgrabungen und Erdarbeiten, die f\u00fcr die Grundlage unserer architektonischen Bem\u00fchungen von entscheidender Bedeutung sind. Im Bereich der strukturellen Integrit\u00e4t kommen unsere Kompetenzen bei Beton- und AB-Arbeiten zum Tragen, die die komplexe Kunst des Baus von Beton- und Stahlbetonkonstruktionen umfassen. F\u00fcr komplexe Metallarbeiten und Montagen bieten unsere Schlosserarbeiten erstklassige Handwerkskunst, w\u00e4hrend alle Maurerarbeiten unser Fachwissen im Maurerhandwerk und anderen Maurerarbeiten unter Beweis stellen. Unser Engagement f\u00fcr die Gew\u00e4hrleistung der W\u00e4rme- und Schalleffizienz von Geb\u00e4uden spiegelt sich in den D\u00e4mmarbeiten wider und gew\u00e4hrleistet die ordnungsgem\u00e4\u00dfe Installation der D\u00e4mmung.<\/p><p>Indem wir die \u00c4sthetik und Funktionalit\u00e4t der Struktur verbessern, k\u00f6nnen wir auch Fassadenarbeiten problemlos durchf\u00fchren und die Au\u00dfenfl\u00e4chen mit Leichtigkeit bereichern. Beim Verputzen wird der Putz pr\u00e4zise auf W\u00e4nde und Decken aufgetragen, um glatte und fertige Oberfl\u00e4chen zu schaffen. Zu den verschiedenen Unterverlegearbeiten geh\u00f6rt die Verlegung unterschiedlicher Bodenbel\u00e4ge, darunter Fliesen, Holz und Laminat. Der letzte Schliff steht im Malerhandwerk im Vordergrund, wo wir Innen- und Au\u00dfenanstricharbeiten anbieten, um Bauprojekte zum Abschluss zu bringen. Wir f\u00fchren auch Keramikarbeiten sowie die Verlegung von Keramik-, Porzellan- und anderen Fliesenarten auf B\u00f6den, W\u00e4nden und verschiedenen Oberfl\u00e4chen durch. Wir f\u00fchren auch Tischlerarbeiten durch, bei denen wir ma\u00dfgeschneiderte Holzkonstruktionen, Elemente und M\u00f6bel installieren und so jedem Detail unserer Luxusimmobilien und Bauprojekte einen Hauch von Luxus verleihen.<\/p>\t\t\t\t\t\t<\/div>\n\t\t\t\t<\/div>\n\t\t\t\t\t<\/div>\n\t\t<\/div>\n\t\t\t\t\t\t\t<\/div>\n\t\t<\/section>\n\t\t\t\t<section class=\"elementor-section elementor-top-section elementor-element elementor-element-5ca86da elementor-section-boxed elementor-section-height-default elementor-section-height-default qodef-elementor-content-no\" data-id=\"5ca86da\" data-element_type=\"section\">\n\t\t\t\t\t\t<div class=\"elementor-container elementor-column-gap-default\">\n\t\t\t\t\t<div class=\"elementor-column elementor-col-100 elementor-top-column elementor-element elementor-element-652a907\" data-id=\"652a907\" data-element_type=\"column\">\n\t\t\t<div class=\"elementor-widget-wrap elementor-element-populated\">\n\t\t\t\t\t\t\t\t<div class=\"elementor-element elementor-element-30dc130 elementor-widget elementor-widget-spacer\" data-id=\"30dc130\" data-element_type=\"widget\" data-widget_type=\"spacer.default\">\n\t\t\t\t<div class=\"elementor-widget-container\">\n\t\t\t<style>\/*! elementor - v3.16.0 - 17-10-2023 *\/\n.elementor-column .elementor-spacer-inner{height:var(--spacer-size)}.e-con{--container-widget-width:100%}.e-con-inner>.elementor-widget-spacer,.e-con>.elementor-widget-spacer{width:var(--container-widget-width,var(--spacer-size));--align-self:var(--container-widget-align-self,initial);--flex-shrink:0}.e-con-inner>.elementor-widget-spacer>.elementor-widget-container,.e-con>.elementor-widget-spacer>.elementor-widget-container{height:100%;width:100%}.e-con-inner>.elementor-widget-spacer>.elementor-widget-container>.elementor-spacer,.e-con>.elementor-widget-spacer>.elementor-widget-container>.elementor-spacer{height:100%}.e-con-inner>.elementor-widget-spacer>.elementor-widget-container>.elementor-spacer>.elementor-spacer-inner,.e-con>.elementor-widget-spacer>.elementor-widget-container>.elementor-spacer>.elementor-spacer-inner{height:var(--container-widget-height,var(--spacer-size))}.e-con-inner>.elementor-widget-spacer.elementor-widget-empty,.e-con>.elementor-widget-spacer.elementor-widget-empty{position:relative;min-height:22px;min-width:22px}.e-con-inner>.elementor-widget-spacer.elementor-widget-empty .elementor-widget-empty-icon,.e-con>.elementor-widget-spacer.elementor-widget-empty .elementor-widget-empty-icon{position:absolute;top:0;bottom:0;left:0;right:0;margin:auto;padding:0;width:22px;height:22px}<\/style>\t\t<div class=\"elementor-spacer\">\n\t\t\t<div class=\"elementor-spacer-inner\"><\/div>\n\t\t<\/div>\n\t\t\t\t<\/div>\n\t\t\t\t<\/div>\n\t\t\t\t\t<\/div>\n\t\t<\/div>\n\t\t\t\t\t\t\t<\/div>\n\t\t<\/section>\n\t\t\t\t\t\t\t<\/div>","protected":false},"excerpt":{"rendered":"<p>Construction Terenski radovi Na\u0161a ekipa je svestrana snaga koja nudi \u0161irok spektar specijaliziranih usluga prilago\u0111enih ispunjavanju zahtjeva na\u0161ih klijenata u industriji luksuznih nekretnina i gra\u0111evinarstvu. Od samog po\u010detka, na\u0161e ekipe se isti\u010du u predpripremnih radovih, izvode\u0107i temeljite preliminarne pripreme terena kako bi osigurale glatki po\u010detak gra\u0111evinskih projekata. Zemljani radovi izvode se s precizno\u0161\u0107u i obuhva\u0107aju [&hellip;]<\/p>","protected":false},"author":1,"featured_media":0,"parent":0,"menu_order":0,"comment_status":"closed","ping_status":"closed","template":"page-full-width.php","meta":{"content-type":"","om_disable_all_campaigns":false,"_monsterinsights_skip_tracking":false,"_monsterinsights_sitenote_active":false,"_monsterinsights_sitenote_note":"","_monsterinsights_sitenote_category":0,"_uf_show_specific_survey":0,"_uf_disable_surveys":false,"footnotes":""},"class_list":["post-11572","page","type-page","status-publish","hentry"],"aioseo_notices":[],"_links":{"self":[{"href":"https:\/\/panoramagroup.hr\/de\/wp-json\/wp\/v2\/pages\/11572","targetHints":{"allow":["GET"]}}],"collection":[{"href":"https:\/\/panoramagroup.hr\/de\/wp-json\/wp\/v2\/pages"}],"about":[{"href":"https:\/\/panoramagroup.hr\/de\/wp-json\/wp\/v2\/types\/page"}],"author":[{"embeddable":true,"href":"https:\/\/panoramagroup.hr\/de\/wp-json\/wp\/v2\/users\/1"}],"replies":[{"embeddable":true,"href":"https:\/\/panoramagroup.hr\/de\/wp-json\/wp\/v2\/comments?post=11572"}],"version-history":[{"count":14,"href":"https:\/\/panoramagroup.hr\/de\/wp-json\/wp\/v2\/pages\/11572\/revisions"}],"predecessor-version":[{"id":12348,"href":"https:\/\/panoramagroup.hr\/de\/wp-json\/wp\/v2\/pages\/11572\/revisions\/12348"}],"wp:attachment":[{"href":"https:\/\/panoramagroup.hr\/de\/wp-json\/wp\/v2\/media?parent=11572"}],"curies":[{"name":"wp","href":"https:\/\/api.w.org\/{rel}","templated":true}]}}