{"id":12096,"date":"2021-10-07T18:42:42","date_gmt":"2021-10-07T18:42:42","guid":{"rendered":"https:\/\/panoramagroup.hr\/?page_id=12096"},"modified":"2024-02-14T10:06:09","modified_gmt":"2024-02-14T10:06:09","slug":"nadzor-gradnje","status":"publish","type":"page","link":"https:\/\/panoramagroup.hr\/de\/nadzor-gradnje\/","title":{"rendered":"Bauaufsicht"},"content":{"rendered":"<div data-elementor-type=\"wp-page\" data-elementor-id=\"12096\" class=\"elementor elementor-12096\">\n\t\t\t\t\t\t\t\t\t<section class=\"elementor-section elementor-top-section elementor-element elementor-element-2eed4de elementor-section-full_width qodef-elementor-content-grid elementor-section-height-default elementor-section-height-default\" data-id=\"2eed4de\" data-element_type=\"section\">\n\t\t\t\t\t\t<div class=\"elementor-container elementor-column-gap-default\">\n\t\t\t\t\t<div class=\"elementor-column elementor-col-100 elementor-top-column elementor-element elementor-element-81bceba\" data-id=\"81bceba\" data-element_type=\"column\">\n\t\t\t<div class=\"elementor-widget-wrap elementor-element-populated\">\n\t\t\t\t\t\t\t\t<div class=\"elementor-element elementor-element-8b18a6f elementor-widget__width-initial elementor-widget elementor-widget-halstein_core_section_title\" data-id=\"8b18a6f\" data-element_type=\"widget\" data-widget_type=\"halstein_core_section_title.default\">\n\t\t\t\t<div class=\"elementor-widget-container\">\n\t\t\t<div class=\"qodef-shortcode qodef-m  qodef-section-title qodef-alignment--left\">\n\t\t<h6 class=\"qodef-m-tagline\" >\n\t\tMaschinenbau\t<\/h6>\n\t\t<h2 class=\"qodef-m-title\" >\n\t\t\t\t\tBauaufsicht\t\t\t<\/h2>\n\t\t\t<\/div>\n\t\t<\/div>\n\t\t\t\t<\/div>\n\t\t\t\t\t<\/div>\n\t\t<\/div>\n\t\t\t\t\t\t\t<\/div>\n\t\t<\/section>\n\t\t\t\t<section class=\"elementor-section elementor-top-section elementor-element elementor-element-ec386ff elementor-section-boxed elementor-section-height-default elementor-section-height-default qodef-elementor-content-no\" data-id=\"ec386ff\" data-element_type=\"section\">\n\t\t\t\t\t\t<div class=\"elementor-container elementor-column-gap-default\">\n\t\t\t\t\t<div class=\"elementor-column elementor-col-50 elementor-top-column elementor-element elementor-element-f251c28\" data-id=\"f251c28\" data-element_type=\"column\">\n\t\t\t<div class=\"elementor-widget-wrap elementor-element-populated\">\n\t\t\t\t\t\t\t\t<div class=\"elementor-element elementor-element-f5eccfc elementor-widget elementor-widget-text-editor\" data-id=\"f5eccfc\" data-element_type=\"widget\" data-widget_type=\"text-editor.default\">\n\t\t\t\t<div class=\"elementor-widget-container\">\n\t\t\t<style>\/*! elementor - v3.16.0 - 17-10-2023 *\/\n.elementor-widget-text-editor.elementor-drop-cap-view-stacked .elementor-drop-cap{background-color:#69727d;color:#fff}.elementor-widget-text-editor.elementor-drop-cap-view-framed .elementor-drop-cap{color:#69727d;border:3px solid;background-color:transparent}.elementor-widget-text-editor:not(.elementor-drop-cap-view-default) .elementor-drop-cap{margin-top:8px}.elementor-widget-text-editor:not(.elementor-drop-cap-view-default) .elementor-drop-cap-letter{width:1em;height:1em}.elementor-widget-text-editor .elementor-drop-cap{float:left;text-align:center;line-height:1;font-size:50px}.elementor-widget-text-editor .elementor-drop-cap-letter{display:inline-block}<\/style>\t\t\t\t<p>Die Bau\u00fcberwachung spielt eine Schl\u00fcsselrolle bei der Sicherung der Qualit\u00e4t und des Erfolgs von Ingenieurprojekten. Es ist ein wesentlicher Schritt im Bauprozess, da es eine systematische \u00dcberwachung und Steuerung jeder Bauphase erm\u00f6glicht. Dieser Prozess stellt sicher, dass alle Arbeiten im Einklang mit dem Projekt, den technischen Standards und den geltenden Gesetzen ausgef\u00fchrt werden. Die Bau\u00fcberwachung gew\u00e4hrleistet au\u00dferdem die rechtzeitige Erkennung m\u00f6glicher M\u00e4ngel oder Abweichungen, was ein schnelles Eingreifen und Beheben erm\u00f6glicht, bevor schwerwiegendere Probleme auftreten. Dar\u00fcber hinaus tr\u00e4gt es zu Transparenz und Vertrauen zwischen Investoren, Auftragnehmern und anderen Projektbeteiligten bei. Unser fachkundiges Bau\u00fcberwachungsteam \u00fcberwacht sorgf\u00e4ltig jeden Aspekt des Ingenieurprojekts und stellt so hohe Qualit\u00e4tsstandards und die Einhaltung festgelegter Spezifikationen sicher.<\/p>\t\t\t\t\t\t<\/div>\n\t\t\t\t<\/div>\n\t\t\t\t\t<\/div>\n\t\t<\/div>\n\t\t\t\t<div class=\"elementor-column elementor-col-50 elementor-top-column elementor-element elementor-element-4fe423c\" data-id=\"4fe423c\" data-element_type=\"column\">\n\t\t\t<div class=\"elementor-widget-wrap elementor-element-populated\">\n\t\t\t\t\t\t\t\t<div class=\"elementor-element elementor-element-1d34f3e elementor-widget elementor-widget-image\" data-id=\"1d34f3e\" data-element_type=\"widget\" data-widget_type=\"image.default\">\n\t\t\t\t<div class=\"elementor-widget-container\">\n\t\t\t<style>\/*! elementor - v3.16.0 - 17-10-2023 *\/\n.elementor-widget-image{text-align:center}.elementor-widget-image a{display:inline-block}.elementor-widget-image a img[src$=\".svg\"]{width:48px}.elementor-widget-image img{vertical-align:middle;display:inline-block}<\/style>\t\t\t\t\t\t\t\t\t\t\t\t<img loading=\"lazy\" decoding=\"async\" width=\"1024\" height=\"785\" src=\"https:\/\/panoramagroup.hr\/wp-content\/uploads\/2024\/01\/Firefly-photo-of-construction-supervision-at-a-construction-site-with-sea-views-32355-e1705644291481-1024x785.jpg\" class=\"attachment-large size-large wp-image-12098\" alt=\"\" srcset=\"https:\/\/panoramagroup.hr\/wp-content\/uploads\/2024\/01\/Firefly-photo-of-construction-supervision-at-a-construction-site-with-sea-views-32355-e1705644291481-1024x785.jpg 1024w, https:\/\/panoramagroup.hr\/wp-content\/uploads\/2024\/01\/Firefly-photo-of-construction-supervision-at-a-construction-site-with-sea-views-32355-e1705644291481-300x230.jpg 300w, https:\/\/panoramagroup.hr\/wp-content\/uploads\/2024\/01\/Firefly-photo-of-construction-supervision-at-a-construction-site-with-sea-views-32355-e1705644291481-768x589.jpg 768w, https:\/\/panoramagroup.hr\/wp-content\/uploads\/2024\/01\/Firefly-photo-of-construction-supervision-at-a-construction-site-with-sea-views-32355-e1705644291481-1536x1178.jpg 1536w, https:\/\/panoramagroup.hr\/wp-content\/uploads\/2024\/01\/Firefly-photo-of-construction-supervision-at-a-construction-site-with-sea-views-32355-e1705644291481.jpg 2048w\" sizes=\"auto, (max-width: 1024px) 100vw, 1024px\" \/>\t\t\t\t\t\t\t\t\t\t\t\t\t\t\t<\/div>\n\t\t\t\t<\/div>\n\t\t\t\t\t<\/div>\n\t\t<\/div>\n\t\t\t\t\t\t\t<\/div>\n\t\t<\/section>\n\t\t\t\t<section class=\"elementor-section elementor-top-section elementor-element elementor-element-babd141 elementor-section-boxed elementor-section-height-default elementor-section-height-default qodef-elementor-content-no\" data-id=\"babd141\" data-element_type=\"section\">\n\t\t\t\t\t\t<div class=\"elementor-container elementor-column-gap-default\">\n\t\t\t\t\t<div class=\"elementor-column elementor-col-100 elementor-top-column elementor-element elementor-element-3557442\" data-id=\"3557442\" data-element_type=\"column\">\n\t\t\t<div class=\"elementor-widget-wrap elementor-element-populated\">\n\t\t\t\t\t\t\t\t<div class=\"elementor-element elementor-element-1a5db28 elementor-widget elementor-widget-spacer\" data-id=\"1a5db28\" data-element_type=\"widget\" data-widget_type=\"spacer.default\">\n\t\t\t\t<div class=\"elementor-widget-container\">\n\t\t\t<style>\/*! elementor - v3.16.0 - 17-10-2023 *\/\n.elementor-column .elementor-spacer-inner{height:var(--spacer-size)}.e-con{--container-widget-width:100%}.e-con-inner>.elementor-widget-spacer,.e-con>.elementor-widget-spacer{width:var(--container-widget-width,var(--spacer-size));--align-self:var(--container-widget-align-self,initial);--flex-shrink:0}.e-con-inner>.elementor-widget-spacer>.elementor-widget-container,.e-con>.elementor-widget-spacer>.elementor-widget-container{height:100%;width:100%}.e-con-inner>.elementor-widget-spacer>.elementor-widget-container>.elementor-spacer,.e-con>.elementor-widget-spacer>.elementor-widget-container>.elementor-spacer{height:100%}.e-con-inner>.elementor-widget-spacer>.elementor-widget-container>.elementor-spacer>.elementor-spacer-inner,.e-con>.elementor-widget-spacer>.elementor-widget-container>.elementor-spacer>.elementor-spacer-inner{height:var(--container-widget-height,var(--spacer-size))}.e-con-inner>.elementor-widget-spacer.elementor-widget-empty,.e-con>.elementor-widget-spacer.elementor-widget-empty{position:relative;min-height:22px;min-width:22px}.e-con-inner>.elementor-widget-spacer.elementor-widget-empty .elementor-widget-empty-icon,.e-con>.elementor-widget-spacer.elementor-widget-empty .elementor-widget-empty-icon{position:absolute;top:0;bottom:0;left:0;right:0;margin:auto;padding:0;width:22px;height:22px}<\/style>\t\t<div class=\"elementor-spacer\">\n\t\t\t<div class=\"elementor-spacer-inner\"><\/div>\n\t\t<\/div>\n\t\t\t\t<\/div>\n\t\t\t\t<\/div>\n\t\t\t\t\t<\/div>\n\t\t<\/div>\n\t\t\t\t\t\t\t<\/div>\n\t\t<\/section>\n\t\t\t\t\t\t\t<\/div>","protected":false},"excerpt":{"rendered":"<p>Engineering Nadzor gradnje Nadzor gradnje igra klju\u010dnu ulogu u osiguravanju kvalitete i uspje\u0161nosti in\u017eenjerskih projekata. To je neizostavan korak u procesu izgradnje jer omogu\u0107uje sustavno pra\u0107enje i kontrolu svake faze gradnje. Ovaj proces osigurava da se svi radovi izvode sukladno projektu, tehni\u010dkim standardima te va\u017ee\u0107im zakonodavnim propisima. Nadzorom gradnje osigurava se i pravovremeno otkrivanje eventualnih [&hellip;]<\/p>","protected":false},"author":1,"featured_media":0,"parent":0,"menu_order":0,"comment_status":"closed","ping_status":"closed","template":"","meta":{"content-type":"","om_disable_all_campaigns":false,"_monsterinsights_skip_tracking":false,"_monsterinsights_sitenote_active":false,"_monsterinsights_sitenote_note":"","_monsterinsights_sitenote_category":0,"_uf_show_specific_survey":0,"_uf_disable_surveys":false,"footnotes":""},"class_list":["post-12096","page","type-page","status-publish","hentry"],"aioseo_notices":[],"_links":{"self":[{"href":"https:\/\/panoramagroup.hr\/de\/wp-json\/wp\/v2\/pages\/12096","targetHints":{"allow":["GET"]}}],"collection":[{"href":"https:\/\/panoramagroup.hr\/de\/wp-json\/wp\/v2\/pages"}],"about":[{"href":"https:\/\/panoramagroup.hr\/de\/wp-json\/wp\/v2\/types\/page"}],"author":[{"embeddable":true,"href":"https:\/\/panoramagroup.hr\/de\/wp-json\/wp\/v2\/users\/1"}],"replies":[{"embeddable":true,"href":"https:\/\/panoramagroup.hr\/de\/wp-json\/wp\/v2\/comments?post=12096"}],"version-history":[{"count":4,"href":"https:\/\/panoramagroup.hr\/de\/wp-json\/wp\/v2\/pages\/12096\/revisions"}],"predecessor-version":[{"id":12101,"href":"https:\/\/panoramagroup.hr\/de\/wp-json\/wp\/v2\/pages\/12096\/revisions\/12101"}],"wp:attachment":[{"href":"https:\/\/panoramagroup.hr\/de\/wp-json\/wp\/v2\/media?parent=12096"}],"curies":[{"name":"wp","href":"https:\/\/api.w.org\/{rel}","templated":true}]}}