{"id":12985,"date":"2021-10-07T18:42:42","date_gmt":"2021-10-07T18:42:42","guid":{"rendered":"https:\/\/panoramagroup.hr\/?page_id=12985"},"modified":"2026-02-25T07:41:54","modified_gmt":"2026-02-25T07:41:54","slug":"projekti-u-gradnji","status":"publish","type":"page","link":"https:\/\/panoramagroup.hr\/de\/projekti-u-gradnji\/","title":{"rendered":"Projekte im Bau"},"content":{"rendered":"<div data-elementor-type=\"wp-page\" data-elementor-id=\"12985\" class=\"elementor elementor-12985\">\n\t\t\t\t\t\t\t\t\t<section class=\"elementor-section elementor-top-section elementor-element elementor-element-86f6446 elementor-section-full_width elementor-section-height-default elementor-section-height-default qodef-elementor-content-no\" data-id=\"86f6446\" data-element_type=\"section\" data-settings=\"{&quot;background_background&quot;:&quot;classic&quot;}\">\n\t\t\t\t\t\t<div class=\"elementor-container elementor-column-gap-default\">\n\t\t\t\t\t<div class=\"elementor-column elementor-col-50 elementor-top-column elementor-element elementor-element-d96a514\" data-id=\"d96a514\" data-element_type=\"column\" data-settings=\"{&quot;background_background&quot;:&quot;classic&quot;}\">\n\t\t\t<div class=\"elementor-widget-wrap elementor-element-populated\">\n\t\t\t\t\t\t\t\t<div class=\"elementor-element elementor-element-d61b2ce elementor-widget elementor-widget-halstein_core_banner\" data-id=\"d61b2ce\" data-element_type=\"widget\" data-widget_type=\"halstein_core_banner.default\">\n\t\t\t\t<div class=\"elementor-widget-container\">\n\t\t\t<div class=\"qodef-shortcode qodef-m  qodef-banner qodef-layout--link-overlay  qodef-image-responsive-position--center  qodef-text-field-break--disabled\">\n\t<div class=\"qodef-m-image\">\n\t<img loading=\"lazy\" decoding=\"async\" width=\"921\" height=\"761\" src=\"https:\/\/panoramagroup.hr\/wp-content\/uploads\/2024\/06\/11-e1772005268585.jpg\" class=\"attachment-full size-full\" alt=\"\" srcset=\"https:\/\/panoramagroup.hr\/wp-content\/uploads\/2024\/06\/11-e1772005268585.jpg 921w, https:\/\/panoramagroup.hr\/wp-content\/uploads\/2024\/06\/11-e1772005268585-300x248.jpg 300w, https:\/\/panoramagroup.hr\/wp-content\/uploads\/2024\/06\/11-e1772005268585-768x635.jpg 768w, https:\/\/panoramagroup.hr\/wp-content\/uploads\/2024\/06\/11-e1772005268585-15x12.jpg 15w\" sizes=\"auto, (max-width: 921px) 100vw, 921px\" \/><\/div>\n\t<div class=\"qodef-m-content\">\n\t\t<div class=\"qodef-m-content-inner\" style=\"background-color: #14203B00\">\n\t\t\t<div class=\"qodef-m-content-inner-top\">\n\t\t\t\t\t\t\t\t\t\t\t\t\t\t\t<\/div>\n\t\t\t<div class=\"qodef-m-content-inner-bottom\">\n\t\t\t\t\t<h4 class=\"qodef-m-tagline\" style=\"color: #FFFFFF\">\n\t\tO\u0161tro, Kraljevica\t<\/h4>\n\t\t\t\t<div class=\"qodef-m-arrow\" style=\"color: #FFFFFF\">\n\t<svg class=\"qodef-svg--banner-arrow\" xmlns=\"http:\/\/www.w3.org\/2000\/svg\"\n     xmlns:xlink=\"http:\/\/www.w3.org\/1999\/xlink\" x=\"0px\" y=\"0px\" width=\"35px\" height=\"53px\"\n     viewbox=\"0 0 35 53\" style=\"enable-background:new 0 0 35 53;\" xml:space=\"preserve\"><polyline points=\"15.4,10.9 30.7,26.4 15.4,42.2 \"\/><line x1=\"0.5\" y1=\"0\" x2=\"0.5\" y2=\"53\"\/><\/svg><\/div>\n\t\t\t<\/div>\n\t\t<\/div>\n\t<\/div>\n\t<a itemprop=\"url\" href=\"https:\/\/panoramagroup.hr\/de\/projekt-ostro\/\" class=\"qodef-m-banner-link\" target=\"_self\"><\/a>\n\n<\/div>\n\t\t<\/div>\n\t\t\t\t<\/div>\n\t\t\t\t<div class=\"elementor-element elementor-element-ea0b6fd elementor-widget elementor-widget-halstein_core_banner\" data-id=\"ea0b6fd\" data-element_type=\"widget\" data-widget_type=\"halstein_core_banner.default\">\n\t\t\t\t<div class=\"elementor-widget-container\">\n\t\t\t<div class=\"qodef-shortcode qodef-m  qodef-banner qodef-layout--link-overlay  qodef-image-responsive-position--center  qodef-text-field-break--disabled\">\n\t<div class=\"qodef-m-image\">\n\t<img loading=\"lazy\" decoding=\"async\" width=\"520\" height=\"431\" src=\"https:\/\/panoramagroup.hr\/wp-content\/uploads\/2023\/09\/zgaljici.jpg\" class=\"attachment-full size-full\" alt=\"\" srcset=\"https:\/\/panoramagroup.hr\/wp-content\/uploads\/2023\/09\/zgaljici.jpg 520w, https:\/\/panoramagroup.hr\/wp-content\/uploads\/2023\/09\/zgaljici-300x249.jpg 300w\" sizes=\"auto, (max-width: 520px) 100vw, 520px\" \/><\/div>\n\t<div class=\"qodef-m-content\">\n\t\t<div class=\"qodef-m-content-inner\" style=\"background-color: #14203B00\">\n\t\t\t<div class=\"qodef-m-content-inner-top\">\n\t\t\t\t\t\t\t\t\t\t\t\t\t\t\t<\/div>\n\t\t\t<div class=\"qodef-m-content-inner-bottom\">\n\t\t\t\t\t<h4 class=\"qodef-m-tagline\" style=\"color: #FFFFFF\">\n\t\tKrk, \u017dgalji\u0107i\t<\/h4>\n\t\t\t\t<div class=\"qodef-m-arrow\" style=\"color: #FFFFFF\">\n\t<svg class=\"qodef-svg--banner-arrow\" xmlns=\"http:\/\/www.w3.org\/2000\/svg\"\n     xmlns:xlink=\"http:\/\/www.w3.org\/1999\/xlink\" x=\"0px\" y=\"0px\" width=\"35px\" height=\"53px\"\n     viewbox=\"0 0 35 53\" style=\"enable-background:new 0 0 35 53;\" xml:space=\"preserve\"><polyline points=\"15.4,10.9 30.7,26.4 15.4,42.2 \"\/><line x1=\"0.5\" y1=\"0\" x2=\"0.5\" y2=\"53\"\/><\/svg><\/div>\n\t\t\t<\/div>\n\t\t<\/div>\n\t<\/div>\n\t<a itemprop=\"url\" href=\"https:\/\/panoramagroup.hr\/de\/zgaljici\/\" class=\"qodef-m-banner-link\" target=\"_self\"><\/a>\n\n<\/div>\n\t\t<\/div>\n\t\t\t\t<\/div>\n\t\t\t\t<div class=\"elementor-element elementor-element-478058f elementor-widget elementor-widget-halstein_core_banner\" data-id=\"478058f\" data-element_type=\"widget\" data-widget_type=\"halstein_core_banner.default\">\n\t\t\t\t<div class=\"elementor-widget-container\">\n\t\t\t<div class=\"qodef-shortcode qodef-m  qodef-banner qodef-layout--link-overlay  qodef-image-responsive-position--center  qodef-text-field-break--disabled\">\n\t<div class=\"qodef-m-image\">\n\t<img loading=\"lazy\" decoding=\"async\" width=\"1300\" height=\"1077\" src=\"https:\/\/panoramagroup.hr\/wp-content\/uploads\/2023\/09\/O00121-1.jpg\" class=\"attachment-full size-full\" alt=\"\" srcset=\"https:\/\/panoramagroup.hr\/wp-content\/uploads\/2023\/09\/O00121-1.jpg 1300w, https:\/\/panoramagroup.hr\/wp-content\/uploads\/2023\/09\/O00121-1-300x249.jpg 300w, https:\/\/panoramagroup.hr\/wp-content\/uploads\/2023\/09\/O00121-1-1024x848.jpg 1024w, https:\/\/panoramagroup.hr\/wp-content\/uploads\/2023\/09\/O00121-1-768x636.jpg 768w\" sizes=\"auto, (max-width: 1300px) 100vw, 1300px\" \/><\/div>\n\t<div class=\"qodef-m-content\">\n\t\t<div class=\"qodef-m-content-inner\" style=\"background-color: #14203B00\">\n\t\t\t<div class=\"qodef-m-content-inner-top\">\n\t\t\t\t\t\t\t\t\t\t\t\t\t\t\t<\/div>\n\t\t\t<div class=\"qodef-m-content-inner-bottom\">\n\t\t\t\t\t<h4 class=\"qodef-m-tagline\" style=\"color: #FFFFFF\">\n\t\tKrk, Njivice\t<\/h4>\n\t\t\t\t<div class=\"qodef-m-arrow\" style=\"color: #FFFFFF\">\n\t<svg class=\"qodef-svg--banner-arrow\" xmlns=\"http:\/\/www.w3.org\/2000\/svg\"\n     xmlns:xlink=\"http:\/\/www.w3.org\/1999\/xlink\" x=\"0px\" y=\"0px\" width=\"35px\" height=\"53px\"\n     viewbox=\"0 0 35 53\" style=\"enable-background:new 0 0 35 53;\" xml:space=\"preserve\"><polyline points=\"15.4,10.9 30.7,26.4 15.4,42.2 \"\/><line x1=\"0.5\" y1=\"0\" x2=\"0.5\" y2=\"53\"\/><\/svg><\/div>\n\t\t\t<\/div>\n\t\t<\/div>\n\t<\/div>\n\t<a itemprop=\"url\" href=\"https:\/\/panoramagroup.hr\/de\/njivice-m\/\" class=\"qodef-m-banner-link\" target=\"_self\"><\/a>\n\n<\/div>\n\t\t<\/div>\n\t\t\t\t<\/div>\n\t\t\t\t\t<\/div>\n\t\t<\/div>\n\t\t\t\t<div class=\"elementor-column elementor-col-50 elementor-top-column elementor-element elementor-element-991e993\" data-id=\"991e993\" data-element_type=\"column\" data-settings=\"{&quot;background_background&quot;:&quot;classic&quot;}\">\n\t\t\t<div class=\"elementor-widget-wrap elementor-element-populated\">\n\t\t\t\t\t\t\t\t<div class=\"elementor-element elementor-element-59de113 elementor-widget elementor-widget-halstein_core_banner\" data-id=\"59de113\" data-element_type=\"widget\" data-widget_type=\"halstein_core_banner.default\">\n\t\t\t\t<div class=\"elementor-widget-container\">\n\t\t\t<div class=\"qodef-shortcode qodef-m  qodef-banner qodef-layout--link-overlay  qodef-image-responsive-position--center  qodef-text-field-break--disabled\">\n\t<div class=\"qodef-m-image\">\n\t<img loading=\"lazy\" decoding=\"async\" width=\"1146\" height=\"950\" src=\"https:\/\/panoramagroup.hr\/wp-content\/uploads\/2023\/10\/IMG_0895-e1698664955794.jpeg\" class=\"attachment-full size-full\" alt=\"\" srcset=\"https:\/\/panoramagroup.hr\/wp-content\/uploads\/2023\/10\/IMG_0895-e1698664955794.jpeg 1146w, https:\/\/panoramagroup.hr\/wp-content\/uploads\/2023\/10\/IMG_0895-e1698664955794-300x249.jpeg 300w, https:\/\/panoramagroup.hr\/wp-content\/uploads\/2023\/10\/IMG_0895-e1698664955794-1024x849.jpeg 1024w, https:\/\/panoramagroup.hr\/wp-content\/uploads\/2023\/10\/IMG_0895-e1698664955794-768x637.jpeg 768w\" sizes=\"auto, (max-width: 1146px) 100vw, 1146px\" \/><\/div>\n\t<div class=\"qodef-m-content\">\n\t\t<div class=\"qodef-m-content-inner\" style=\"background-color: #14203B00\">\n\t\t\t<div class=\"qodef-m-content-inner-top\">\n\t\t\t\t\t\t\t\t\t\t\t\t\t\t\t<\/div>\n\t\t\t<div class=\"qodef-m-content-inner-bottom\">\n\t\t\t\t\t<h4 class=\"qodef-m-tagline\" style=\"color: #FFFFFF\">\n\t\tPorto REsidences, Kraljevica\t<\/h4>\n\t\t\t\t<div class=\"qodef-m-arrow\" style=\"color: #FFFFFF\">\n\t<svg class=\"qodef-svg--banner-arrow\" xmlns=\"http:\/\/www.w3.org\/2000\/svg\"\n     xmlns:xlink=\"http:\/\/www.w3.org\/1999\/xlink\" x=\"0px\" y=\"0px\" width=\"35px\" height=\"53px\"\n     viewbox=\"0 0 35 53\" style=\"enable-background:new 0 0 35 53;\" xml:space=\"preserve\"><polyline points=\"15.4,10.9 30.7,26.4 15.4,42.2 \"\/><line x1=\"0.5\" y1=\"0\" x2=\"0.5\" y2=\"53\"\/><\/svg><\/div>\n\t\t\t<\/div>\n\t\t<\/div>\n\t<\/div>\n\t<a itemprop=\"url\" href=\"https:\/\/panoramagroup.hr\/de\/porto-residences-kraljevica\/\" class=\"qodef-m-banner-link\" target=\"_self\"><\/a>\n\n<\/div>\n\t\t<\/div>\n\t\t\t\t<\/div>\n\t\t\t\t<div class=\"elementor-element elementor-element-ca7cc76 elementor-widget elementor-widget-halstein_core_banner\" data-id=\"ca7cc76\" data-element_type=\"widget\" data-widget_type=\"halstein_core_banner.default\">\n\t\t\t\t<div class=\"elementor-widget-container\">\n\t\t\t<div class=\"qodef-shortcode qodef-m  qodef-banner qodef-layout--link-overlay  qodef-image-responsive-position--center  qodef-text-field-break--disabled\">\n\t<div class=\"qodef-m-image\">\n\t<img loading=\"lazy\" decoding=\"async\" width=\"1592\" height=\"1319\" src=\"https:\/\/panoramagroup.hr\/wp-content\/uploads\/2024\/02\/zunanjost-1-e1707752486844.jpg\" class=\"attachment-full size-full\" alt=\"\" srcset=\"https:\/\/panoramagroup.hr\/wp-content\/uploads\/2024\/02\/zunanjost-1-e1707752486844.jpg 1592w, https:\/\/panoramagroup.hr\/wp-content\/uploads\/2024\/02\/zunanjost-1-e1707752486844-300x249.jpg 300w, https:\/\/panoramagroup.hr\/wp-content\/uploads\/2024\/02\/zunanjost-1-e1707752486844-1024x848.jpg 1024w, https:\/\/panoramagroup.hr\/wp-content\/uploads\/2024\/02\/zunanjost-1-e1707752486844-768x636.jpg 768w, https:\/\/panoramagroup.hr\/wp-content\/uploads\/2024\/02\/zunanjost-1-e1707752486844-1536x1273.jpg 1536w, https:\/\/panoramagroup.hr\/wp-content\/uploads\/2024\/02\/zunanjost-1-e1707752486844-14x12.jpg 14w\" sizes=\"auto, (max-width: 1592px) 100vw, 1592px\" \/><\/div>\n\t<div class=\"qodef-m-content\">\n\t\t<div class=\"qodef-m-content-inner\" style=\"background-color: #14203B00\">\n\t\t\t<div class=\"qodef-m-content-inner-top\">\n\t\t\t\t\t\t\t\t\t\t\t\t\t\t\t<\/div>\n\t\t\t<div class=\"qodef-m-content-inner-bottom\">\n\t\t\t\t\t<h4 class=\"qodef-m-tagline\" style=\"color: #FFFFFF\">\n\t\tKrk, Njivice\t<\/h4>\n\t\t\t\t<div class=\"qodef-m-arrow\" style=\"color: #FFFFFF\">\n\t<svg class=\"qodef-svg--banner-arrow\" xmlns=\"http:\/\/www.w3.org\/2000\/svg\"\n     xmlns:xlink=\"http:\/\/www.w3.org\/1999\/xlink\" x=\"0px\" y=\"0px\" width=\"35px\" height=\"53px\"\n     viewbox=\"0 0 35 53\" style=\"enable-background:new 0 0 35 53;\" xml:space=\"preserve\"><polyline points=\"15.4,10.9 30.7,26.4 15.4,42.2 \"\/><line x1=\"0.5\" y1=\"0\" x2=\"0.5\" y2=\"53\"\/><\/svg><\/div>\n\t\t\t<\/div>\n\t\t<\/div>\n\t<\/div>\n\t<a itemprop=\"url\" href=\"https:\/\/panoramagroup.hr\/de\/njivice-z\/\" class=\"qodef-m-banner-link\" target=\"_self\"><\/a>\n\n<\/div>\n\t\t<\/div>\n\t\t\t\t<\/div>\n\t\t\t\t\t<\/div>\n\t\t<\/div>\n\t\t\t\t\t\t\t<\/div>\n\t\t<\/section>\n\t\t\t\t<section class=\"elementor-section elementor-top-section elementor-element elementor-element-a4df534 elementor-section-boxed elementor-section-height-default elementor-section-height-default qodef-elementor-content-no\" data-id=\"a4df534\" data-element_type=\"section\">\n\t\t\t\t\t\t<div class=\"elementor-container elementor-column-gap-default\">\n\t\t\t\t\t<div class=\"elementor-column elementor-col-100 elementor-top-column elementor-element elementor-element-e801c06\" data-id=\"e801c06\" data-element_type=\"column\">\n\t\t\t<div class=\"elementor-widget-wrap elementor-element-populated\">\n\t\t\t\t\t\t\t\t<div class=\"elementor-element elementor-element-9bc0b5e elementor-widget elementor-widget-spacer\" data-id=\"9bc0b5e\" data-element_type=\"widget\" data-widget_type=\"spacer.default\">\n\t\t\t\t<div class=\"elementor-widget-container\">\n\t\t\t<style>\/*! elementor - v3.16.0 - 17-10-2023 *\/\n.elementor-column .elementor-spacer-inner{height:var(--spacer-size)}.e-con{--container-widget-width:100%}.e-con-inner>.elementor-widget-spacer,.e-con>.elementor-widget-spacer{width:var(--container-widget-width,var(--spacer-size));--align-self:var(--container-widget-align-self,initial);--flex-shrink:0}.e-con-inner>.elementor-widget-spacer>.elementor-widget-container,.e-con>.elementor-widget-spacer>.elementor-widget-container{height:100%;width:100%}.e-con-inner>.elementor-widget-spacer>.elementor-widget-container>.elementor-spacer,.e-con>.elementor-widget-spacer>.elementor-widget-container>.elementor-spacer{height:100%}.e-con-inner>.elementor-widget-spacer>.elementor-widget-container>.elementor-spacer>.elementor-spacer-inner,.e-con>.elementor-widget-spacer>.elementor-widget-container>.elementor-spacer>.elementor-spacer-inner{height:var(--container-widget-height,var(--spacer-size))}.e-con-inner>.elementor-widget-spacer.elementor-widget-empty,.e-con>.elementor-widget-spacer.elementor-widget-empty{position:relative;min-height:22px;min-width:22px}.e-con-inner>.elementor-widget-spacer.elementor-widget-empty .elementor-widget-empty-icon,.e-con>.elementor-widget-spacer.elementor-widget-empty .elementor-widget-empty-icon{position:absolute;top:0;bottom:0;left:0;right:0;margin:auto;padding:0;width:22px;height:22px}<\/style>\t\t<div class=\"elementor-spacer\">\n\t\t\t<div class=\"elementor-spacer-inner\"><\/div>\n\t\t<\/div>\n\t\t\t\t<\/div>\n\t\t\t\t<\/div>\n\t\t\t\t\t<\/div>\n\t\t<\/div>\n\t\t\t\t\t\t\t<\/div>\n\t\t<\/section>\n\t\t\t\t\t\t\t<\/div>","protected":false},"excerpt":{"rendered":"<p>O\u0161tro, Kraljevica Krk, \u017dgalji\u0107i Krk, Njivice Porto REsidences, Kraljevica Krk, Njivice<\/p>","protected":false},"author":1,"featured_media":0,"parent":0,"menu_order":0,"comment_status":"closed","ping_status":"closed","template":"","meta":{"content-type":"","om_disable_all_campaigns":false,"_monsterinsights_skip_tracking":false,"_monsterinsights_sitenote_active":false,"_monsterinsights_sitenote_note":"","_monsterinsights_sitenote_category":0,"_uf_show_specific_survey":0,"_uf_disable_surveys":false,"footnotes":""},"class_list":["post-12985","page","type-page","status-publish","hentry"],"aioseo_notices":[],"_links":{"self":[{"href":"https:\/\/panoramagroup.hr\/de\/wp-json\/wp\/v2\/pages\/12985","targetHints":{"allow":["GET"]}}],"collection":[{"href":"https:\/\/panoramagroup.hr\/de\/wp-json\/wp\/v2\/pages"}],"about":[{"href":"https:\/\/panoramagroup.hr\/de\/wp-json\/wp\/v2\/types\/page"}],"author":[{"embeddable":true,"href":"https:\/\/panoramagroup.hr\/de\/wp-json\/wp\/v2\/users\/1"}],"replies":[{"embeddable":true,"href":"https:\/\/panoramagroup.hr\/de\/wp-json\/wp\/v2\/comments?post=12985"}],"version-history":[{"count":13,"href":"https:\/\/panoramagroup.hr\/de\/wp-json\/wp\/v2\/pages\/12985\/revisions"}],"predecessor-version":[{"id":13953,"href":"https:\/\/panoramagroup.hr\/de\/wp-json\/wp\/v2\/pages\/12985\/revisions\/13953"}],"wp:attachment":[{"href":"https:\/\/panoramagroup.hr\/de\/wp-json\/wp\/v2\/media?parent=12985"}],"curies":[{"name":"wp","href":"https:\/\/api.w.org\/{rel}","templated":true}]}}