{"id":11028,"date":"2023-04-24T19:45:58","date_gmt":"2023-04-24T19:45:58","guid":{"rendered":"https:\/\/panoramagroup.hr\/?page_id=11028"},"modified":"2025-07-21T07:52:01","modified_gmt":"2025-07-21T07:52:01","slug":"work-with-us","status":"publish","type":"page","link":"https:\/\/panoramagroup.hr\/en\/work-with-us\/","title":{"rendered":"Sura\u0111ivati s nama"},"content":{"rendered":"<div data-elementor-type=\"wp-page\" data-elementor-id=\"11028\" class=\"elementor elementor-11028\">\n\t\t\t\t\t\t\t\t\t<section class=\"elementor-section elementor-top-section elementor-element elementor-element-083bad1 elementor-section-full_width elementor-section-height-default elementor-section-height-default qodef-elementor-content-no\" data-id=\"083bad1\" data-element_type=\"section\">\n\t\t\t\t\t\t<div class=\"elementor-container elementor-column-gap-default\">\n\t\t\t\t\t<div class=\"elementor-column elementor-col-100 elementor-top-column elementor-element elementor-element-3afe1b5\" data-id=\"3afe1b5\" data-element_type=\"column\">\n\t\t\t<div class=\"elementor-widget-wrap elementor-element-populated\">\n\t\t\t\t\t\t\t\t<div class=\"elementor-element elementor-element-57b4a94 elementor-widget elementor-widget-text-editor\" data-id=\"57b4a94\" data-element_type=\"widget\" data-widget_type=\"text-editor.default\">\n\t\t\t\t<div class=\"elementor-widget-container\">\n\t\t\t<style>\/*! elementor - v3.16.0 - 17-10-2023 *\/\n.elementor-widget-text-editor.elementor-drop-cap-view-stacked .elementor-drop-cap{background-color:#69727d;color:#fff}.elementor-widget-text-editor.elementor-drop-cap-view-framed .elementor-drop-cap{color:#69727d;border:3px solid;background-color:transparent}.elementor-widget-text-editor:not(.elementor-drop-cap-view-default) .elementor-drop-cap{margin-top:8px}.elementor-widget-text-editor:not(.elementor-drop-cap-view-default) .elementor-drop-cap-letter{width:1em;height:1em}.elementor-widget-text-editor .elementor-drop-cap{float:left;text-align:center;line-height:1;font-size:50px}.elementor-widget-text-editor .elementor-drop-cap-letter{display:inline-block}<\/style>\t\t\t\t<div class=\"TypographyPresentation TypographyPresentation--m RichText3-paragraph--withVSpacingNormal RichText3-paragraph\">Dobrodo\u0161li u Panorama Group, gdje se stru\u010dnost i kvaliteta usluge dokazuju odli\u010dnim rezultatima. Sa bogatom povije\u0161\u0107u uspje\u0161nih transakcija nekretnina i dubokom posve\u0107eno\u0161\u0107u vrhunskim marketin\u0161kim strategijama, mi smo va\u0161 pouzdani partner u maksimiziranju vrijednosti va\u0161e nekretnine.<\/div><div class=\"TypographyPresentation TypographyPresentation--m RichText3-paragraph--withVSpacingNormal RichText3-paragraph\">Na\u0161 iskusni tim stru\u010dnjaka za projektiranje, gradnju te prodaju nekretnina posve\u0107en je pru\u017eanju vrhunskih usluga. Godine iskustva i pra\u0107enja tr\u017ei\u0161ta \u010dine Panorama Group sinonimom za kvalitetno odra\u0111en posao. U Panorama Group, vjerujemo da svaka nekretnina ima jedinstvenu pri\u010du i tu smo da Vam pomognemo da tu pri\u010du zajedno oblikujemo i u\u010dinkovito podijelimo.\u00a0<\/div><div>\u00a0<\/div><div class=\"TypographyPresentation TypographyPresentation--m RichText3-paragraph--withVSpacingNormal RichText3-paragraph\">Ponuda vrijedi do 31.03.2026., a \u010dini ju popust na proviziju u iznosu od minimalno 500 EUR. Ukoliko se odlu\u010dite za ekskluzivnu suradnju, bon sni\u017euje proviziju za postotak po dogovoru, nakon zajedni\u010dke procjene vrijednosti nekretnine, na obostrano zadovoljstvo.<\/div><p><div class=\"forminator-ui forminator-custom-form forminator-custom-form-11389 forminator-design--material  forminator_ajax\" data-forminator-render=\"0\" data-form=\"forminator-module-11389\" data-uid=\"69e0cf9b010db\"><br\/><\/div><form\n\t\t\t\tid=\"forminator-module-11389\"\n\t\t\t\tclass=\"forminator-ui forminator-custom-form forminator-custom-form-11389 forminator-design--material  forminator_ajax\"\n\t\t\t\tmethod=\"post\"\n\t\t\t\tdata-forminator-render=\"0\"\n\t\t\t\tdata-form-id=\"11389\"\n\t\t\t\t\n\t\t\t\tdata-design=\"material\"\n\t\t\t\t\n\t\t\t\t\n\t\t\t\t\n\t\t\t\tdata-grid=\"open\"\n\t\t\t\t\n\t\t\t\t\n\t\t\t\tstyle=\"display: none;\"\n\t\t\t\t\n\t\t\t\tdata-uid=\"69e0cf9b010db\" action=\"\"\n\t\t\t><div role=\"alert\" aria-live=\"polite\" class=\"forminator-response-message forminator-error\" aria-hidden=\"true\"><\/div><div class=\"forminator-row\"><div id=\"name-2\" class=\"forminator-col forminator-col-6\"><div class=\"forminator-field\"><label for=\"forminator-field-name-2_69e0cf9b010db\" class=\"forminator-label\" id=\"forminator-field-name-2_69e0cf9b010db-label\">Name <span class=\"forminator-required\">*<\/span><\/label><input type=\"text\" name=\"name-2\" value=\"\" placeholder=\"\" id=\"forminator-field-name-2_69e0cf9b010db\" class=\"forminator-input forminator-name--field\" aria-required=\"true\" \/><\/div><\/div><div id=\"name-3\" class=\"forminator-col forminator-col-6\"><div class=\"forminator-field\"><label for=\"forminator-field-name-3_69e0cf9b010db\" class=\"forminator-label\" id=\"forminator-field-name-3_69e0cf9b010db-label\">Surname <span class=\"forminator-required\">*<\/span><\/label><input type=\"text\" name=\"name-3\" value=\"\" placeholder=\"\" id=\"forminator-field-name-3_69e0cf9b010db\" class=\"forminator-input forminator-name--field\" aria-required=\"true\" \/><\/div><\/div><\/div><div class=\"forminator-row\"><div id=\"email-1\" class=\"forminator-col forminator-col-12\"><div class=\"forminator-field\"><label for=\"forminator-field-email-1_69e0cf9b010db\" class=\"forminator-label\" id=\"forminator-field-email-1_69e0cf9b010db-label\">Email <span class=\"forminator-required\">*<\/span><\/label><input type=\"email\" name=\"email-1\" value=\"\" placeholder=\"\" id=\"forminator-field-email-1_69e0cf9b010db\" class=\"forminator-input forminator-email--field\" data-required=\"1\" aria-required=\"true\" \/><\/div><\/div><\/div><div class=\"forminator-row\"><div id=\"phone-1\" class=\"forminator-col forminator-col-12\"><div class=\"forminator-field\"><label for=\"forminator-field-phone-1_69e0cf9b010db\" class=\"forminator-label\" id=\"forminator-field-phone-1_69e0cf9b010db-label\">Mobile number<\/label><input type=\"text\" name=\"phone-1\" value=\"\" placeholder=\"\" id=\"forminator-field-phone-1_69e0cf9b010db\" class=\"forminator-input forminator-field--phone\" data-required=\"\" aria-required=\"false\" autocomplete=\"off\" \/><\/div><\/div><\/div><div class=\"forminator-row\"><div id=\"select-1\" class=\"forminator-col forminator-col-12\"><div class=\"forminator-field\"><label for=\"forminator-form-11389__field--select-1_69e0cf9b010db\" id=\"forminator-form-11389__field--select-1_69e0cf9b010db-label\" class=\"forminator-label\">Na\u010din suradnje <span class=\"forminator-required\">*<\/span><\/label><select id=\"forminator-form-11389__field--select-1_69e0cf9b010db\" class=\"forminator-select--field forminator-select2\" data-required=\"1\" name=\"select-1\" data-default-value=\"\" data-hidden-behavior=\"zero\" data-placeholder=\"Izaberi jedan\" data-search=\"false\" aria-labelledby=\"forminator-form-11389__field--select-1_69e0cf9b010db-label\" aria-describedby=\"forminator-form-11389__field--select-1_69e0cf9b010db-description\"><option value=\"\">Izaberi jedan<\/option><option value=\"one\"  data-calculation=\"0\">Prodajem<\/option><option value=\"two\"  data-calculation=\"0\">Kupujem<\/option><\/select><\/div><\/div><\/div><div class=\"forminator-row\"><div id=\"name-4\" class=\"forminator-col forminator-col-12\"><div class=\"forminator-field\"><label for=\"forminator-field-name-4_69e0cf9b010db\" class=\"forminator-label\" id=\"forminator-field-name-4_69e0cf9b010db-label\">Preporu\u010ditelj <span class=\"forminator-required\">*<\/span><\/label><input type=\"text\" name=\"name-4\" value=\"\" placeholder=\"tko nas preporu\u010dio\" id=\"forminator-field-name-4_69e0cf9b010db\" class=\"forminator-input forminator-name--field\" aria-required=\"true\" \/><\/div><\/div><\/div><div class=\"forminator-row\"><div id=\"textarea-1\" class=\"forminator-col forminator-col-12\"><div class=\"forminator-field\"><label for=\"forminator-field-textarea-1_69e0cf9b010db\" id=\"forminator-field-textarea-1_69e0cf9b010db-label\" class=\"forminator-label\">Message<\/label><textarea name=\"textarea-1\" placeholder=\"Message\" id=\"forminator-field-textarea-1_69e0cf9b010db\" class=\"forminator-textarea\" rows=\"6\" style=\"min-height:140px;\" ><\/textarea><\/div><\/div><\/div><input type=\"hidden\" name=\"referer_url\" value=\"\" \/><div class=\"forminator-row forminator-row-last\"><div class=\"forminator-col\"><div class=\"forminator-field\"><button class=\"forminator-button forminator-button-submit\"><span>Sell with us!<\/span><span aria-hidden=\"true\"><\/span><\/button><\/div><\/div><\/div><input type=\"hidden\" id=\"forminator_nonce\" name=\"forminator_nonce\" value=\"1fd8c11661\" \/><input type=\"hidden\" name=\"_wp_http_referer\" value=\"\/en\/wp-json\/wp\/v2\/pages\/11028\" \/><input type=\"hidden\" name=\"form_id\" value=\"11389\"><input type=\"hidden\" name=\"page_id\" value=\"11028\"><input type=\"hidden\" name=\"form_type\" value=\"registration\"><input type=\"hidden\" name=\"current_url\" value=\"https:\/\/panoramagroup.hr\/en\/work-with-us\/\"><input type=\"hidden\" name=\"render_id\" value=\"0\"><input type=\"hidden\" name=\"action\" value=\"forminator_submit_form_custom-forms\"><label for=\"input_8\" class=\"forminator-hidden\" aria-hidden=\"true\">Please do not fill in this field. <input id=\"input_8\" type=\"text\" name=\"input_8\" value=\"\" autocomplete=\"off\"><\/label><input type=\"hidden\" name=\"trp-form-language\" value=\"en\"\/><\/form><\/p>\t\t\t\t\t\t<\/div>\n\t\t\t\t<\/div>\n\t\t\t\t\t<\/div>\n\t\t<\/div>\n\t\t\t\t\t\t\t<\/div>\n\t\t<\/section>\n\t\t\t\t\t\t\t<\/div>","protected":false},"excerpt":{"rendered":"<p>Dobrodo\u0161li u Panorama Group, gdje se stru\u010dnost i kvaliteta usluge dokazuju odli\u010dnim rezultatima. Sa bogatom povije\u0161\u0107u uspje\u0161nih transakcija nekretnina i dubokom posve\u0107eno\u0161\u0107u vrhunskim marketin\u0161kim strategijama, mi smo va\u0161 pouzdani partner u maksimiziranju vrijednosti va\u0161e nekretnine.Na\u0161 iskusni tim stru\u010dnjaka za projektiranje, gradnju te prodaju nekretnina posve\u0107en je pru\u017eanju vrhunskih usluga. Godine iskustva i pra\u0107enja tr\u017ei\u0161ta \u010dine [&hellip;]<\/p>","protected":false},"author":1,"featured_media":0,"parent":0,"menu_order":0,"comment_status":"closed","ping_status":"closed","template":"","meta":{"content-type":"","om_disable_all_campaigns":false,"_monsterinsights_skip_tracking":false,"_monsterinsights_sitenote_active":false,"_monsterinsights_sitenote_note":"","_monsterinsights_sitenote_category":0,"_uf_show_specific_survey":0,"_uf_disable_surveys":false,"footnotes":""},"class_list":["post-11028","page","type-page","status-publish","hentry"],"aioseo_notices":[],"_links":{"self":[{"href":"https:\/\/panoramagroup.hr\/en\/wp-json\/wp\/v2\/pages\/11028","targetHints":{"allow":["GET"]}}],"collection":[{"href":"https:\/\/panoramagroup.hr\/en\/wp-json\/wp\/v2\/pages"}],"about":[{"href":"https:\/\/panoramagroup.hr\/en\/wp-json\/wp\/v2\/types\/page"}],"author":[{"embeddable":true,"href":"https:\/\/panoramagroup.hr\/en\/wp-json\/wp\/v2\/users\/1"}],"replies":[{"embeddable":true,"href":"https:\/\/panoramagroup.hr\/en\/wp-json\/wp\/v2\/comments?post=11028"}],"version-history":[{"count":76,"href":"https:\/\/panoramagroup.hr\/en\/wp-json\/wp\/v2\/pages\/11028\/revisions"}],"predecessor-version":[{"id":13868,"href":"https:\/\/panoramagroup.hr\/en\/wp-json\/wp\/v2\/pages\/11028\/revisions\/13868"}],"wp:attachment":[{"href":"https:\/\/panoramagroup.hr\/en\/wp-json\/wp\/v2\/media?parent=11028"}],"curies":[{"name":"wp","href":"https:\/\/api.w.org\/{rel}","templated":true}]}}