{"id":11572,"date":"2021-10-07T08:32:19","date_gmt":"2021-10-07T08:32:19","guid":{"rendered":"https:\/\/panoramagroup.hr\/?page_id=11572"},"modified":"2024-02-14T08:46:51","modified_gmt":"2024-02-14T08:46:51","slug":"construction-3-6","status":"publish","type":"page","link":"https:\/\/panoramagroup.hr\/en\/construction-3-6\/","title":{"rendered":"Construction &#8211; Terenski radovi"},"content":{"rendered":"<div data-elementor-type=\"wp-page\" data-elementor-id=\"11572\" class=\"elementor elementor-11572\">\n\t\t\t\t\t\t\t\t\t<section class=\"elementor-section elementor-top-section elementor-element elementor-element-8f6fcae elementor-section-boxed elementor-section-height-default elementor-section-height-default qodef-elementor-content-no\" data-id=\"8f6fcae\" data-element_type=\"section\">\n\t\t\t\t\t\t<div class=\"elementor-container elementor-column-gap-default\">\n\t\t\t\t\t<div class=\"elementor-column elementor-col-100 elementor-top-column elementor-element elementor-element-0f7cfa7\" data-id=\"0f7cfa7\" data-element_type=\"column\">\n\t\t\t<div class=\"elementor-widget-wrap elementor-element-populated\">\n\t\t\t\t\t\t\t\t<div class=\"elementor-element elementor-element-ab8ad2f elementor-widget elementor-widget-qi_addons_for_elementor_section_title\" data-id=\"ab8ad2f\" data-element_type=\"widget\" data-widget_type=\"qi_addons_for_elementor_section_title.default\">\n\t\t\t\t<div class=\"elementor-widget-container\">\n\t\t\t<div class=\"qodef-shortcode qodef-m qodef-qi-section-title qodef-decoration--italic qodef-link--underline-draw qodef-subtitle-icon--left\">\n\t\t\t\t<h6 class=\"qodef-m-subtitle\">\n\t\tConstruction\t\t\t<\/h6>\n\t\t\t<h2 class=\"qodef-m-title\">\n\t\tField works\t<\/h2>\n\t\t\t<\/div>\n\t\t<\/div>\n\t\t\t\t<\/div>\n\t\t\t\t\t<\/div>\n\t\t<\/div>\n\t\t\t\t\t\t\t<\/div>\n\t\t<\/section>\n\t\t\t\t<section class=\"elementor-section elementor-top-section elementor-element elementor-element-64e0374 elementor-section-boxed elementor-section-height-default elementor-section-height-default qodef-elementor-content-no\" data-id=\"64e0374\" data-element_type=\"section\">\n\t\t\t\t\t\t<div class=\"elementor-container elementor-column-gap-default\">\n\t\t\t\t\t<div class=\"elementor-column elementor-col-100 elementor-top-column elementor-element elementor-element-2fd2939\" data-id=\"2fd2939\" data-element_type=\"column\">\n\t\t\t<div class=\"elementor-widget-wrap elementor-element-populated\">\n\t\t\t\t\t\t\t\t<div class=\"elementor-element elementor-element-5b3d650 elementor-widget elementor-widget-text-editor\" data-id=\"5b3d650\" data-element_type=\"widget\" data-widget_type=\"text-editor.default\">\n\t\t\t\t<div class=\"elementor-widget-container\">\n\t\t\t<style>\/*! elementor - v3.16.0 - 17-10-2023 *\/\n.elementor-widget-text-editor.elementor-drop-cap-view-stacked .elementor-drop-cap{background-color:#69727d;color:#fff}.elementor-widget-text-editor.elementor-drop-cap-view-framed .elementor-drop-cap{color:#69727d;border:3px solid;background-color:transparent}.elementor-widget-text-editor:not(.elementor-drop-cap-view-default) .elementor-drop-cap{margin-top:8px}.elementor-widget-text-editor:not(.elementor-drop-cap-view-default) .elementor-drop-cap-letter{width:1em;height:1em}.elementor-widget-text-editor .elementor-drop-cap{float:left;text-align:center;line-height:1;font-size:50px}.elementor-widget-text-editor .elementor-drop-cap-letter{display:inline-block}<\/style>\t\t\t\t<p>Our team is a versatile force that offers a wide range of specialized services tailored to meet the requirements of our clients in the luxury real estate and construction industry.<\/p><p>From the very beginning, our crews excel in pre-preparatory work, performing thorough preliminary site preparations to ensure a smooth start to construction projects. Earthworks are carried out with precision and include excavations and earthworks that are key to the foundations of our architectural endeavors. In the field of structural integrity, our skills come to the fore in concrete and AB works, encompassing the complex art of building concrete and reinforced concrete structures. For complex metalwork and assembly, our locksmith jobs offer superior craftsmanship, while all masonry jobs demonstrate our expertise in bricklaying and other masonry tasks. Our commitment to ensuring thermal and sound efficiency in buildings is reflected in insulation work, guaranteeing proper insulation installation.<\/p><p>By enhancing the aesthetics and functionality of the structure, we also carry out facade work without difficulty, enriching the external surfaces with ease. Creating smooth and finished surfaces, plastering involves the precise application of plaster to walls and ceilings. Various sub-laying works include the installation of different types of flooring, including tiles, wood and laminate. Finishing touches come to the fore in painting, where we offer interior and exterior painting services to bring construction projects to completion. We also perform ceramic work, installation of ceramic, porcelain and other types of tiles on floors, walls and various surfaces. We also do carpentry work, where we install customized wooden structures, elements and furniture, bringing a touch of luxury to every detail of our luxury real estate and construction projects.<\/p>\t\t\t\t\t\t<\/div>\n\t\t\t\t<\/div>\n\t\t\t\t\t<\/div>\n\t\t<\/div>\n\t\t\t\t\t\t\t<\/div>\n\t\t<\/section>\n\t\t\t\t<section class=\"elementor-section elementor-top-section elementor-element elementor-element-5ca86da elementor-section-boxed elementor-section-height-default elementor-section-height-default qodef-elementor-content-no\" data-id=\"5ca86da\" data-element_type=\"section\">\n\t\t\t\t\t\t<div class=\"elementor-container elementor-column-gap-default\">\n\t\t\t\t\t<div class=\"elementor-column elementor-col-100 elementor-top-column elementor-element elementor-element-652a907\" data-id=\"652a907\" data-element_type=\"column\">\n\t\t\t<div class=\"elementor-widget-wrap elementor-element-populated\">\n\t\t\t\t\t\t\t\t<div class=\"elementor-element elementor-element-30dc130 elementor-widget elementor-widget-spacer\" data-id=\"30dc130\" data-element_type=\"widget\" data-widget_type=\"spacer.default\">\n\t\t\t\t<div class=\"elementor-widget-container\">\n\t\t\t<style>\/*! elementor - v3.16.0 - 17-10-2023 *\/\n.elementor-column .elementor-spacer-inner{height:var(--spacer-size)}.e-con{--container-widget-width:100%}.e-con-inner>.elementor-widget-spacer,.e-con>.elementor-widget-spacer{width:var(--container-widget-width,var(--spacer-size));--align-self:var(--container-widget-align-self,initial);--flex-shrink:0}.e-con-inner>.elementor-widget-spacer>.elementor-widget-container,.e-con>.elementor-widget-spacer>.elementor-widget-container{height:100%;width:100%}.e-con-inner>.elementor-widget-spacer>.elementor-widget-container>.elementor-spacer,.e-con>.elementor-widget-spacer>.elementor-widget-container>.elementor-spacer{height:100%}.e-con-inner>.elementor-widget-spacer>.elementor-widget-container>.elementor-spacer>.elementor-spacer-inner,.e-con>.elementor-widget-spacer>.elementor-widget-container>.elementor-spacer>.elementor-spacer-inner{height:var(--container-widget-height,var(--spacer-size))}.e-con-inner>.elementor-widget-spacer.elementor-widget-empty,.e-con>.elementor-widget-spacer.elementor-widget-empty{position:relative;min-height:22px;min-width:22px}.e-con-inner>.elementor-widget-spacer.elementor-widget-empty .elementor-widget-empty-icon,.e-con>.elementor-widget-spacer.elementor-widget-empty .elementor-widget-empty-icon{position:absolute;top:0;bottom:0;left:0;right:0;margin:auto;padding:0;width:22px;height:22px}<\/style>\t\t<div class=\"elementor-spacer\">\n\t\t\t<div class=\"elementor-spacer-inner\"><\/div>\n\t\t<\/div>\n\t\t\t\t<\/div>\n\t\t\t\t<\/div>\n\t\t\t\t\t<\/div>\n\t\t<\/div>\n\t\t\t\t\t\t\t<\/div>\n\t\t<\/section>\n\t\t\t\t\t\t\t<\/div>","protected":false},"excerpt":{"rendered":"<p>Construction Terenski radovi Na\u0161a ekipa je svestrana snaga koja nudi \u0161irok spektar specijaliziranih usluga prilago\u0111enih ispunjavanju zahtjeva na\u0161ih klijenata u industriji luksuznih nekretnina i gra\u0111evinarstvu. Od samog po\u010detka, na\u0161e ekipe se isti\u010du u predpripremnih radovih, izvode\u0107i temeljite preliminarne pripreme terena kako bi osigurale glatki po\u010detak gra\u0111evinskih projekata. Zemljani radovi izvode se s precizno\u0161\u0107u i obuhva\u0107aju [&hellip;]<\/p>","protected":false},"author":1,"featured_media":0,"parent":0,"menu_order":0,"comment_status":"closed","ping_status":"closed","template":"page-full-width.php","meta":{"content-type":"","om_disable_all_campaigns":false,"_monsterinsights_skip_tracking":false,"_monsterinsights_sitenote_active":false,"_monsterinsights_sitenote_note":"","_monsterinsights_sitenote_category":0,"_uf_show_specific_survey":0,"_uf_disable_surveys":false,"footnotes":""},"class_list":["post-11572","page","type-page","status-publish","hentry"],"aioseo_notices":[],"_links":{"self":[{"href":"https:\/\/panoramagroup.hr\/en\/wp-json\/wp\/v2\/pages\/11572","targetHints":{"allow":["GET"]}}],"collection":[{"href":"https:\/\/panoramagroup.hr\/en\/wp-json\/wp\/v2\/pages"}],"about":[{"href":"https:\/\/panoramagroup.hr\/en\/wp-json\/wp\/v2\/types\/page"}],"author":[{"embeddable":true,"href":"https:\/\/panoramagroup.hr\/en\/wp-json\/wp\/v2\/users\/1"}],"replies":[{"embeddable":true,"href":"https:\/\/panoramagroup.hr\/en\/wp-json\/wp\/v2\/comments?post=11572"}],"version-history":[{"count":14,"href":"https:\/\/panoramagroup.hr\/en\/wp-json\/wp\/v2\/pages\/11572\/revisions"}],"predecessor-version":[{"id":12348,"href":"https:\/\/panoramagroup.hr\/en\/wp-json\/wp\/v2\/pages\/11572\/revisions\/12348"}],"wp:attachment":[{"href":"https:\/\/panoramagroup.hr\/en\/wp-json\/wp\/v2\/media?parent=11572"}],"curies":[{"name":"wp","href":"https:\/\/api.w.org\/{rel}","templated":true}]}}