{"id":10638,"date":"2021-10-08T10:33:05","date_gmt":"2021-10-08T10:33:05","guid":{"rendered":"https:\/\/panoramagroup.hr\/?page_id=10638"},"modified":"2026-03-31T10:11:51","modified_gmt":"2026-03-31T10:11:51","slug":"kontakt","status":"publish","type":"page","link":"https:\/\/panoramagroup.hr\/sl\/kontakt\/","title":{"rendered":"Kontakt"},"content":{"rendered":"<div data-elementor-type=\"wp-page\" data-elementor-id=\"10638\" class=\"elementor elementor-10638\">\n\t\t\t\t\t\t\t\t\t<section class=\"elementor-section elementor-top-section elementor-element elementor-element-d5183ac elementor-section-full_width qodef-elementor-content-grid elementor-section-height-default elementor-section-height-default\" data-id=\"d5183ac\" data-element_type=\"section\">\n\t\t\t\t\t\t<div class=\"elementor-container elementor-column-gap-default\">\n\t\t\t\t\t<div class=\"elementor-column elementor-col-50 elementor-top-column elementor-element elementor-element-348b37e\" data-id=\"348b37e\" data-element_type=\"column\">\n\t\t\t<div class=\"elementor-widget-wrap elementor-element-populated\">\n\t\t\t\t\t\t\t\t<div class=\"elementor-element elementor-element-63c1875 elementor-widget elementor-widget-google_maps\" data-id=\"63c1875\" data-element_type=\"widget\" data-widget_type=\"google_maps.default\">\n\t\t\t\t<div class=\"elementor-widget-container\">\n\t\t\t<style>\/*! elementor - v3.16.0 - 17-10-2023 *\/\n.elementor-widget-google_maps .elementor-widget-container{overflow:hidden}.elementor-widget-google_maps .elementor-custom-embed{line-height:0}.elementor-widget-google_maps iframe{height:300px}<\/style>\t\t<div class=\"elementor-custom-embed\">\n\t\t\t<iframe loading=\"lazy\"\n\t\t\t\t\tsrc=\"https:\/\/maps.google.com\/maps?q=Ul.%20Pu%C5%A1%C4%87a%20132%2C%2051511%2C%20Omi%C5%A1alj%2C%20Hrva%C5%A1ka&#038;t=m&#038;z=15&#038;output=embed&#038;iwloc=near\"\n\t\t\t\t\ttitle=\"Ul. Pu\u0161\u0107a 132, 51511, Omi\u0161alj, Hrva\u0161ka\"\n\t\t\t\t\taria-label=\"Ul. Pu\u0161\u0107a 132, 51511, Omi\u0161alj, Hrva\u0161ka\"\n\t\t\t><\/iframe>\n\t\t<\/div>\n\t\t\t\t<\/div>\n\t\t\t\t<\/div>\n\t\t\t\t\t<\/div>\n\t\t<\/div>\n\t\t\t\t<div class=\"elementor-column elementor-col-50 elementor-top-column elementor-element elementor-element-4f5f225\" data-id=\"4f5f225\" data-element_type=\"column\">\n\t\t\t<div class=\"elementor-widget-wrap elementor-element-populated\">\n\t\t\t\t\t\t\t\t<div class=\"elementor-element elementor-element-5b148fa elementor-hidden-tablet elementor-widget elementor-widget-text-editor\" data-id=\"5b148fa\" data-element_type=\"widget\" data-widget_type=\"text-editor.default\">\n\t\t\t\t<div class=\"elementor-widget-container\">\n\t\t\t<style>\/*! elementor - v3.16.0 - 17-10-2023 *\/\n.elementor-widget-text-editor.elementor-drop-cap-view-stacked .elementor-drop-cap{background-color:#69727d;color:#fff}.elementor-widget-text-editor.elementor-drop-cap-view-framed .elementor-drop-cap{color:#69727d;border:3px solid;background-color:transparent}.elementor-widget-text-editor:not(.elementor-drop-cap-view-default) .elementor-drop-cap{margin-top:8px}.elementor-widget-text-editor:not(.elementor-drop-cap-view-default) .elementor-drop-cap-letter{width:1em;height:1em}.elementor-widget-text-editor .elementor-drop-cap{float:left;text-align:center;line-height:1;font-size:50px}.elementor-widget-text-editor .elementor-drop-cap-letter{display:inline-block}<\/style>\t\t\t\t<h4><span style=\"color: #14203b;\">PANORAMA HOMES d.o.o.<\/span><\/h4>\t\t\t\t\t\t<\/div>\n\t\t\t\t<\/div>\n\t\t\t\t<div class=\"elementor-element elementor-element-f793c6e elementor-hidden-tablet elementor-widget elementor-widget-text-editor\" data-id=\"f793c6e\" data-element_type=\"widget\" data-widget_type=\"text-editor.default\">\n\t\t\t\t<div class=\"elementor-widget-container\">\n\t\t\t\t\t\t\t<p>Pu\u0161\u0107a 132, 51513 Omi\u0161alj<\/p><p>OIB: 44440642719<\/p><p>immo@panorama.hr<\/p><p><b>\u017deljka Frankovi\u0107<\/b><\/p><p><span style=\"color: var( --e-global-color-text ); font-family: var( --e-global-typography-text-font-family ), comfortaa; font-weight: var( --e-global-typography-text-font-weight ); letter-spacing: 0px; text-transform: initial;\">+385 91 222 111 4\u00a0<\/span><\/p><p><strong>Nina Abrahamsberg<\/strong><\/p><p>+386 31 211 222<\/p>\t\t\t\t\t\t<\/div>\n\t\t\t\t<\/div>\n\t\t\t\t<div class=\"elementor-element elementor-element-e980e32 elementor-hidden-tablet elementor-widget elementor-widget-text-editor\" data-id=\"e980e32\" data-element_type=\"widget\" data-widget_type=\"text-editor.default\">\n\t\t\t\t<div class=\"elementor-widget-container\">\n\t\t\t\t\t\t\t<h4><span style=\"color: #000000;\"><span style=\"color: #14203b;\">Balatura d.o.o.<\/span><br \/><\/span><\/h4>\t\t\t\t\t\t<\/div>\n\t\t\t\t<\/div>\n\t\t\t\t<div class=\"elementor-element elementor-element-26d1e6d elementor-hidden-tablet elementor-widget elementor-widget-text-editor\" data-id=\"26d1e6d\" data-element_type=\"widget\" data-widget_type=\"text-editor.default\">\n\t\t\t\t<div class=\"elementor-widget-container\">\n\t\t\t\t\t\t\t<p>Pu\u0161\u0107a 132, 51513 Omi\u0161alj<\/p><p>OIB: 76760774533<\/p><p>immo@panorama.hr<\/p><p><b>Milan Abrahamsberg<\/b><\/p><p>+386 41 646 828\u00a0<\/p><p>+385 91 933 48 76\u00a0<\/p>\t\t\t\t\t\t<\/div>\n\t\t\t\t<\/div>\n\t\t\t\t<div class=\"elementor-element elementor-element-ba3e162 elementor-hidden-tablet elementor-widget elementor-widget-text-editor\" data-id=\"ba3e162\" data-element_type=\"widget\" data-widget_type=\"text-editor.default\">\n\t\t\t\t<div class=\"elementor-widget-container\">\n\t\t\t\t\t\t\t<h4><span style=\"color: #000000;\">PANORAMA ING. d.o.o.<\/span><\/h4>\t\t\t\t\t\t<\/div>\n\t\t\t\t<\/div>\n\t\t\t\t<div class=\"elementor-element elementor-element-3ada0fe elementor-hidden-tablet elementor-widget elementor-widget-text-editor\" data-id=\"3ada0fe\" data-element_type=\"widget\" data-widget_type=\"text-editor.default\">\n\t\t\t\t<div class=\"elementor-widget-container\">\n\t\t\t\t\t\t\t<p>Pu\u0161\u0107a 132, 51513 Omi\u0161alj<\/p><p>OIB: 02736653288<\/p><p>ing@panorama.hr<\/p>\t\t\t\t\t\t<\/div>\n\t\t\t\t<\/div>\n\t\t\t\t<section class=\"elementor-section elementor-inner-section elementor-element elementor-element-041b1c6 elementor-section-boxed elementor-section-height-default elementor-section-height-default qodef-elementor-content-no\" data-id=\"041b1c6\" data-element_type=\"section\">\n\t\t\t\t\t\t<div class=\"elementor-container elementor-column-gap-default\">\n\t\t\t\t\t<div class=\"elementor-column elementor-col-50 elementor-inner-column elementor-element elementor-element-d366772\" data-id=\"d366772\" data-element_type=\"column\">\n\t\t\t<div class=\"elementor-widget-wrap elementor-element-populated\">\n\t\t\t\t\t\t\t\t<div class=\"elementor-element elementor-element-a9c9b63 elementor-view-default elementor-widget elementor-widget-icon\" data-id=\"a9c9b63\" data-element_type=\"widget\" data-widget_type=\"icon.default\">\n\t\t\t\t<div class=\"elementor-widget-container\">\n\t\t\t\t\t<div class=\"elementor-icon-wrapper\">\n\t\t\t<a class=\"elementor-icon\" href=\"https:\/\/wa.me\/+38631211222\">\n\t\t\t<i aria-hidden=\"true\" class=\"fab fa-whatsapp\"><\/i>\t\t\t<\/a>\n\t\t<\/div>\n\t\t\t\t<\/div>\n\t\t\t\t<\/div>\n\t\t\t\t\t<\/div>\n\t\t<\/div>\n\t\t\t\t<div class=\"elementor-column elementor-col-50 elementor-inner-column elementor-element elementor-element-18d7e0e\" data-id=\"18d7e0e\" data-element_type=\"column\">\n\t\t\t<div class=\"elementor-widget-wrap elementor-element-populated\">\n\t\t\t\t\t\t\t\t<div class=\"elementor-element elementor-element-755a35e elementor-view-default elementor-widget elementor-widget-icon\" data-id=\"755a35e\" data-element_type=\"widget\" data-widget_type=\"icon.default\">\n\t\t\t\t<div class=\"elementor-widget-container\">\n\t\t\t\t\t<div class=\"elementor-icon-wrapper\">\n\t\t\t<a class=\"elementor-icon\" href=\"https:\/\/www.instagram.com\/panorama_homes_group\/\">\n\t\t\t<i aria-hidden=\"true\" class=\"fab fa-instagram\"><\/i>\t\t\t<\/a>\n\t\t<\/div>\n\t\t\t\t<\/div>\n\t\t\t\t<\/div>\n\t\t\t\t\t<\/div>\n\t\t<\/div>\n\t\t\t\t\t\t\t<\/div>\n\t\t<\/section>\n\t\t\t\t\t<\/div>\n\t\t<\/div>\n\t\t\t\t\t\t\t<\/div>\n\t\t<\/section>\n\t\t\t\t\t\t\t<\/div>","protected":false},"excerpt":{"rendered":"<p>PANORAMA HOMES d.o.o. Pu\u0161\u0107a 132, 51513 Omi\u0161alj OIB: 44440642719 immo@panorama.hr \u017deljka Frankovi\u0107 +385 91 222 111 4\u00a0 Nina Abrahamsberg +386 31 211 222 Balatura d.o.o. Pu\u0161\u0107a 132, 51513 Omi\u0161alj OIB: 76760774533 immo@panorama.hr Milan Abrahamsberg +386 41 646 828\u00a0 +385 91 933 48 76\u00a0 PANORAMA ING. d.o.o. Pu\u0161\u0107a 132, 51513 Omi\u0161alj OIB: 02736653288 ing@panorama.hr<\/p>","protected":false},"author":1,"featured_media":0,"parent":0,"menu_order":0,"comment_status":"closed","ping_status":"closed","template":"page-full-width.php","meta":{"content-type":"","om_disable_all_campaigns":false,"_monsterinsights_skip_tracking":false,"_monsterinsights_sitenote_active":false,"_monsterinsights_sitenote_note":"","_monsterinsights_sitenote_category":0,"_uf_show_specific_survey":0,"_uf_disable_surveys":false,"footnotes":""},"class_list":["post-10638","page","type-page","status-publish","hentry"],"aioseo_notices":[],"_links":{"self":[{"href":"https:\/\/panoramagroup.hr\/sl\/wp-json\/wp\/v2\/pages\/10638","targetHints":{"allow":["GET"]}}],"collection":[{"href":"https:\/\/panoramagroup.hr\/sl\/wp-json\/wp\/v2\/pages"}],"about":[{"href":"https:\/\/panoramagroup.hr\/sl\/wp-json\/wp\/v2\/types\/page"}],"author":[{"embeddable":true,"href":"https:\/\/panoramagroup.hr\/sl\/wp-json\/wp\/v2\/users\/1"}],"replies":[{"embeddable":true,"href":"https:\/\/panoramagroup.hr\/sl\/wp-json\/wp\/v2\/comments?post=10638"}],"version-history":[{"count":24,"href":"https:\/\/panoramagroup.hr\/sl\/wp-json\/wp\/v2\/pages\/10638\/revisions"}],"predecessor-version":[{"id":14083,"href":"https:\/\/panoramagroup.hr\/sl\/wp-json\/wp\/v2\/pages\/10638\/revisions\/14083"}],"wp:attachment":[{"href":"https:\/\/panoramagroup.hr\/sl\/wp-json\/wp\/v2\/media?parent=10638"}],"curies":[{"name":"wp","href":"https:\/\/api.w.org\/{rel}","templated":true}]}}