{"id":11434,"date":"2021-10-07T18:42:42","date_gmt":"2021-10-07T18:42:42","guid":{"rendered":"https:\/\/panoramagroup.hr\/?page_id=11434"},"modified":"2025-02-28T09:28:56","modified_gmt":"2025-02-28T09:28:56","slug":"zavrseni-projekti","status":"publish","type":"page","link":"https:\/\/panoramagroup.hr\/sl\/zavrseni-projekti\/","title":{"rendered":"Zavr\u0161eni Projekti"},"content":{"rendered":"<div data-elementor-type=\"wp-page\" data-elementor-id=\"11434\" class=\"elementor elementor-11434\">\n\t\t\t\t\t\t\t\t\t<section class=\"elementor-section elementor-top-section elementor-element elementor-element-86f6446 elementor-section-full_width elementor-section-height-default elementor-section-height-default qodef-elementor-content-no\" data-id=\"86f6446\" data-element_type=\"section\" data-settings=\"{&quot;background_background&quot;:&quot;classic&quot;}\">\n\t\t\t\t\t\t<div class=\"elementor-container elementor-column-gap-default\">\n\t\t\t\t\t<div class=\"elementor-column elementor-col-50 elementor-top-column elementor-element elementor-element-d96a514\" data-id=\"d96a514\" data-element_type=\"column\" data-settings=\"{&quot;background_background&quot;:&quot;classic&quot;}\">\n\t\t\t<div class=\"elementor-widget-wrap elementor-element-populated\">\n\t\t\t\t\t\t\t\t<div class=\"elementor-element elementor-element-184c341 elementor-widget elementor-widget-halstein_core_banner\" data-id=\"184c341\" data-element_type=\"widget\" data-widget_type=\"halstein_core_banner.default\">\n\t\t\t\t<div class=\"elementor-widget-container\">\n\t\t\t<div class=\"qodef-shortcode qodef-m  qodef-banner qodef-layout--link-overlay  qodef-image-responsive-position--center  qodef-text-field-break--disabled\">\n\t<div class=\"qodef-m-image\">\n\t<img loading=\"lazy\" decoding=\"async\" width=\"1300\" height=\"1077\" src=\"https:\/\/panoramagroup.hr\/wp-content\/uploads\/2023\/09\/Untitled-1.jpg\" class=\"attachment-full size-full\" alt=\"\" srcset=\"https:\/\/panoramagroup.hr\/wp-content\/uploads\/2023\/09\/Untitled-1.jpg 1300w, https:\/\/panoramagroup.hr\/wp-content\/uploads\/2023\/09\/Untitled-1-300x249.jpg 300w, https:\/\/panoramagroup.hr\/wp-content\/uploads\/2023\/09\/Untitled-1-1024x848.jpg 1024w, https:\/\/panoramagroup.hr\/wp-content\/uploads\/2023\/09\/Untitled-1-768x636.jpg 768w\" sizes=\"auto, (max-width: 1300px) 100vw, 1300px\" \/><\/div>\n\t<div class=\"qodef-m-content\">\n\t\t<div class=\"qodef-m-content-inner\" style=\"background-color: #14203B00\">\n\t\t\t<div class=\"qodef-m-content-inner-top\">\n\t\t\t\t\t\t\t\t\t\t\t\t\t\t\t<\/div>\n\t\t\t<div class=\"qodef-m-content-inner-bottom\">\n\t\t\t\t\t<h4 class=\"qodef-m-tagline\" style=\"color: #FFFFFF\">\n\t\tKrk, Porat\t<\/h4>\n\t\t\t\t<div class=\"qodef-m-arrow\" style=\"color: #FFFFFF\">\n\t<svg class=\"qodef-svg--banner-arrow\" xmlns=\"http:\/\/www.w3.org\/2000\/svg\"\n     xmlns:xlink=\"http:\/\/www.w3.org\/1999\/xlink\" x=\"0px\" y=\"0px\" width=\"35px\" height=\"53px\"\n     viewbox=\"0 0 35 53\" style=\"enable-background:new 0 0 35 53;\" xml:space=\"preserve\"><polyline points=\"15.4,10.9 30.7,26.4 15.4,42.2 \"\/><line x1=\"0.5\" y1=\"0\" x2=\"0.5\" y2=\"53\"\/><\/svg><\/div>\n\t\t\t<\/div>\n\t\t<\/div>\n\t<\/div>\n\t<a itemprop=\"url\" href=\"https:\/\/panoramagroup.hr\/sl\/porat\/\" class=\"qodef-m-banner-link\" target=\"_self\"><\/a>\n\n<\/div>\n\t\t<\/div>\n\t\t\t\t<\/div>\n\t\t\t\t<div class=\"elementor-element elementor-element-a6a2627 elementor-widget elementor-widget-halstein_core_banner\" data-id=\"a6a2627\" data-element_type=\"widget\" data-widget_type=\"halstein_core_banner.default\">\n\t\t\t\t<div class=\"elementor-widget-container\">\n\t\t\t<div class=\"qodef-shortcode qodef-m  qodef-banner qodef-layout--link-overlay  qodef-image-responsive-position--center  qodef-text-field-break--disabled\">\n\t<div class=\"qodef-m-image\">\n\t<img loading=\"lazy\" decoding=\"async\" width=\"1583\" height=\"1312\" src=\"https:\/\/panoramagroup.hr\/wp-content\/uploads\/2021\/10\/IMG_8945-e1698665254765.jpg\" class=\"attachment-full size-full\" alt=\"\" srcset=\"https:\/\/panoramagroup.hr\/wp-content\/uploads\/2021\/10\/IMG_8945-e1698665254765.jpg 1583w, https:\/\/panoramagroup.hr\/wp-content\/uploads\/2021\/10\/IMG_8945-e1698665254765-300x249.jpg 300w, https:\/\/panoramagroup.hr\/wp-content\/uploads\/2021\/10\/IMG_8945-e1698665254765-1024x849.jpg 1024w, https:\/\/panoramagroup.hr\/wp-content\/uploads\/2021\/10\/IMG_8945-e1698665254765-768x637.jpg 768w, https:\/\/panoramagroup.hr\/wp-content\/uploads\/2021\/10\/IMG_8945-e1698665254765-1536x1273.jpg 1536w\" sizes=\"auto, (max-width: 1583px) 100vw, 1583px\" \/><\/div>\n\t<div class=\"qodef-m-content\">\n\t\t<div class=\"qodef-m-content-inner\" style=\"background-color: #14203B00\">\n\t\t\t<div class=\"qodef-m-content-inner-top\">\n\t\t\t\t\t\t\t\t\t\t\t\t\t\t\t<\/div>\n\t\t\t<div class=\"qodef-m-content-inner-bottom\">\n\t\t\t\t\t<h4 class=\"qodef-m-tagline\" style=\"color: #FFFFFF\">\n\t\tKrk, Njivice\t<\/h4>\n\t\t\t\t<div class=\"qodef-m-arrow\" style=\"color: #FFFFFF\">\n\t<svg class=\"qodef-svg--banner-arrow\" xmlns=\"http:\/\/www.w3.org\/2000\/svg\"\n     xmlns:xlink=\"http:\/\/www.w3.org\/1999\/xlink\" x=\"0px\" y=\"0px\" width=\"35px\" height=\"53px\"\n     viewbox=\"0 0 35 53\" style=\"enable-background:new 0 0 35 53;\" xml:space=\"preserve\"><polyline points=\"15.4,10.9 30.7,26.4 15.4,42.2 \"\/><line x1=\"0.5\" y1=\"0\" x2=\"0.5\" y2=\"53\"\/><\/svg><\/div>\n\t\t\t<\/div>\n\t\t<\/div>\n\t<\/div>\n\t<a itemprop=\"url\" href=\"https:\/\/panoramagroup.hr\/sl\/njivice-2\/\" class=\"qodef-m-banner-link\" target=\"_self\"><\/a>\n\n<\/div>\n\t\t<\/div>\n\t\t\t\t<\/div>\n\t\t\t\t<div class=\"elementor-element elementor-element-bafbfca elementor-widget elementor-widget-halstein_core_banner\" data-id=\"bafbfca\" data-element_type=\"widget\" data-widget_type=\"halstein_core_banner.default\">\n\t\t\t\t<div class=\"elementor-widget-container\">\n\t\t\t<div class=\"qodef-shortcode qodef-m  qodef-banner qodef-layout--link-overlay  qodef-image-responsive-position--center  qodef-text-field-break--disabled\">\n\t<div class=\"qodef-m-image\">\n\t<img loading=\"lazy\" decoding=\"async\" width=\"1581\" height=\"1311\" src=\"https:\/\/panoramagroup.hr\/wp-content\/uploads\/2024\/04\/Screenshot-2024-04-15-230322-e1713215199325.png\" class=\"attachment-full size-full\" alt=\"\" srcset=\"https:\/\/panoramagroup.hr\/wp-content\/uploads\/2024\/04\/Screenshot-2024-04-15-230322-e1713215199325.png 1581w, https:\/\/panoramagroup.hr\/wp-content\/uploads\/2024\/04\/Screenshot-2024-04-15-230322-e1713215199325-300x249.png 300w, https:\/\/panoramagroup.hr\/wp-content\/uploads\/2024\/04\/Screenshot-2024-04-15-230322-e1713215199325-1024x849.png 1024w, https:\/\/panoramagroup.hr\/wp-content\/uploads\/2024\/04\/Screenshot-2024-04-15-230322-e1713215199325-768x637.png 768w, https:\/\/panoramagroup.hr\/wp-content\/uploads\/2024\/04\/Screenshot-2024-04-15-230322-e1713215199325-1536x1274.png 1536w, https:\/\/panoramagroup.hr\/wp-content\/uploads\/2024\/04\/Screenshot-2024-04-15-230322-e1713215199325-14x12.png 14w\" sizes=\"auto, (max-width: 1581px) 100vw, 1581px\" \/><\/div>\n\t<div class=\"qodef-m-content\">\n\t\t<div class=\"qodef-m-content-inner\" style=\"background-color: #14203B00\">\n\t\t\t<div class=\"qodef-m-content-inner-top\">\n\t\t\t\t\t\t\t\t\t\t\t\t\t\t\t<\/div>\n\t\t\t<div class=\"qodef-m-content-inner-bottom\">\n\t\t\t\t\t<h4 class=\"qodef-m-tagline\" style=\"color: #FFFFFF\">\n\t\tKrk, Njivice\t<\/h4>\n\t\t\t\t<div class=\"qodef-m-arrow\" style=\"color: #FFFFFF\">\n\t<svg class=\"qodef-svg--banner-arrow\" xmlns=\"http:\/\/www.w3.org\/2000\/svg\"\n     xmlns:xlink=\"http:\/\/www.w3.org\/1999\/xlink\" x=\"0px\" y=\"0px\" width=\"35px\" height=\"53px\"\n     viewbox=\"0 0 35 53\" style=\"enable-background:new 0 0 35 53;\" xml:space=\"preserve\"><polyline points=\"15.4,10.9 30.7,26.4 15.4,42.2 \"\/><line x1=\"0.5\" y1=\"0\" x2=\"0.5\" y2=\"53\"\/><\/svg><\/div>\n\t\t\t<\/div>\n\t\t<\/div>\n\t<\/div>\n\t<a itemprop=\"url\" href=\"https:\/\/panoramagroup.hr\/sl\/diva-njivice\/\" class=\"qodef-m-banner-link\" target=\"_self\"><\/a>\n\n<\/div>\n\t\t<\/div>\n\t\t\t\t<\/div>\n\t\t\t\t<div class=\"elementor-element elementor-element-5110540 elementor-widget elementor-widget-halstein_core_banner\" data-id=\"5110540\" data-element_type=\"widget\" data-widget_type=\"halstein_core_banner.default\">\n\t\t\t\t<div class=\"elementor-widget-container\">\n\t\t\t<div class=\"qodef-shortcode qodef-m  qodef-banner qodef-layout--link-overlay  qodef-image-responsive-position--center  qodef-text-field-break--disabled\">\n\t<div class=\"qodef-m-image\">\n\t<img loading=\"lazy\" decoding=\"async\" width=\"1582\" height=\"1314\" src=\"https:\/\/panoramagroup.hr\/wp-content\/uploads\/2024\/04\/dji_fly_20240412_100204_331_1712929607198_photo_optimized-scaled-e1713218431682.jpg\" class=\"attachment-full size-full\" alt=\"\" srcset=\"https:\/\/panoramagroup.hr\/wp-content\/uploads\/2024\/04\/dji_fly_20240412_100204_331_1712929607198_photo_optimized-scaled-e1713218431682.jpg 1582w, https:\/\/panoramagroup.hr\/wp-content\/uploads\/2024\/04\/dji_fly_20240412_100204_331_1712929607198_photo_optimized-scaled-e1713218431682-300x249.jpg 300w, https:\/\/panoramagroup.hr\/wp-content\/uploads\/2024\/04\/dji_fly_20240412_100204_331_1712929607198_photo_optimized-scaled-e1713218431682-1024x851.jpg 1024w, https:\/\/panoramagroup.hr\/wp-content\/uploads\/2024\/04\/dji_fly_20240412_100204_331_1712929607198_photo_optimized-scaled-e1713218431682-768x638.jpg 768w, https:\/\/panoramagroup.hr\/wp-content\/uploads\/2024\/04\/dji_fly_20240412_100204_331_1712929607198_photo_optimized-scaled-e1713218431682-1536x1276.jpg 1536w, https:\/\/panoramagroup.hr\/wp-content\/uploads\/2024\/04\/dji_fly_20240412_100204_331_1712929607198_photo_optimized-scaled-e1713218431682-14x12.jpg 14w\" sizes=\"auto, (max-width: 1582px) 100vw, 1582px\" \/><\/div>\n\t<div class=\"qodef-m-content\">\n\t\t<div class=\"qodef-m-content-inner\" style=\"background-color: #14203B00\">\n\t\t\t<div class=\"qodef-m-content-inner-top\">\n\t\t\t\t\t\t\t\t\t\t\t\t\t\t\t<\/div>\n\t\t\t<div class=\"qodef-m-content-inner-bottom\">\n\t\t\t\t\t<h4 class=\"qodef-m-tagline\" style=\"color: #FFFFFF\">\n\t\tKrk, Mil\u010deti\u0107i\t<\/h4>\n\t\t\t\t<div class=\"qodef-m-arrow\" style=\"color: #FFFFFF\">\n\t<svg class=\"qodef-svg--banner-arrow\" xmlns=\"http:\/\/www.w3.org\/2000\/svg\"\n     xmlns:xlink=\"http:\/\/www.w3.org\/1999\/xlink\" x=\"0px\" y=\"0px\" width=\"35px\" height=\"53px\"\n     viewbox=\"0 0 35 53\" style=\"enable-background:new 0 0 35 53;\" xml:space=\"preserve\"><polyline points=\"15.4,10.9 30.7,26.4 15.4,42.2 \"\/><line x1=\"0.5\" y1=\"0\" x2=\"0.5\" y2=\"53\"\/><\/svg><\/div>\n\t\t\t<\/div>\n\t\t<\/div>\n\t<\/div>\n\t<a itemprop=\"url\" href=\"https:\/\/panoramagroup.hr\/sl\/milcetici\/\" class=\"qodef-m-banner-link\" target=\"_self\"><\/a>\n\n<\/div>\n\t\t<\/div>\n\t\t\t\t<\/div>\n\t\t\t\t\t<\/div>\n\t\t<\/div>\n\t\t\t\t<div class=\"elementor-column elementor-col-50 elementor-top-column elementor-element elementor-element-991e993\" data-id=\"991e993\" data-element_type=\"column\" data-settings=\"{&quot;background_background&quot;:&quot;classic&quot;}\">\n\t\t\t<div class=\"elementor-widget-wrap elementor-element-populated\">\n\t\t\t\t\t\t\t\t<div class=\"elementor-element elementor-element-6e33b41 elementor-widget elementor-widget-halstein_core_banner\" data-id=\"6e33b41\" data-element_type=\"widget\" data-widget_type=\"halstein_core_banner.default\">\n\t\t\t\t<div class=\"elementor-widget-container\">\n\t\t\t<div class=\"qodef-shortcode qodef-m  qodef-banner qodef-layout--link-overlay  qodef-image-responsive-position--center  qodef-text-field-break--disabled\">\n\t<div class=\"qodef-m-image\">\n\t<img loading=\"lazy\" decoding=\"async\" width=\"1301\" height=\"1075\" src=\"https:\/\/panoramagroup.hr\/wp-content\/uploads\/2021\/10\/IMG_8344-scaled-e1698664309646.jpg\" class=\"attachment-full size-full\" alt=\"\" srcset=\"https:\/\/panoramagroup.hr\/wp-content\/uploads\/2021\/10\/IMG_8344-scaled-e1698664309646.jpg 1301w, https:\/\/panoramagroup.hr\/wp-content\/uploads\/2021\/10\/IMG_8344-scaled-e1698664309646-300x248.jpg 300w, https:\/\/panoramagroup.hr\/wp-content\/uploads\/2021\/10\/IMG_8344-scaled-e1698664309646-1024x846.jpg 1024w, https:\/\/panoramagroup.hr\/wp-content\/uploads\/2021\/10\/IMG_8344-scaled-e1698664309646-768x635.jpg 768w\" sizes=\"auto, (max-width: 1301px) 100vw, 1301px\" \/><\/div>\n\t<div class=\"qodef-m-content\">\n\t\t<div class=\"qodef-m-content-inner\" style=\"background-color: #14203B00\">\n\t\t\t<div class=\"qodef-m-content-inner-top\">\n\t\t\t\t\t\t\t\t\t\t\t\t\t\t\t<\/div>\n\t\t\t<div class=\"qodef-m-content-inner-bottom\">\n\t\t\t\t\t<h4 class=\"qodef-m-tagline\" style=\"color: #FFFFFF\">\n\t\tKrk, Omi\u0161alj\t<\/h4>\n\t\t\t\t<div class=\"qodef-m-arrow\" style=\"color: #FFFFFF\">\n\t<svg class=\"qodef-svg--banner-arrow\" xmlns=\"http:\/\/www.w3.org\/2000\/svg\"\n     xmlns:xlink=\"http:\/\/www.w3.org\/1999\/xlink\" x=\"0px\" y=\"0px\" width=\"35px\" height=\"53px\"\n     viewbox=\"0 0 35 53\" style=\"enable-background:new 0 0 35 53;\" xml:space=\"preserve\"><polyline points=\"15.4,10.9 30.7,26.4 15.4,42.2 \"\/><line x1=\"0.5\" y1=\"0\" x2=\"0.5\" y2=\"53\"\/><\/svg><\/div>\n\t\t\t<\/div>\n\t\t<\/div>\n\t<\/div>\n\t<a itemprop=\"url\" href=\"https:\/\/panoramagroup.hr\/sl\/omisalj-2\/\" class=\"qodef-m-banner-link\" target=\"_self\"><\/a>\n\n<\/div>\n\t\t<\/div>\n\t\t\t\t<\/div>\n\t\t\t\t<div class=\"elementor-element elementor-element-49596e7 elementor-widget elementor-widget-halstein_core_banner\" data-id=\"49596e7\" data-element_type=\"widget\" data-widget_type=\"halstein_core_banner.default\">\n\t\t\t\t<div class=\"elementor-widget-container\">\n\t\t\t<div class=\"qodef-shortcode qodef-m  qodef-banner qodef-layout--link-overlay  qodef-image-responsive-position--center  qodef-text-field-break--disabled\">\n\t<div class=\"qodef-m-image\">\n\t<img loading=\"lazy\" decoding=\"async\" width=\"1582\" height=\"1314\" src=\"https:\/\/panoramagroup.hr\/wp-content\/uploads\/2024\/04\/dji_fly_20240412_094442_325_1712929751049_photo_optimized-1-scaled-e1713218355590.jpg\" class=\"attachment-full size-full\" alt=\"\" srcset=\"https:\/\/panoramagroup.hr\/wp-content\/uploads\/2024\/04\/dji_fly_20240412_094442_325_1712929751049_photo_optimized-1-scaled-e1713218355590.jpg 1582w, https:\/\/panoramagroup.hr\/wp-content\/uploads\/2024\/04\/dji_fly_20240412_094442_325_1712929751049_photo_optimized-1-scaled-e1713218355590-300x249.jpg 300w, https:\/\/panoramagroup.hr\/wp-content\/uploads\/2024\/04\/dji_fly_20240412_094442_325_1712929751049_photo_optimized-1-scaled-e1713218355590-1024x851.jpg 1024w, https:\/\/panoramagroup.hr\/wp-content\/uploads\/2024\/04\/dji_fly_20240412_094442_325_1712929751049_photo_optimized-1-scaled-e1713218355590-768x638.jpg 768w, https:\/\/panoramagroup.hr\/wp-content\/uploads\/2024\/04\/dji_fly_20240412_094442_325_1712929751049_photo_optimized-1-scaled-e1713218355590-1536x1276.jpg 1536w, https:\/\/panoramagroup.hr\/wp-content\/uploads\/2024\/04\/dji_fly_20240412_094442_325_1712929751049_photo_optimized-1-scaled-e1713218355590-14x12.jpg 14w\" sizes=\"auto, (max-width: 1582px) 100vw, 1582px\" \/><\/div>\n\t<div class=\"qodef-m-content\">\n\t\t<div class=\"qodef-m-content-inner\" style=\"background-color: #14203B00\">\n\t\t\t<div class=\"qodef-m-content-inner-top\">\n\t\t\t\t\t\t\t\t\t\t\t\t\t\t\t<\/div>\n\t\t\t<div class=\"qodef-m-content-inner-bottom\">\n\t\t\t\t\t<h4 class=\"qodef-m-tagline\" style=\"color: #FFFFFF\">\n\t\tKrk, Kijac\t<\/h4>\n\t\t\t\t<div class=\"qodef-m-arrow\" style=\"color: #FFFFFF\">\n\t<svg class=\"qodef-svg--banner-arrow\" xmlns=\"http:\/\/www.w3.org\/2000\/svg\"\n     xmlns:xlink=\"http:\/\/www.w3.org\/1999\/xlink\" x=\"0px\" y=\"0px\" width=\"35px\" height=\"53px\"\n     viewbox=\"0 0 35 53\" style=\"enable-background:new 0 0 35 53;\" xml:space=\"preserve\"><polyline points=\"15.4,10.9 30.7,26.4 15.4,42.2 \"\/><line x1=\"0.5\" y1=\"0\" x2=\"0.5\" y2=\"53\"\/><\/svg><\/div>\n\t\t\t<\/div>\n\t\t<\/div>\n\t<\/div>\n\t<a itemprop=\"url\" href=\"https:\/\/panoramagroup.hr\/sl\/kijac-njivice\/\" class=\"qodef-m-banner-link\" target=\"_self\"><\/a>\n\n<\/div>\n\t\t<\/div>\n\t\t\t\t<\/div>\n\t\t\t\t<div class=\"elementor-element elementor-element-4558d4f elementor-widget elementor-widget-halstein_core_banner\" data-id=\"4558d4f\" data-element_type=\"widget\" data-widget_type=\"halstein_core_banner.default\">\n\t\t\t\t<div class=\"elementor-widget-container\">\n\t\t\t<div class=\"qodef-shortcode qodef-m  qodef-banner qodef-layout--link-overlay  qodef-image-responsive-position--center  qodef-text-field-break--disabled\">\n\t<div class=\"qodef-m-image\">\n\t<img loading=\"lazy\" decoding=\"async\" width=\"1582\" height=\"1314\" src=\"https:\/\/panoramagroup.hr\/wp-content\/uploads\/2024\/04\/dji_fly_20240412_102554_340_1712929527481_photo_optimized-scaled-e1713214876733.jpg\" class=\"attachment-full size-full\" alt=\"\" srcset=\"https:\/\/panoramagroup.hr\/wp-content\/uploads\/2024\/04\/dji_fly_20240412_102554_340_1712929527481_photo_optimized-scaled-e1713214876733.jpg 1582w, https:\/\/panoramagroup.hr\/wp-content\/uploads\/2024\/04\/dji_fly_20240412_102554_340_1712929527481_photo_optimized-scaled-e1713214876733-300x249.jpg 300w, https:\/\/panoramagroup.hr\/wp-content\/uploads\/2024\/04\/dji_fly_20240412_102554_340_1712929527481_photo_optimized-scaled-e1713214876733-1024x851.jpg 1024w, https:\/\/panoramagroup.hr\/wp-content\/uploads\/2024\/04\/dji_fly_20240412_102554_340_1712929527481_photo_optimized-scaled-e1713214876733-768x638.jpg 768w, https:\/\/panoramagroup.hr\/wp-content\/uploads\/2024\/04\/dji_fly_20240412_102554_340_1712929527481_photo_optimized-scaled-e1713214876733-1536x1276.jpg 1536w, https:\/\/panoramagroup.hr\/wp-content\/uploads\/2024\/04\/dji_fly_20240412_102554_340_1712929527481_photo_optimized-scaled-e1713214876733-14x12.jpg 14w\" sizes=\"auto, (max-width: 1582px) 100vw, 1582px\" \/><\/div>\n\t<div class=\"qodef-m-content\">\n\t\t<div class=\"qodef-m-content-inner\" style=\"background-color: #14203B00\">\n\t\t\t<div class=\"qodef-m-content-inner-top\">\n\t\t\t\t\t\t\t\t\t\t\t\t\t\t\t<\/div>\n\t\t\t<div class=\"qodef-m-content-inner-bottom\">\n\t\t\t\t\t<h4 class=\"qodef-m-tagline\" style=\"color: #FFFFFF\">\n\t\tKrk, Malinska\t<\/h4>\n\t\t\t\t<div class=\"qodef-m-arrow\" style=\"color: #FFFFFF\">\n\t<svg class=\"qodef-svg--banner-arrow\" xmlns=\"http:\/\/www.w3.org\/2000\/svg\"\n     xmlns:xlink=\"http:\/\/www.w3.org\/1999\/xlink\" x=\"0px\" y=\"0px\" width=\"35px\" height=\"53px\"\n     viewbox=\"0 0 35 53\" style=\"enable-background:new 0 0 35 53;\" xml:space=\"preserve\"><polyline points=\"15.4,10.9 30.7,26.4 15.4,42.2 \"\/><line x1=\"0.5\" y1=\"0\" x2=\"0.5\" y2=\"53\"\/><\/svg><\/div>\n\t\t\t<\/div>\n\t\t<\/div>\n\t<\/div>\n\t<a itemprop=\"url\" href=\"https:\/\/panoramagroup.hr\/sl\/malinska-2\/\" class=\"qodef-m-banner-link\" target=\"_self\"><\/a>\n\n<\/div>\n\t\t<\/div>\n\t\t\t\t<\/div>\n\t\t\t\t\t<\/div>\n\t\t<\/div>\n\t\t\t\t\t\t\t<\/div>\n\t\t<\/section>\n\t\t\t\t<section class=\"elementor-section elementor-top-section elementor-element elementor-element-a4df534 elementor-section-boxed elementor-section-height-default elementor-section-height-default qodef-elementor-content-no\" data-id=\"a4df534\" data-element_type=\"section\">\n\t\t\t\t\t\t<div class=\"elementor-container elementor-column-gap-default\">\n\t\t\t\t\t<div class=\"elementor-column elementor-col-100 elementor-top-column elementor-element elementor-element-e801c06\" data-id=\"e801c06\" data-element_type=\"column\">\n\t\t\t<div class=\"elementor-widget-wrap elementor-element-populated\">\n\t\t\t\t\t\t\t\t<div class=\"elementor-element elementor-element-9bc0b5e elementor-widget elementor-widget-spacer\" data-id=\"9bc0b5e\" data-element_type=\"widget\" data-widget_type=\"spacer.default\">\n\t\t\t\t<div class=\"elementor-widget-container\">\n\t\t\t<style>\/*! elementor - v3.16.0 - 17-10-2023 *\/\n.elementor-column .elementor-spacer-inner{height:var(--spacer-size)}.e-con{--container-widget-width:100%}.e-con-inner>.elementor-widget-spacer,.e-con>.elementor-widget-spacer{width:var(--container-widget-width,var(--spacer-size));--align-self:var(--container-widget-align-self,initial);--flex-shrink:0}.e-con-inner>.elementor-widget-spacer>.elementor-widget-container,.e-con>.elementor-widget-spacer>.elementor-widget-container{height:100%;width:100%}.e-con-inner>.elementor-widget-spacer>.elementor-widget-container>.elementor-spacer,.e-con>.elementor-widget-spacer>.elementor-widget-container>.elementor-spacer{height:100%}.e-con-inner>.elementor-widget-spacer>.elementor-widget-container>.elementor-spacer>.elementor-spacer-inner,.e-con>.elementor-widget-spacer>.elementor-widget-container>.elementor-spacer>.elementor-spacer-inner{height:var(--container-widget-height,var(--spacer-size))}.e-con-inner>.elementor-widget-spacer.elementor-widget-empty,.e-con>.elementor-widget-spacer.elementor-widget-empty{position:relative;min-height:22px;min-width:22px}.e-con-inner>.elementor-widget-spacer.elementor-widget-empty .elementor-widget-empty-icon,.e-con>.elementor-widget-spacer.elementor-widget-empty .elementor-widget-empty-icon{position:absolute;top:0;bottom:0;left:0;right:0;margin:auto;padding:0;width:22px;height:22px}<\/style>\t\t<div class=\"elementor-spacer\">\n\t\t\t<div class=\"elementor-spacer-inner\"><\/div>\n\t\t<\/div>\n\t\t\t\t<\/div>\n\t\t\t\t<\/div>\n\t\t\t\t\t<\/div>\n\t\t<\/div>\n\t\t\t\t\t\t\t<\/div>\n\t\t<\/section>\n\t\t\t\t\t\t\t<\/div>","protected":false},"excerpt":{"rendered":"<p>Krk, Porat Krk, Njivice Krk, Njivice Krk, Mil\u010deti\u0107i Krk, Omi\u0161alj Krk, Kijac Krk, Malinska<\/p>","protected":false},"author":1,"featured_media":0,"parent":0,"menu_order":0,"comment_status":"closed","ping_status":"closed","template":"","meta":{"content-type":"","om_disable_all_campaigns":false,"_monsterinsights_skip_tracking":false,"_monsterinsights_sitenote_active":false,"_monsterinsights_sitenote_note":"","_monsterinsights_sitenote_category":0,"_uf_show_specific_survey":0,"_uf_disable_surveys":false,"footnotes":""},"class_list":["post-11434","page","type-page","status-publish","hentry"],"aioseo_notices":[],"_links":{"self":[{"href":"https:\/\/panoramagroup.hr\/sl\/wp-json\/wp\/v2\/pages\/11434","targetHints":{"allow":["GET"]}}],"collection":[{"href":"https:\/\/panoramagroup.hr\/sl\/wp-json\/wp\/v2\/pages"}],"about":[{"href":"https:\/\/panoramagroup.hr\/sl\/wp-json\/wp\/v2\/types\/page"}],"author":[{"embeddable":true,"href":"https:\/\/panoramagroup.hr\/sl\/wp-json\/wp\/v2\/users\/1"}],"replies":[{"embeddable":true,"href":"https:\/\/panoramagroup.hr\/sl\/wp-json\/wp\/v2\/comments?post=11434"}],"version-history":[{"count":115,"href":"https:\/\/panoramagroup.hr\/sl\/wp-json\/wp\/v2\/pages\/11434\/revisions"}],"predecessor-version":[{"id":13582,"href":"https:\/\/panoramagroup.hr\/sl\/wp-json\/wp\/v2\/pages\/11434\/revisions\/13582"}],"wp:attachment":[{"href":"https:\/\/panoramagroup.hr\/sl\/wp-json\/wp\/v2\/media?parent=11434"}],"curies":[{"name":"wp","href":"https:\/\/api.w.org\/{rel}","templated":true}]}}