{"id":12176,"date":"2021-10-07T18:42:42","date_gmt":"2021-10-07T18:42:42","guid":{"rendered":"https:\/\/panoramagroup.hr\/?page_id=12176"},"modified":"2025-07-07T10:58:13","modified_gmt":"2025-07-07T10:58:13","slug":"nekretninski-trg","status":"publish","type":"page","link":"https:\/\/panoramagroup.hr\/sl\/nekretninski-trg\/","title":{"rendered":"Nepremi\u010dninski trg"},"content":{"rendered":"<div data-elementor-type=\"wp-page\" data-elementor-id=\"12176\" class=\"elementor elementor-12176\">\n\t\t\t\t\t\t\t\t\t<section class=\"elementor-section elementor-top-section elementor-element elementor-element-2eed4de elementor-section-full_width qodef-elementor-content-grid elementor-section-height-default elementor-section-height-default\" data-id=\"2eed4de\" data-element_type=\"section\">\n\t\t\t\t\t\t<div class=\"elementor-container elementor-column-gap-default\">\n\t\t\t\t\t<div class=\"elementor-column elementor-col-100 elementor-top-column elementor-element elementor-element-81bceba\" data-id=\"81bceba\" data-element_type=\"column\">\n\t\t\t<div class=\"elementor-widget-wrap elementor-element-populated\">\n\t\t\t\t\t\t\t\t<div class=\"elementor-element elementor-element-8b18a6f elementor-widget__width-initial elementor-widget elementor-widget-halstein_core_section_title\" data-id=\"8b18a6f\" data-element_type=\"widget\" data-widget_type=\"halstein_core_section_title.default\">\n\t\t\t\t<div class=\"elementor-widget-container\">\n\t\t\t<div class=\"qodef-shortcode qodef-m  qodef-section-title qodef-alignment--left\">\n\t\t<h6 class=\"qodef-m-tagline\" >\n\t\tSvetovanje\t<\/h6>\n\t\t<h2 class=\"qodef-m-title\" >\n\t\t\t\t\tNepremi\u010dninski trg\t\t\t<\/h2>\n\t\t\t<\/div>\n\t\t<\/div>\n\t\t\t\t<\/div>\n\t\t\t\t\t<\/div>\n\t\t<\/div>\n\t\t\t\t\t\t\t<\/div>\n\t\t<\/section>\n\t\t\t\t<section class=\"elementor-section elementor-top-section elementor-element elementor-element-1ec16cf elementor-section-boxed elementor-section-height-default elementor-section-height-default qodef-elementor-content-no\" data-id=\"1ec16cf\" data-element_type=\"section\">\n\t\t\t\t\t\t<div class=\"elementor-container elementor-column-gap-default\">\n\t\t\t\t\t<div class=\"elementor-column elementor-col-100 elementor-top-column elementor-element elementor-element-f065f02\" data-id=\"f065f02\" data-element_type=\"column\">\n\t\t\t<div class=\"elementor-widget-wrap elementor-element-populated\">\n\t\t\t\t\t\t\t\t<div class=\"elementor-element elementor-element-47857a9 elementor-widget elementor-widget-text-editor\" data-id=\"47857a9\" data-element_type=\"widget\" data-widget_type=\"text-editor.default\">\n\t\t\t\t<div class=\"elementor-widget-container\">\n\t\t\t<style>\/*! elementor - v3.16.0 - 17-10-2023 *\/\n.elementor-widget-text-editor.elementor-drop-cap-view-stacked .elementor-drop-cap{background-color:#69727d;color:#fff}.elementor-widget-text-editor.elementor-drop-cap-view-framed .elementor-drop-cap{color:#69727d;border:3px solid;background-color:transparent}.elementor-widget-text-editor:not(.elementor-drop-cap-view-default) .elementor-drop-cap{margin-top:8px}.elementor-widget-text-editor:not(.elementor-drop-cap-view-default) .elementor-drop-cap-letter{width:1em;height:1em}.elementor-widget-text-editor .elementor-drop-cap{float:left;text-align:center;line-height:1;font-size:50px}.elementor-widget-text-editor .elementor-drop-cap-letter{display:inline-block}<\/style>\t\t\t\t<p>Omejeno poznavanje tr\u017enih trendov in prodajnih potencialov je klju\u010dni izziv pri nepremi\u010dninskem svetovanju, \u0161e posebej na hrva\u0161kem trgu. Glede na dinami\u010dnost in specifi\u010dnost tega trga se kupci pogosto sre\u010dujejo s pomanjkanjem informacij o dolgoro\u010dnih trendih in mo\u017enostih prodaje svojih nepremi\u010dnin. Po ustreznih podatkih so cene nepremi\u010dnin na Hrva\u0161kem podvr\u017eene nihanjem, ki so odvisna od razli\u010dnih dejavnikov, vklju\u010dno s turisti\u010dno sezono, gospodarskimi razmerami in investicijsko aktivnostjo.<\/p><p>Ta negotovost lahko pomembno vpliva na odlo\u010danje vlagateljev, problem pa postane \u0161e posebej izrazit v luksuznem sektorju, kjer so investicije velike. Na\u0161e strokovno svetovanje re\u0161uje ta izziv z iz\u010drpnimi raziskavami trenutnih tr\u017enih trendov, analizo dejavnikov, ki vplivajo na vrednost nepremi\u010dnine, ter strokovnim svetovanjem. To na\u0161im strankam omogo\u010da sprejemanje informiranih odlo\u010ditev v skladu z dinamiko nepremi\u010dninskega trga v Republiki Hrva\u0161ki, kar zagotavlja dolgoro\u010dno vrednost njihovih nalo\u017eb.<\/p><p>\u00a0<\/p><p><div class=\"forminator-ui forminator-custom-form forminator-custom-form-13793 forminator-design--material  forminator_ajax\" data-forminator-render=\"0\" data-form=\"forminator-module-13793\" data-uid=\"69f17e7b11a01\"><br\/><\/div><form\n\t\t\t\tid=\"forminator-module-13793\"\n\t\t\t\tclass=\"forminator-ui forminator-custom-form forminator-custom-form-13793 forminator-design--material  forminator_ajax\"\n\t\t\t\tmethod=\"post\"\n\t\t\t\tdata-forminator-render=\"0\"\n\t\t\t\tdata-form-id=\"13793\"\n\t\t\t\t\n\t\t\t\tdata-design=\"material\"\n\t\t\t\t\n\t\t\t\t\n\t\t\t\t\n\t\t\t\tdata-grid=\"open\"\n\t\t\t\t\n\t\t\t\t\n\t\t\t\tstyle=\"display: none;\"\n\t\t\t\t\n\t\t\t\tdata-uid=\"69f17e7b11a01\" action=\"\"\n\t\t\t><div role=\"alert\" aria-live=\"polite\" class=\"forminator-response-message forminator-error\" aria-hidden=\"true\"><\/div><div class=\"forminator-row\"><div id=\"name-2\" class=\"forminator-col forminator-col-6\"><div class=\"forminator-field\"><label for=\"forminator-field-name-2_69f17e7b11a01\" class=\"forminator-label\" id=\"forminator-field-name-2_69f17e7b11a01-label\">Ime <span class=\"forminator-required\">*<\/span><\/label><input type=\"text\" name=\"name-2\" value=\"\" placeholder=\"\" id=\"forminator-field-name-2_69f17e7b11a01\" class=\"forminator-input forminator-name--field\" aria-required=\"true\" \/><\/div><\/div><div id=\"name-3\" class=\"forminator-col forminator-col-6\"><div class=\"forminator-field\"><label for=\"forminator-field-name-3_69f17e7b11a01\" class=\"forminator-label\" id=\"forminator-field-name-3_69f17e7b11a01-label\">Priimek <span class=\"forminator-required\">*<\/span><\/label><input type=\"text\" name=\"name-3\" value=\"\" placeholder=\"\" id=\"forminator-field-name-3_69f17e7b11a01\" class=\"forminator-input forminator-name--field\" aria-required=\"true\" \/><\/div><\/div><\/div><div class=\"forminator-row\"><div id=\"email-1\" class=\"forminator-col forminator-col-12\"><div class=\"forminator-field\"><label for=\"forminator-field-email-1_69f17e7b11a01\" class=\"forminator-label\" id=\"forminator-field-email-1_69f17e7b11a01-label\">Email <span class=\"forminator-required\">*<\/span><\/label><input type=\"email\" name=\"email-1\" value=\"\" placeholder=\"\" id=\"forminator-field-email-1_69f17e7b11a01\" class=\"forminator-input forminator-email--field\" data-required=\"1\" aria-required=\"true\" \/><\/div><\/div><\/div><div class=\"forminator-row\"><div id=\"phone-1\" class=\"forminator-col forminator-col-12\"><div class=\"forminator-field\"><label for=\"forminator-field-phone-1_69f17e7b11a01\" class=\"forminator-label\" id=\"forminator-field-phone-1_69f17e7b11a01-label\">Telefonska \u0161tevilka<\/label><input type=\"text\" name=\"phone-1\" value=\"\" placeholder=\"\" id=\"forminator-field-phone-1_69f17e7b11a01\" class=\"forminator-input forminator-field--phone\" data-required=\"\" aria-required=\"false\" autocomplete=\"off\" \/><\/div><\/div><\/div><div class=\"forminator-row\"><div id=\"textarea-1\" class=\"forminator-col forminator-col-12\"><div class=\"forminator-field\"><label for=\"forminator-field-textarea-1_69f17e7b11a01\" id=\"forminator-field-textarea-1_69f17e7b11a01-label\" class=\"forminator-label\">Sporo\u010dilo<\/label><textarea name=\"textarea-1\" placeholder=\"Sporo\u010dilo\" id=\"forminator-field-textarea-1_69f17e7b11a01\" class=\"forminator-textarea\" rows=\"6\" style=\"min-height:140px;\" ><\/textarea><\/div><\/div><\/div><input type=\"hidden\" name=\"referer_url\" value=\"\" \/><div class=\"forminator-row forminator-row-last\"><div class=\"forminator-col\"><div class=\"forminator-field\"><button class=\"forminator-button forminator-button-submit\"><span>Po&scaron;alji upit<\/span><span aria-hidden=\"true\"><\/span><\/button><\/div><\/div><\/div><input type=\"hidden\" id=\"forminator_nonce\" name=\"forminator_nonce\" value=\"10d06b206b\" \/><input type=\"hidden\" name=\"_wp_http_referer\" value=\"\/sl\/wp-json\/wp\/v2\/pages\/12176\" \/><input type=\"hidden\" name=\"form_id\" value=\"13793\"><input type=\"hidden\" name=\"page_id\" value=\"12176\"><input type=\"hidden\" name=\"form_type\" value=\"registration\"><input type=\"hidden\" name=\"current_url\" value=\"https:\/\/panoramagroup.hr\/sl\/nekretninski-trg\/\"><input type=\"hidden\" name=\"render_id\" value=\"0\"><input type=\"hidden\" name=\"action\" value=\"forminator_submit_form_custom-forms\"><label for=\"input_6\" class=\"forminator-hidden\" aria-hidden=\"true\">Please do not fill in this field. <input id=\"input_6\" type=\"text\" name=\"input_6\" value=\"\" autocomplete=\"off\"><\/label><input type=\"hidden\" name=\"trp-form-language\" value=\"sl\"\/><\/form><\/p>\t\t\t\t\t\t<\/div>\n\t\t\t\t<\/div>\n\t\t\t\t\t<\/div>\n\t\t<\/div>\n\t\t\t\t\t\t\t<\/div>\n\t\t<\/section>\n\t\t\t\t<section class=\"elementor-section elementor-top-section elementor-element elementor-element-babd141 elementor-section-boxed elementor-section-height-default elementor-section-height-default qodef-elementor-content-no\" data-id=\"babd141\" data-element_type=\"section\">\n\t\t\t\t\t\t<div class=\"elementor-container elementor-column-gap-default\">\n\t\t\t\t\t<div class=\"elementor-column elementor-col-100 elementor-top-column elementor-element elementor-element-3557442\" data-id=\"3557442\" data-element_type=\"column\">\n\t\t\t<div class=\"elementor-widget-wrap elementor-element-populated\">\n\t\t\t\t\t\t\t\t<div class=\"elementor-element elementor-element-1a5db28 elementor-widget elementor-widget-spacer\" data-id=\"1a5db28\" data-element_type=\"widget\" data-widget_type=\"spacer.default\">\n\t\t\t\t<div class=\"elementor-widget-container\">\n\t\t\t<style>\/*! elementor - v3.16.0 - 17-10-2023 *\/\n.elementor-column .elementor-spacer-inner{height:var(--spacer-size)}.e-con{--container-widget-width:100%}.e-con-inner>.elementor-widget-spacer,.e-con>.elementor-widget-spacer{width:var(--container-widget-width,var(--spacer-size));--align-self:var(--container-widget-align-self,initial);--flex-shrink:0}.e-con-inner>.elementor-widget-spacer>.elementor-widget-container,.e-con>.elementor-widget-spacer>.elementor-widget-container{height:100%;width:100%}.e-con-inner>.elementor-widget-spacer>.elementor-widget-container>.elementor-spacer,.e-con>.elementor-widget-spacer>.elementor-widget-container>.elementor-spacer{height:100%}.e-con-inner>.elementor-widget-spacer>.elementor-widget-container>.elementor-spacer>.elementor-spacer-inner,.e-con>.elementor-widget-spacer>.elementor-widget-container>.elementor-spacer>.elementor-spacer-inner{height:var(--container-widget-height,var(--spacer-size))}.e-con-inner>.elementor-widget-spacer.elementor-widget-empty,.e-con>.elementor-widget-spacer.elementor-widget-empty{position:relative;min-height:22px;min-width:22px}.e-con-inner>.elementor-widget-spacer.elementor-widget-empty .elementor-widget-empty-icon,.e-con>.elementor-widget-spacer.elementor-widget-empty .elementor-widget-empty-icon{position:absolute;top:0;bottom:0;left:0;right:0;margin:auto;padding:0;width:22px;height:22px}<\/style>\t\t<div class=\"elementor-spacer\">\n\t\t\t<div class=\"elementor-spacer-inner\"><\/div>\n\t\t<\/div>\n\t\t\t\t<\/div>\n\t\t\t\t<\/div>\n\t\t\t\t\t<\/div>\n\t\t<\/div>\n\t\t\t\t\t\t\t<\/div>\n\t\t<\/section>\n\t\t\t\t\t\t\t<\/div>","protected":false},"excerpt":{"rendered":"<p>Consulting Nekretninski trg Ograni\u010deno poznavanje tr\u017ei\u0161nih trendova i potencijala za prodaju predstavlja klju\u010dni izazov u domeni savjetovanja o nekretninama, posebice na hrvatskom tr\u017ei\u0161tu. S obzirom na dinami\u010dnost i specifi\u010dnosti tog tr\u017ei\u0161ta, kupci se \u010desto suo\u010davaju s nedostatkom informacija o dugoro\u010dnim trendovima i potencijalu prodaje svojih nekretnina. Prema relevantnim podacima, u Hrvatskoj su cijene nekretnina podlo\u017ene [&hellip;]<\/p>","protected":false},"author":1,"featured_media":0,"parent":0,"menu_order":0,"comment_status":"closed","ping_status":"closed","template":"","meta":{"content-type":"","om_disable_all_campaigns":false,"_monsterinsights_skip_tracking":false,"_monsterinsights_sitenote_active":false,"_monsterinsights_sitenote_note":"","_monsterinsights_sitenote_category":0,"_uf_show_specific_survey":0,"_uf_disable_surveys":false,"footnotes":""},"class_list":["post-12176","page","type-page","status-publish","hentry"],"aioseo_notices":[],"_links":{"self":[{"href":"https:\/\/panoramagroup.hr\/sl\/wp-json\/wp\/v2\/pages\/12176","targetHints":{"allow":["GET"]}}],"collection":[{"href":"https:\/\/panoramagroup.hr\/sl\/wp-json\/wp\/v2\/pages"}],"about":[{"href":"https:\/\/panoramagroup.hr\/sl\/wp-json\/wp\/v2\/types\/page"}],"author":[{"embeddable":true,"href":"https:\/\/panoramagroup.hr\/sl\/wp-json\/wp\/v2\/users\/1"}],"replies":[{"embeddable":true,"href":"https:\/\/panoramagroup.hr\/sl\/wp-json\/wp\/v2\/comments?post=12176"}],"version-history":[{"count":7,"href":"https:\/\/panoramagroup.hr\/sl\/wp-json\/wp\/v2\/pages\/12176\/revisions"}],"predecessor-version":[{"id":13814,"href":"https:\/\/panoramagroup.hr\/sl\/wp-json\/wp\/v2\/pages\/12176\/revisions\/13814"}],"wp:attachment":[{"href":"https:\/\/panoramagroup.hr\/sl\/wp-json\/wp\/v2\/media?parent=12176"}],"curies":[{"name":"wp","href":"https:\/\/api.w.org\/{rel}","templated":true}]}}