{"id":13011,"date":"2021-10-07T18:42:42","date_gmt":"2021-10-07T18:42:42","guid":{"rendered":"https:\/\/panoramagroup.hr\/?page_id=13011"},"modified":"2025-02-28T11:29:35","modified_gmt":"2025-02-28T11:29:35","slug":"sabljici","status":"publish","type":"page","link":"https:\/\/panoramagroup.hr\/sl\/sabljici\/","title":{"rendered":"Smart asset investments &#8211; Sablji\u0107i, Malinska"},"content":{"rendered":"<div data-elementor-type=\"wp-page\" data-elementor-id=\"13011\" class=\"elementor elementor-13011\">\n\t\t\t\t\t\t\t\t\t<section class=\"elementor-section elementor-top-section elementor-element elementor-element-c15b1e2 elementor-section-full_width elementor-section-height-default elementor-section-height-default qodef-elementor-content-no\" data-id=\"c15b1e2\" data-element_type=\"section\">\n\t\t\t\t\t\t<div class=\"elementor-container elementor-column-gap-default\">\n\t\t\t\t\t<div class=\"elementor-column elementor-col-100 elementor-top-column elementor-element elementor-element-2011915\" data-id=\"2011915\" data-element_type=\"column\">\n\t\t\t<div class=\"elementor-widget-wrap elementor-element-populated\">\n\t\t\t\t\t\t\t\t<div class=\"elementor-element elementor-element-5c02045 elementor-widget elementor-widget-qi_addons_for_elementor_section_title\" data-id=\"5c02045\" data-element_type=\"widget\" data-widget_type=\"qi_addons_for_elementor_section_title.default\">\n\t\t\t\t<div class=\"elementor-widget-container\">\n\t\t\t<div class=\"qodef-shortcode qodef-m qodef-qi-section-title qodef-decoration--italic qodef-link--underline-draw qodef-subtitle-icon--left\">\n\t\t\t\t<h6 class=\"qodef-m-subtitle\">\n\t\tSmart Asset Investments\t\t\t<\/h6>\n\t\t\t<h2 class=\"qodef-m-title\">\n\t\tSablji\u0107i, Malinska\t<\/h2>\n\t\t\t<\/div>\n\t\t<\/div>\n\t\t\t\t<\/div>\n\t\t\t\t\t<\/div>\n\t\t<\/div>\n\t\t\t\t\t\t\t<\/div>\n\t\t<\/section>\n\t\t\t\t<section class=\"elementor-section elementor-top-section elementor-element elementor-element-4234a1a elementor-section-boxed elementor-section-height-default elementor-section-height-default qodef-elementor-content-no\" data-id=\"4234a1a\" data-element_type=\"section\">\n\t\t\t\t\t\t<div class=\"elementor-container elementor-column-gap-default\">\n\t\t\t\t\t<div class=\"elementor-column elementor-col-100 elementor-top-column elementor-element elementor-element-f934e97\" data-id=\"f934e97\" data-element_type=\"column\">\n\t\t\t<div class=\"elementor-widget-wrap elementor-element-populated\">\n\t\t\t\t\t\t\t\t<div class=\"elementor-element elementor-element-69ea5c9 elementor-widget elementor-widget-halstein_core_image_gallery\" data-id=\"69ea5c9\" data-element_type=\"widget\" data-widget_type=\"halstein_core_image_gallery.default\">\n\t\t\t\t<div class=\"elementor-widget-container\">\n\t\t\t<div class=\"qodef-shortcode qodef-m  qodef-image-gallery qodef-magnific-popup qodef-popup-gallery  qodef-grid qodef-layout--columns  qodef-gutter--normal qodef-col-num--3    qodef-responsive--predefined\">\n\t<div class=\"qodef-grid-inner clear\">\n\t\t\t<\/div>\n<\/div>\n\t\t<\/div>\n\t\t\t\t<\/div>\n\t\t\t\t\t<\/div>\n\t\t<\/div>\n\t\t\t\t\t\t\t<\/div>\n\t\t<\/section>\n\t\t\t\t<section class=\"elementor-section elementor-top-section elementor-element elementor-element-bd62d87 elementor-section-boxed elementor-section-height-default elementor-section-height-default qodef-elementor-content-no\" data-id=\"bd62d87\" data-element_type=\"section\">\n\t\t\t\t\t\t<div class=\"elementor-container elementor-column-gap-default\">\n\t\t\t\t\t<div class=\"elementor-column elementor-col-50 elementor-top-column elementor-element elementor-element-39d17bb\" data-id=\"39d17bb\" data-element_type=\"column\">\n\t\t\t<div class=\"elementor-widget-wrap elementor-element-populated\">\n\t\t\t\t\t\t\t\t<div class=\"elementor-element elementor-element-97488c1 elementor-widget elementor-widget-text-editor\" data-id=\"97488c1\" data-element_type=\"widget\" data-widget_type=\"text-editor.default\">\n\t\t\t\t<div class=\"elementor-widget-container\">\n\t\t\t<style>\/*! elementor - v3.16.0 - 17-10-2023 *\/\n.elementor-widget-text-editor.elementor-drop-cap-view-stacked .elementor-drop-cap{background-color:#69727d;color:#fff}.elementor-widget-text-editor.elementor-drop-cap-view-framed .elementor-drop-cap{color:#69727d;border:3px solid;background-color:transparent}.elementor-widget-text-editor:not(.elementor-drop-cap-view-default) .elementor-drop-cap{margin-top:8px}.elementor-widget-text-editor:not(.elementor-drop-cap-view-default) .elementor-drop-cap-letter{width:1em;height:1em}.elementor-widget-text-editor .elementor-drop-cap{float:left;text-align:center;line-height:1;font-size:50px}.elementor-widget-text-editor .elementor-drop-cap-letter{display:inline-block}<\/style>\t\t\t\t<p>Gre za ekskluzivno ponudbo, ki nudi izjemno prilo\u017enost za gradnjo stanovanjskega objekta na atraktivni lokaciji na otoku Krku.<\/p>\n<p>Na voljo je gradbeno zemlji\u0161\u010de velikosti<b> 802 m2,<\/b> ki se nahaja v mirnem okolju 2 km od centra Malinske in obale. Zemlji\u0161\u010de je lahko dostopno, z vso infrastrukturo v neposredni bli\u017eini. Nahaja se na lepi in mirni lokaciji s \u010dudovitim pogledom na morje iz vi\u0161ine prvega nadstropja. Poleg okoli\u0161ke zelene cone se v soseski nahajajo luksuzne vile z bazeni, ki dodatno popestrijo to idili\u010dno lokacijo.<\/p>\t\t\t\t\t\t<\/div>\n\t\t\t\t<\/div>\n\t\t\t\t\t<\/div>\n\t\t<\/div>\n\t\t\t\t<div class=\"elementor-column elementor-col-50 elementor-top-column elementor-element elementor-element-92304ee\" data-id=\"92304ee\" data-element_type=\"column\">\n\t\t\t<div class=\"elementor-widget-wrap elementor-element-populated\">\n\t\t\t\t\t\t\t\t<div class=\"elementor-element elementor-element-172fdb7 elementor-widget elementor-widget-image\" data-id=\"172fdb7\" data-element_type=\"widget\" data-widget_type=\"image.default\">\n\t\t\t\t<div class=\"elementor-widget-container\">\n\t\t\t<style>\/*! elementor - v3.16.0 - 17-10-2023 *\/\n.elementor-widget-image{text-align:center}.elementor-widget-image a{display:inline-block}.elementor-widget-image a img[src$=\".svg\"]{width:48px}.elementor-widget-image img{vertical-align:middle;display:inline-block}<\/style>\t\t\t\t\t\t\t\t\t\t\t\t<img loading=\"lazy\" decoding=\"async\" width=\"650\" height=\"650\" src=\"https:\/\/panoramagroup.hr\/wp-content\/uploads\/2024\/04\/Screenshot-2024-04-05-171434-e1712330334318-650x650.png\" class=\"attachment-qi_addons_for_elementor_image_size_square size-qi_addons_for_elementor_image_size_square wp-image-13028\" alt=\"\" srcset=\"https:\/\/panoramagroup.hr\/wp-content\/uploads\/2024\/04\/Screenshot-2024-04-05-171434-e1712330334318-650x650.png 650w, https:\/\/panoramagroup.hr\/wp-content\/uploads\/2024\/04\/Screenshot-2024-04-05-171434-e1712330334318-150x150.png 150w, https:\/\/panoramagroup.hr\/wp-content\/uploads\/2024\/04\/Screenshot-2024-04-05-171434-e1712330334318-12x12.png 12w\" sizes=\"auto, (max-width: 650px) 100vw, 650px\" \/>\t\t\t\t\t\t\t\t\t\t\t\t\t\t\t<\/div>\n\t\t\t\t<\/div>\n\t\t\t\t\t<\/div>\n\t\t<\/div>\n\t\t\t\t\t\t\t<\/div>\n\t\t<\/section>\n\t\t\t\t<section class=\"elementor-section elementor-top-section elementor-element elementor-element-1c9163b elementor-section-boxed elementor-section-height-default elementor-section-height-default qodef-elementor-content-no\" data-id=\"1c9163b\" data-element_type=\"section\">\n\t\t\t\t\t\t<div class=\"elementor-container elementor-column-gap-default\">\n\t\t\t\t\t<div class=\"elementor-column elementor-col-100 elementor-top-column elementor-element elementor-element-45146fb\" data-id=\"45146fb\" data-element_type=\"column\">\n\t\t\t<div class=\"elementor-widget-wrap elementor-element-populated\">\n\t\t\t\t\t\t\t\t<div class=\"elementor-element elementor-element-a74806a elementor-widget elementor-widget-qi_addons_for_elementor_section_title\" data-id=\"a74806a\" data-element_type=\"widget\" data-widget_type=\"qi_addons_for_elementor_section_title.default\">\n\t\t\t\t<div class=\"elementor-widget-container\">\n\t\t\t<div class=\"qodef-shortcode qodef-m qodef-qi-section-title qodef-decoration--italic qodef-link--underline-draw qodef-subtitle-icon--left\">\n\t\t\t<h2 class=\"qodef-m-title\">\n\t\tTrenutno stanje\t<\/h2>\n\t\t\t\t<h5 class=\"qodef-m-subtitle\">\n\t\tZazidljivo zemlji\u0161\u010de, 802 m2\t\t\t<\/h5>\n\t\t\t<\/div>\n\t\t<\/div>\n\t\t\t\t<\/div>\n\t\t\t\t\t<\/div>\n\t\t<\/div>\n\t\t\t\t\t\t\t<\/div>\n\t\t<\/section>\n\t\t\t\t<section class=\"elementor-section elementor-top-section elementor-element elementor-element-455b261 elementor-section-boxed elementor-section-height-default elementor-section-height-default qodef-elementor-content-no\" data-id=\"455b261\" data-element_type=\"section\">\n\t\t\t\t\t\t<div class=\"elementor-container elementor-column-gap-default\">\n\t\t\t\t\t<div class=\"elementor-column elementor-col-100 elementor-top-column elementor-element elementor-element-a49db78\" data-id=\"a49db78\" data-element_type=\"column\">\n\t\t\t<div class=\"elementor-widget-wrap elementor-element-populated\">\n\t\t\t\t\t\t\t\t<div class=\"elementor-element elementor-element-f36a90c elementor-widget elementor-widget-qi_addons_for_elementor_banner\" data-id=\"f36a90c\" data-element_type=\"widget\" data-widget_type=\"qi_addons_for_elementor_banner.default\">\n\t\t\t\t<div class=\"elementor-widget-container\">\n\t\t\t<div class=\"qodef-shortcode qodef-m qodef-qi-banner qodef-layout--standard qodef-vertical--top qodef-horizontal--left qodef-image--hover-zoom\">\n\t<div class=\"qodef-m-image\">\n\t<img loading=\"lazy\" decoding=\"async\" width=\"1300\" height=\"650\" src=\"https:\/\/panoramagroup.hr\/wp-content\/uploads\/2024\/04\/1684691259_dji_fly_20230519_094410_7_1684482496236_photo_optimized-2-1300x650.jpg\" class=\"attachment-qi_addons_for_elementor_image_size_landscape size-qi_addons_for_elementor_image_size_landscape\" alt=\"\" srcset=\"https:\/\/panoramagroup.hr\/wp-content\/uploads\/2024\/04\/1684691259_dji_fly_20230519_094410_7_1684482496236_photo_optimized-2-1300x650.jpg 1300w, https:\/\/panoramagroup.hr\/wp-content\/uploads\/2024\/04\/1684691259_dji_fly_20230519_094410_7_1684482496236_photo_optimized-2-18x10.jpg 18w\" sizes=\"auto, (max-width: 1300px) 100vw, 1300px\" \/><\/div>\n\t<div class=\"qodef-m-content\">\n\t\t<div class=\"qodef-m-content-inner\">\n\t\t\t\t\t\t\t\t\t\t\t\t\t\t<\/div>\n\t<\/div>\n\t<\/div>\n\t\t<\/div>\n\t\t\t\t<\/div>\n\t\t\t\t\t<\/div>\n\t\t<\/div>\n\t\t\t\t\t\t\t<\/div>\n\t\t<\/section>\n\t\t\t\t<section class=\"elementor-section elementor-top-section elementor-element elementor-element-6928996 elementor-section-boxed elementor-section-height-default elementor-section-height-default qodef-elementor-content-no\" data-id=\"6928996\" data-element_type=\"section\">\n\t\t\t\t\t\t<div class=\"elementor-container elementor-column-gap-default\">\n\t\t\t\t\t<div class=\"elementor-column elementor-col-100 elementor-top-column elementor-element elementor-element-a682f25\" data-id=\"a682f25\" data-element_type=\"column\">\n\t\t\t<div class=\"elementor-widget-wrap\">\n\t\t\t\t\t\t\t\t\t<\/div>\n\t\t<\/div>\n\t\t\t\t\t\t\t<\/div>\n\t\t<\/section>\n\t\t\t\t<section class=\"elementor-section elementor-top-section elementor-element elementor-element-e51eb33 elementor-section-boxed elementor-section-height-default elementor-section-height-default qodef-elementor-content-no\" data-id=\"e51eb33\" data-element_type=\"section\">\n\t\t\t\t\t\t<div class=\"elementor-container elementor-column-gap-default\">\n\t\t\t\t\t<div class=\"elementor-column elementor-col-100 elementor-top-column elementor-element elementor-element-08264a3\" data-id=\"08264a3\" data-element_type=\"column\">\n\t\t\t<div class=\"elementor-widget-wrap elementor-element-populated\">\n\t\t\t\t\t\t\t\t<div class=\"elementor-element elementor-element-8f8ad08 elementor-widget elementor-widget-qi_addons_for_elementor_section_title\" data-id=\"8f8ad08\" data-element_type=\"widget\" data-widget_type=\"qi_addons_for_elementor_section_title.default\">\n\t\t\t\t<div class=\"elementor-widget-container\">\n\t\t\t<div class=\"qodef-shortcode qodef-m qodef-qi-section-title qodef-decoration--italic qodef-link--underline-draw qodef-subtitle-icon--left\">\n\t\t\t<h2 class=\"qodef-m-title\">\n\t\tPredvideno stanje\t<\/h2>\n\t\t\t\t<h5 class=\"qodef-m-subtitle\">\n\t\tStanovanjski objekti\t\t\t<\/h5>\n\t\t\t<div class=\"qodef-m-text\"><p>Glede mo\u017enosti gradnje je najve\u010dja dovoljena vi\u0161ina objekta 2 nadzemni eta\u017ei oziroma 6,5 \u200b\u200bm do venca oziroma 8,5 m do slemena strehe, z mo\u017enostjo gradnje do 1 podzemne eta\u017ee. Lastni\u0161tvo zemlji\u0161\u010da je urejeno, brez bremen, parcela pa se nahaja znotraj gradbenega obmo\u010dja.<\/p><\/div>\n\t<\/div>\n\t\t<\/div>\n\t\t\t\t<\/div>\n\t\t\t\t<div class=\"elementor-element elementor-element-40899c5 elementor-widget elementor-widget-halstein_core_image_gallery\" data-id=\"40899c5\" data-element_type=\"widget\" data-widget_type=\"halstein_core_image_gallery.default\">\n\t\t\t\t<div class=\"elementor-widget-container\">\n\t\t\t<div class=\"qodef-shortcode qodef-m  qodef-image-gallery qodef-magnific-popup qodef-popup-gallery  qodef-grid qodef-layout--masonry  qodef-gutter--small qodef-col-num--3    qodef-responsive--predefined\">\n\t<div class=\"qodef-grid-inner clear\">\n\t\t\t<div class=\"qodef-grid-masonry-sizer\"><\/div>\n\t<div class=\"qodef-grid-masonry-gutter\"><\/div>\n<div class=\"qodef-e qodef-image-wrapper qodef-grid-item\">\n\t\t\t<a class=\"qodef-popup-item\" itemprop=\"image\" href=\"https:\/\/panoramagroup.hr\/wp-content\/uploads\/2024\/04\/Vanjsko-uklopljeno-1.png\" data-type=\"image\" title=\"\">\n\t\t\t<img loading=\"lazy\" decoding=\"async\" width=\"1024\" height=\"562\" src=\"https:\/\/panoramagroup.hr\/wp-content\/uploads\/2024\/04\/Vanjsko-uklopljeno-1-1024x562.png\" class=\"attachment-large size-large\" alt=\"\" srcset=\"https:\/\/panoramagroup.hr\/wp-content\/uploads\/2024\/04\/Vanjsko-uklopljeno-1-1024x562.png 1024w, https:\/\/panoramagroup.hr\/wp-content\/uploads\/2024\/04\/Vanjsko-uklopljeno-1-300x165.png 300w, https:\/\/panoramagroup.hr\/wp-content\/uploads\/2024\/04\/Vanjsko-uklopljeno-1-768x422.png 768w, https:\/\/panoramagroup.hr\/wp-content\/uploads\/2024\/04\/Vanjsko-uklopljeno-1-18x10.png 18w, https:\/\/panoramagroup.hr\/wp-content\/uploads\/2024\/04\/Vanjsko-uklopljeno-1.png 1311w\" sizes=\"auto, (max-width: 1024px) 100vw, 1024px\" \/>\t\t\t<\/a>\n\t<\/div>\n<div class=\"qodef-e qodef-image-wrapper qodef-grid-item\">\n\t\t\t<a class=\"qodef-popup-item\" itemprop=\"image\" href=\"https:\/\/panoramagroup.hr\/wp-content\/uploads\/2024\/04\/2.png\" data-type=\"image\" title=\"\">\n\t\t\t<img loading=\"lazy\" decoding=\"async\" width=\"1024\" height=\"576\" src=\"https:\/\/panoramagroup.hr\/wp-content\/uploads\/2024\/04\/2-1024x576.png\" class=\"attachment-large size-large\" alt=\"\" srcset=\"https:\/\/panoramagroup.hr\/wp-content\/uploads\/2024\/04\/2-1024x576.png 1024w, https:\/\/panoramagroup.hr\/wp-content\/uploads\/2024\/04\/2-300x169.png 300w, https:\/\/panoramagroup.hr\/wp-content\/uploads\/2024\/04\/2-768x432.png 768w, https:\/\/panoramagroup.hr\/wp-content\/uploads\/2024\/04\/2-1536x864.png 1536w, https:\/\/panoramagroup.hr\/wp-content\/uploads\/2024\/04\/2-18x10.png 18w, https:\/\/panoramagroup.hr\/wp-content\/uploads\/2024\/04\/2.png 2000w\" sizes=\"auto, (max-width: 1024px) 100vw, 1024px\" \/>\t\t\t<\/a>\n\t<\/div>\n<div class=\"qodef-e qodef-image-wrapper qodef-grid-item\">\n\t\t\t<a class=\"qodef-popup-item\" itemprop=\"image\" href=\"https:\/\/panoramagroup.hr\/wp-content\/uploads\/2024\/04\/a1.png\" data-type=\"image\" title=\"\">\n\t\t\t<img loading=\"lazy\" decoding=\"async\" width=\"1024\" height=\"576\" src=\"https:\/\/panoramagroup.hr\/wp-content\/uploads\/2024\/04\/a1-1024x576.png\" class=\"attachment-large size-large\" alt=\"\" srcset=\"https:\/\/panoramagroup.hr\/wp-content\/uploads\/2024\/04\/a1-1024x576.png 1024w, https:\/\/panoramagroup.hr\/wp-content\/uploads\/2024\/04\/a1-300x169.png 300w, https:\/\/panoramagroup.hr\/wp-content\/uploads\/2024\/04\/a1-768x432.png 768w, https:\/\/panoramagroup.hr\/wp-content\/uploads\/2024\/04\/a1-1536x864.png 1536w, https:\/\/panoramagroup.hr\/wp-content\/uploads\/2024\/04\/a1-18x10.png 18w, https:\/\/panoramagroup.hr\/wp-content\/uploads\/2024\/04\/a1.png 2000w\" sizes=\"auto, (max-width: 1024px) 100vw, 1024px\" \/>\t\t\t<\/a>\n\t<\/div>\n<div class=\"qodef-e qodef-image-wrapper qodef-grid-item\">\n\t\t\t<a class=\"qodef-popup-item\" itemprop=\"image\" href=\"https:\/\/panoramagroup.hr\/wp-content\/uploads\/2024\/04\/1-1.png\" data-type=\"image\" title=\"\">\n\t\t\t<img loading=\"lazy\" decoding=\"async\" width=\"1024\" height=\"576\" src=\"https:\/\/panoramagroup.hr\/wp-content\/uploads\/2024\/04\/1-1-1024x576.png\" class=\"attachment-large size-large\" alt=\"\" srcset=\"https:\/\/panoramagroup.hr\/wp-content\/uploads\/2024\/04\/1-1-1024x576.png 1024w, https:\/\/panoramagroup.hr\/wp-content\/uploads\/2024\/04\/1-1-300x169.png 300w, https:\/\/panoramagroup.hr\/wp-content\/uploads\/2024\/04\/1-1-768x432.png 768w, https:\/\/panoramagroup.hr\/wp-content\/uploads\/2024\/04\/1-1-1536x864.png 1536w, https:\/\/panoramagroup.hr\/wp-content\/uploads\/2024\/04\/1-1-18x10.png 18w, https:\/\/panoramagroup.hr\/wp-content\/uploads\/2024\/04\/1-1.png 2000w\" sizes=\"auto, (max-width: 1024px) 100vw, 1024px\" \/>\t\t\t<\/a>\n\t<\/div>\n<div class=\"qodef-e qodef-image-wrapper qodef-grid-item\">\n\t\t\t<a class=\"qodef-popup-item\" itemprop=\"image\" href=\"https:\/\/panoramagroup.hr\/wp-content\/uploads\/2024\/04\/3.png\" data-type=\"image\" title=\"\">\n\t\t\t<img loading=\"lazy\" decoding=\"async\" width=\"1024\" height=\"576\" src=\"https:\/\/panoramagroup.hr\/wp-content\/uploads\/2024\/04\/3-1024x576.png\" class=\"attachment-large size-large\" alt=\"\" srcset=\"https:\/\/panoramagroup.hr\/wp-content\/uploads\/2024\/04\/3-1024x576.png 1024w, https:\/\/panoramagroup.hr\/wp-content\/uploads\/2024\/04\/3-300x169.png 300w, https:\/\/panoramagroup.hr\/wp-content\/uploads\/2024\/04\/3-768x432.png 768w, https:\/\/panoramagroup.hr\/wp-content\/uploads\/2024\/04\/3-1536x864.png 1536w, https:\/\/panoramagroup.hr\/wp-content\/uploads\/2024\/04\/3-18x10.png 18w, https:\/\/panoramagroup.hr\/wp-content\/uploads\/2024\/04\/3.png 2000w\" sizes=\"auto, (max-width: 1024px) 100vw, 1024px\" \/>\t\t\t<\/a>\n\t<\/div>\n<div class=\"qodef-e qodef-image-wrapper qodef-grid-item\">\n\t\t\t<a class=\"qodef-popup-item\" itemprop=\"image\" href=\"https:\/\/panoramagroup.hr\/wp-content\/uploads\/2024\/04\/a3-1.png\" data-type=\"image\" title=\"\">\n\t\t\t<img loading=\"lazy\" decoding=\"async\" width=\"1024\" height=\"576\" src=\"https:\/\/panoramagroup.hr\/wp-content\/uploads\/2024\/04\/a3-1-1024x576.png\" class=\"attachment-large size-large\" alt=\"\" srcset=\"https:\/\/panoramagroup.hr\/wp-content\/uploads\/2024\/04\/a3-1-1024x576.png 1024w, https:\/\/panoramagroup.hr\/wp-content\/uploads\/2024\/04\/a3-1-300x169.png 300w, https:\/\/panoramagroup.hr\/wp-content\/uploads\/2024\/04\/a3-1-768x432.png 768w, https:\/\/panoramagroup.hr\/wp-content\/uploads\/2024\/04\/a3-1-1536x864.png 1536w, https:\/\/panoramagroup.hr\/wp-content\/uploads\/2024\/04\/a3-1-18x10.png 18w, https:\/\/panoramagroup.hr\/wp-content\/uploads\/2024\/04\/a3-1.png 2000w\" sizes=\"auto, (max-width: 1024px) 100vw, 1024px\" \/>\t\t\t<\/a>\n\t<\/div>\n<div class=\"qodef-e qodef-image-wrapper qodef-grid-item\">\n\t\t\t<a class=\"qodef-popup-item\" itemprop=\"image\" href=\"https:\/\/panoramagroup.hr\/wp-content\/uploads\/2024\/04\/a2-1.png\" data-type=\"image\" title=\"\">\n\t\t\t<img loading=\"lazy\" decoding=\"async\" width=\"1024\" height=\"576\" src=\"https:\/\/panoramagroup.hr\/wp-content\/uploads\/2024\/04\/a2-1-1024x576.png\" class=\"attachment-large size-large\" alt=\"\" srcset=\"https:\/\/panoramagroup.hr\/wp-content\/uploads\/2024\/04\/a2-1-1024x576.png 1024w, https:\/\/panoramagroup.hr\/wp-content\/uploads\/2024\/04\/a2-1-300x169.png 300w, https:\/\/panoramagroup.hr\/wp-content\/uploads\/2024\/04\/a2-1-768x432.png 768w, https:\/\/panoramagroup.hr\/wp-content\/uploads\/2024\/04\/a2-1-1536x864.png 1536w, https:\/\/panoramagroup.hr\/wp-content\/uploads\/2024\/04\/a2-1-18x10.png 18w, https:\/\/panoramagroup.hr\/wp-content\/uploads\/2024\/04\/a2-1.png 2000w\" sizes=\"auto, (max-width: 1024px) 100vw, 1024px\" \/>\t\t\t<\/a>\n\t<\/div>\n<div class=\"qodef-e qodef-image-wrapper qodef-grid-item\">\n\t\t\t<a class=\"qodef-popup-item\" itemprop=\"image\" href=\"https:\/\/panoramagroup.hr\/wp-content\/uploads\/2024\/04\/a4-8.png\" data-type=\"image\" title=\"\">\n\t\t\t<img loading=\"lazy\" decoding=\"async\" width=\"1024\" height=\"576\" src=\"https:\/\/panoramagroup.hr\/wp-content\/uploads\/2024\/04\/a4-8-1024x576.png\" class=\"attachment-large size-large\" alt=\"\" srcset=\"https:\/\/panoramagroup.hr\/wp-content\/uploads\/2024\/04\/a4-8-1024x576.png 1024w, https:\/\/panoramagroup.hr\/wp-content\/uploads\/2024\/04\/a4-8-300x169.png 300w, https:\/\/panoramagroup.hr\/wp-content\/uploads\/2024\/04\/a4-8-768x432.png 768w, https:\/\/panoramagroup.hr\/wp-content\/uploads\/2024\/04\/a4-8-1536x864.png 1536w, https:\/\/panoramagroup.hr\/wp-content\/uploads\/2024\/04\/a4-8-18x10.png 18w, https:\/\/panoramagroup.hr\/wp-content\/uploads\/2024\/04\/a4-8.png 2000w\" sizes=\"auto, (max-width: 1024px) 100vw, 1024px\" \/>\t\t\t<\/a>\n\t<\/div>\n<div class=\"qodef-e qodef-image-wrapper qodef-grid-item\">\n\t\t\t<a class=\"qodef-popup-item\" itemprop=\"image\" href=\"https:\/\/panoramagroup.hr\/wp-content\/uploads\/2024\/04\/4-1.png\" data-type=\"image\" title=\"\">\n\t\t\t<img loading=\"lazy\" decoding=\"async\" width=\"1024\" height=\"576\" src=\"https:\/\/panoramagroup.hr\/wp-content\/uploads\/2024\/04\/4-1-1024x576.png\" class=\"attachment-large size-large\" alt=\"\" srcset=\"https:\/\/panoramagroup.hr\/wp-content\/uploads\/2024\/04\/4-1-1024x576.png 1024w, https:\/\/panoramagroup.hr\/wp-content\/uploads\/2024\/04\/4-1-300x169.png 300w, https:\/\/panoramagroup.hr\/wp-content\/uploads\/2024\/04\/4-1-768x432.png 768w, https:\/\/panoramagroup.hr\/wp-content\/uploads\/2024\/04\/4-1-1536x864.png 1536w, https:\/\/panoramagroup.hr\/wp-content\/uploads\/2024\/04\/4-1-18x10.png 18w, https:\/\/panoramagroup.hr\/wp-content\/uploads\/2024\/04\/4-1.png 2000w\" sizes=\"auto, (max-width: 1024px) 100vw, 1024px\" \/>\t\t\t<\/a>\n\t<\/div>\n\t<\/div>\n<\/div>\n\t\t<\/div>\n\t\t\t\t<\/div>\n\t\t\t\t\t<\/div>\n\t\t<\/div>\n\t\t\t\t\t\t\t<\/div>\n\t\t<\/section>\n\t\t\t\t<section class=\"elementor-section elementor-top-section elementor-element elementor-element-ffb0e1e elementor-section-boxed elementor-section-height-default elementor-section-height-default qodef-elementor-content-no\" data-id=\"ffb0e1e\" data-element_type=\"section\">\n\t\t\t\t\t\t<div class=\"elementor-container elementor-column-gap-default\">\n\t\t\t\t\t<div class=\"elementor-column elementor-col-100 elementor-top-column elementor-element elementor-element-5f054c5\" data-id=\"5f054c5\" data-element_type=\"column\">\n\t\t\t<div class=\"elementor-widget-wrap elementor-element-populated\">\n\t\t\t\t\t\t\t\t<div class=\"elementor-element elementor-element-dd82796 elementor-widget elementor-widget-spacer\" data-id=\"dd82796\" data-element_type=\"widget\" data-widget_type=\"spacer.default\">\n\t\t\t\t<div class=\"elementor-widget-container\">\n\t\t\t<style>\/*! elementor - v3.16.0 - 17-10-2023 *\/\n.elementor-column .elementor-spacer-inner{height:var(--spacer-size)}.e-con{--container-widget-width:100%}.e-con-inner>.elementor-widget-spacer,.e-con>.elementor-widget-spacer{width:var(--container-widget-width,var(--spacer-size));--align-self:var(--container-widget-align-self,initial);--flex-shrink:0}.e-con-inner>.elementor-widget-spacer>.elementor-widget-container,.e-con>.elementor-widget-spacer>.elementor-widget-container{height:100%;width:100%}.e-con-inner>.elementor-widget-spacer>.elementor-widget-container>.elementor-spacer,.e-con>.elementor-widget-spacer>.elementor-widget-container>.elementor-spacer{height:100%}.e-con-inner>.elementor-widget-spacer>.elementor-widget-container>.elementor-spacer>.elementor-spacer-inner,.e-con>.elementor-widget-spacer>.elementor-widget-container>.elementor-spacer>.elementor-spacer-inner{height:var(--container-widget-height,var(--spacer-size))}.e-con-inner>.elementor-widget-spacer.elementor-widget-empty,.e-con>.elementor-widget-spacer.elementor-widget-empty{position:relative;min-height:22px;min-width:22px}.e-con-inner>.elementor-widget-spacer.elementor-widget-empty .elementor-widget-empty-icon,.e-con>.elementor-widget-spacer.elementor-widget-empty .elementor-widget-empty-icon{position:absolute;top:0;bottom:0;left:0;right:0;margin:auto;padding:0;width:22px;height:22px}<\/style>\t\t<div class=\"elementor-spacer\">\n\t\t\t<div class=\"elementor-spacer-inner\"><\/div>\n\t\t<\/div>\n\t\t\t\t<\/div>\n\t\t\t\t<\/div>\n\t\t\t\t\t<\/div>\n\t\t<\/div>\n\t\t\t\t\t\t\t<\/div>\n\t\t<\/section>\n\t\t\t\t<section class=\"elementor-section elementor-top-section elementor-element elementor-element-76a2219 elementor-section-boxed elementor-section-height-default elementor-section-height-default qodef-elementor-content-no\" data-id=\"76a2219\" data-element_type=\"section\">\n\t\t\t\t\t\t<div class=\"elementor-container elementor-column-gap-default\">\n\t\t\t\t\t\t\t\t<\/div>\n\t\t<\/section>\n\t\t\t\t\t\t\t<\/div>","protected":false},"excerpt":{"rendered":"<p>Smart Asset Investments Sablji\u0107i, Malinska Ovo je ekskluzivna ponuda koja pru\u017ea izvanrednu priliku za izgradnju stambenog objekta na atraktivnoj lokaciji na otoku Krku. Na raspolaganju je gra\u0111evinsko zemlji\u0161te veli\u010dine 802 m2, smje\u0161teno u mirnom okru\u017eenju udaljenom 2 km od centra Malinske i obale. Zemlji\u0161te je lako dostupno, s kompletnom infrastrukturom u neposrednoj blizini. Nalazi se [&hellip;]<\/p>","protected":false},"author":1,"featured_media":0,"parent":0,"menu_order":0,"comment_status":"closed","ping_status":"closed","template":"","meta":{"content-type":"","om_disable_all_campaigns":false,"_monsterinsights_skip_tracking":false,"_monsterinsights_sitenote_active":false,"_monsterinsights_sitenote_note":"","_monsterinsights_sitenote_category":0,"_uf_show_specific_survey":0,"_uf_disable_surveys":false,"footnotes":""},"class_list":["post-13011","page","type-page","status-publish","hentry"],"aioseo_notices":[],"_links":{"self":[{"href":"https:\/\/panoramagroup.hr\/sl\/wp-json\/wp\/v2\/pages\/13011","targetHints":{"allow":["GET"]}}],"collection":[{"href":"https:\/\/panoramagroup.hr\/sl\/wp-json\/wp\/v2\/pages"}],"about":[{"href":"https:\/\/panoramagroup.hr\/sl\/wp-json\/wp\/v2\/types\/page"}],"author":[{"embeddable":true,"href":"https:\/\/panoramagroup.hr\/sl\/wp-json\/wp\/v2\/users\/1"}],"replies":[{"embeddable":true,"href":"https:\/\/panoramagroup.hr\/sl\/wp-json\/wp\/v2\/comments?post=13011"}],"version-history":[{"count":23,"href":"https:\/\/panoramagroup.hr\/sl\/wp-json\/wp\/v2\/pages\/13011\/revisions"}],"predecessor-version":[{"id":13659,"href":"https:\/\/panoramagroup.hr\/sl\/wp-json\/wp\/v2\/pages\/13011\/revisions\/13659"}],"wp:attachment":[{"href":"https:\/\/panoramagroup.hr\/sl\/wp-json\/wp\/v2\/media?parent=13011"}],"curies":[{"name":"wp","href":"https:\/\/api.w.org\/{rel}","templated":true}]}}